{"id":1459,"date":"2022-04-07T16:12:18","date_gmt":"2022-04-07T14:12:18","guid":{"rendered":"https:\/\/legrenierdelatour.be\/brocante\/?post_type=product&#038;p=1459"},"modified":"2022-05-19T13:10:27","modified_gmt":"2022-05-19T11:10:27","slug":"carreaux-en-terre-cuite-cerf-vdg","status":"publish","type":"product","link":"https:\/\/legrenierdelatour.be\/brocante\/produit\/carreaux-en-terre-cuite-cerf-vdg\/","title":{"rendered":"Carreaux en terre cuite \u00ab\u00a0Cerf\u00a0\u00bb VDG"},"content":{"rendered":"<p>Quatre carreaux en terre cuite non vernie (11&#215;11 cm) produits par les Poteries Van der Gucht (VDG) (depuis 1870) \u00e0 Temse en Belgique, sans doute dans les ann\u00e9es 1960-70.<\/p>\n<p>Ces carreaux sont vendus \u00e0 la pi\u00e8ce au prix de 5\u20ac.<\/p>\n<p>R\u00e9f 2.48<\/p>\n","protected":false},"excerpt":{"rendered":"<p>Quatre carreaux en terre cuite non vernie (11&#215;11 cm) produits par les Poteries Van der Gucht (VDG) (depuis 1870) \u00e0 Temse en Belgique, sans doute dans les ann\u00e9es 1960-70. Ces carreaux sont vendus \u00e0 la pi\u00e8ce au prix de 5\u20ac. R\u00e9f 2.48<\/p>\n","protected":false},"featured_media":1417,"comment_status":"open","ping_status":"closed","template":"","meta":{"neve_meta_sidebar":"","neve_meta_container":"","neve_meta_enable_content_width":"off","neve_meta_content_width":100,"neve_meta_title_alignment":"","neve_meta_author_avatar":"","neve_post_elements_order":"","neve_meta_disable_header":"","neve_meta_disable_footer":"","neve_meta_disable_title":""},"product_brand":[],"product_cat":[37,16,171],"product_tag":[40],"class_list":{"0":"post-1459","1":"product","2":"type-product","3":"status-publish","4":"has-post-thumbnail","6":"product_cat-belgique","7":"product_cat-ceramique","8":"product_cat-jeux-et-jardin","9":"product_tag-belgique","11":"first","12":"instock","13":"shipping-taxable","14":"purchasable","15":"product-type-simple"},"_links":{"self":[{"href":"https:\/\/legrenierdelatour.be\/brocante\/wp-json\/wp\/v2\/product\/1459","targetHints":{"allow":["GET"]}}],"collection":[{"href":"https:\/\/legrenierdelatour.be\/brocante\/wp-json\/wp\/v2\/product"}],"about":[{"href":"https:\/\/legrenierdelatour.be\/brocante\/wp-json\/wp\/v2\/types\/product"}],"replies":[{"embeddable":true,"href":"https:\/\/legrenierdelatour.be\/brocante\/wp-json\/wp\/v2\/comments?post=1459"}],"wp:featuredmedia":[{"embeddable":true,"href":"https:\/\/legrenierdelatour.be\/brocante\/wp-json\/wp\/v2\/media\/1417"}],"wp:attachment":[{"href":"https:\/\/legrenierdelatour.be\/brocante\/wp-json\/wp\/v2\/media?parent=1459"}],"wp:term":[{"taxonomy":"product_brand","embeddable":true,"href":"https:\/\/legrenierdelatour.be\/brocante\/wp-json\/wp\/v2\/product_brand?post=1459"},{"taxonomy":"product_cat","embeddable":true,"href":"https:\/\/legrenierdelatour.be\/brocante\/wp-json\/wp\/v2\/product_cat?post=1459"},{"taxonomy":"product_tag","embeddable":true,"href":"https:\/\/legrenierdelatour.be\/brocante\/wp-json\/wp\/v2\/product_tag?post=1459"}],"curies":[{"name":"wp","href":"https:\/\/api.w.org\/{rel}","templated":true}]}}