{"id":1456,"date":"2022-04-07T13:55:13","date_gmt":"2022-04-07T11:55:13","guid":{"rendered":"https:\/\/legrenierdelatour.be\/brocante\/?post_type=product&#038;p=1456"},"modified":"2022-05-19T13:11:39","modified_gmt":"2022-05-19T11:11:39","slug":"statuette-dun-skieur-en-biscuit","status":"publish","type":"product","link":"https:\/\/legrenierdelatour.be\/brocante\/produit\/statuette-dun-skieur-en-biscuit\/","title":{"rendered":"Statuette d&rsquo;un skieur en biscuit"},"content":{"rendered":"<p>Statuette (16 cm de haut) en biscuit repr\u00e9sentant un gamin skieur. En tr\u00e8s bon \u00e9tat g\u00e9n\u00e9ral, il n&rsquo;a pas de marque visible, mais pourrait avoir \u00e9t\u00e9 produit dans les ann\u00e9es 1950-60 en Allemagne.<\/p>\n<p>R\u00e9f 4.118<\/p>\n","protected":false},"excerpt":{"rendered":"<p>Statuette (16 cm de haut) en biscuit repr\u00e9sentant un gamin skieur. En tr\u00e8s bon \u00e9tat g\u00e9n\u00e9ral, il n&rsquo;a pas de marque visible, mais pourrait avoir \u00e9t\u00e9 produit dans les ann\u00e9es 1950-60 en Allemagne. R\u00e9f 4.118<\/p>\n","protected":false},"featured_media":1428,"comment_status":"open","ping_status":"closed","template":"","meta":{"neve_meta_sidebar":"","neve_meta_container":"","neve_meta_enable_content_width":"off","neve_meta_content_width":100,"neve_meta_title_alignment":"","neve_meta_author_avatar":"","neve_post_elements_order":"","neve_meta_disable_header":"","neve_meta_disable_footer":"","neve_meta_disable_title":""},"product_brand":[],"product_cat":[48,16,167],"product_tag":[79,74,28],"class_list":{"0":"post-1456","1":"product","2":"type-product","3":"status-publish","4":"has-post-thumbnail","6":"product_cat-allemagne","7":"product_cat-ceramique","8":"product_cat-peintures-et-sculptures","9":"product_tag-art","10":"product_tag-porcelaine","11":"product_tag-vintage","13":"first","14":"instock","15":"shipping-taxable","16":"purchasable","17":"product-type-simple"},"_links":{"self":[{"href":"https:\/\/legrenierdelatour.be\/brocante\/wp-json\/wp\/v2\/product\/1456","targetHints":{"allow":["GET"]}}],"collection":[{"href":"https:\/\/legrenierdelatour.be\/brocante\/wp-json\/wp\/v2\/product"}],"about":[{"href":"https:\/\/legrenierdelatour.be\/brocante\/wp-json\/wp\/v2\/types\/product"}],"replies":[{"embeddable":true,"href":"https:\/\/legrenierdelatour.be\/brocante\/wp-json\/wp\/v2\/comments?post=1456"}],"wp:featuredmedia":[{"embeddable":true,"href":"https:\/\/legrenierdelatour.be\/brocante\/wp-json\/wp\/v2\/media\/1428"}],"wp:attachment":[{"href":"https:\/\/legrenierdelatour.be\/brocante\/wp-json\/wp\/v2\/media?parent=1456"}],"wp:term":[{"taxonomy":"product_brand","embeddable":true,"href":"https:\/\/legrenierdelatour.be\/brocante\/wp-json\/wp\/v2\/product_brand?post=1456"},{"taxonomy":"product_cat","embeddable":true,"href":"https:\/\/legrenierdelatour.be\/brocante\/wp-json\/wp\/v2\/product_cat?post=1456"},{"taxonomy":"product_tag","embeddable":true,"href":"https:\/\/legrenierdelatour.be\/brocante\/wp-json\/wp\/v2\/product_tag?post=1456"}],"curies":[{"name":"wp","href":"https:\/\/api.w.org\/{rel}","templated":true}]}}