{"id":141,"date":"2022-02-10T08:52:59","date_gmt":"2022-02-10T07:52:59","guid":{"rendered":"https:\/\/legrenierdelatour.be\/brocante\/?post_type=product&#038;p=141"},"modified":"2022-05-19T17:45:00","modified_gmt":"2022-05-19T15:45:00","slug":"assiettes-les-4-saisons-de-henri-mouzin-villeroy-et-boch-mettlach","status":"publish","type":"product","link":"https:\/\/legrenierdelatour.be\/brocante\/produit\/assiettes-les-4-saisons-de-henri-mouzin-villeroy-et-boch-mettlach\/","title":{"rendered":"Assiettes \u00ab\u00a0Les 4 saisons\u00a0\u00bb de Henri Mouzin, Villeroy et Boch Mettlach"},"content":{"rendered":"<p>Assiettes octogonales de d\u00e9coration repr\u00e9sentant les \u00ab\u00a04 saisons\u00a0\u00bb d&rsquo;apr\u00e8s une gravure de Henri Mouzin (1827), et produite par Villeroy et Boch \u00e0 Mettlach. L&rsquo;assiette repr\u00e9sentant l&rsquo;hiver est \u00e9br\u00e9ch\u00e9e. 21 cm de diam\u00e8tre.<\/p>\n<p>Ref 1.1<\/p>\n","protected":false},"excerpt":{"rendered":"<p>Assiettes octogonales de d\u00e9coration repr\u00e9sentant les \u00ab\u00a04 saisons\u00a0\u00bb d&rsquo;apr\u00e8s une gravure de Henri Mouzin (1827), et produite par Villeroy et Boch \u00e0 Mettlach. L&rsquo;assiette repr\u00e9sentant l&rsquo;hiver est \u00e9br\u00e9ch\u00e9e. 21 cm de diam\u00e8tre. Ref 1.1<\/p>\n","protected":false},"featured_media":143,"comment_status":"open","ping_status":"closed","template":"","meta":{"neve_meta_sidebar":"","neve_meta_container":"","neve_meta_enable_content_width":"off","neve_meta_content_width":100,"neve_meta_title_alignment":"","neve_meta_author_avatar":"","neve_post_elements_order":"","neve_meta_disable_header":"","neve_meta_disable_footer":"","neve_meta_disable_title":""},"product_brand":[],"product_cat":[15,48,16,29],"product_tag":[19,33,32],"class_list":{"0":"post-141","1":"product","2":"type-product","3":"status-publish","4":"has-post-thumbnail","6":"product_cat-non-classe","7":"product_cat-allemagne","8":"product_cat-ceramique","9":"product_cat-villeroy-boch","10":"product_tag-faience","11":"product_tag-mettlach","12":"product_tag-villeroy-et-boch","14":"first","15":"instock","16":"shipping-taxable","17":"purchasable","18":"product-type-simple"},"_links":{"self":[{"href":"https:\/\/legrenierdelatour.be\/brocante\/wp-json\/wp\/v2\/product\/141","targetHints":{"allow":["GET"]}}],"collection":[{"href":"https:\/\/legrenierdelatour.be\/brocante\/wp-json\/wp\/v2\/product"}],"about":[{"href":"https:\/\/legrenierdelatour.be\/brocante\/wp-json\/wp\/v2\/types\/product"}],"replies":[{"embeddable":true,"href":"https:\/\/legrenierdelatour.be\/brocante\/wp-json\/wp\/v2\/comments?post=141"}],"wp:featuredmedia":[{"embeddable":true,"href":"https:\/\/legrenierdelatour.be\/brocante\/wp-json\/wp\/v2\/media\/143"}],"wp:attachment":[{"href":"https:\/\/legrenierdelatour.be\/brocante\/wp-json\/wp\/v2\/media?parent=141"}],"wp:term":[{"taxonomy":"product_brand","embeddable":true,"href":"https:\/\/legrenierdelatour.be\/brocante\/wp-json\/wp\/v2\/product_brand?post=141"},{"taxonomy":"product_cat","embeddable":true,"href":"https:\/\/legrenierdelatour.be\/brocante\/wp-json\/wp\/v2\/product_cat?post=141"},{"taxonomy":"product_tag","embeddable":true,"href":"https:\/\/legrenierdelatour.be\/brocante\/wp-json\/wp\/v2\/product_tag?post=141"}],"curies":[{"name":"wp","href":"https:\/\/api.w.org\/{rel}","templated":true}]}}