{"id":1408,"date":"2022-04-07T11:56:58","date_gmt":"2022-04-07T09:56:58","guid":{"rendered":"https:\/\/legrenierdelatour.be\/brocante\/?post_type=product&#038;p=1408"},"modified":"2022-05-19T13:17:32","modified_gmt":"2022-05-19T11:17:32","slug":"polaroid-ee44","status":"publish","type":"product","link":"https:\/\/legrenierdelatour.be\/brocante\/produit\/polaroid-ee44\/","title":{"rendered":"Polaro\u00efd EE44"},"content":{"rendered":"<p>Appareil photo Polaro\u00efd en tr\u00e8s bon \u00e9tat g\u00e9n\u00e9ral, dans sa bo\u00eete d&rsquo;origine, avec mode d&#8217;emploi et attestation d&rsquo;achat (28 mai 1977). Le fonctionnement est \u00e0 tester. Cet appareil a \u00e9t\u00e9 produit par la soci\u00e9t\u00e9 Polaro\u00efd (1937-?) dans les ann\u00e9es 1976 et 1977.<\/p>\n<p>R\u00e9f 1.130<\/p>\n","protected":false},"excerpt":{"rendered":"<p>Appareil photo Polaro\u00efd en tr\u00e8s bon \u00e9tat g\u00e9n\u00e9ral, dans sa bo\u00eete d&rsquo;origine, avec mode d&#8217;emploi et attestation d&rsquo;achat (28 mai 1977). Le fonctionnement est \u00e0 tester. Cet appareil a \u00e9t\u00e9 produit par la soci\u00e9t\u00e9 Polaro\u00efd (1937-?) dans les ann\u00e9es 1976 et 1977. R\u00e9f 1.130<\/p>\n","protected":false},"featured_media":1348,"comment_status":"open","ping_status":"closed","template":"","meta":{"neve_meta_sidebar":"","neve_meta_container":"","neve_meta_enable_content_width":"off","neve_meta_content_width":100,"neve_meta_title_alignment":"","neve_meta_author_avatar":"","neve_post_elements_order":"","neve_meta_disable_header":"","neve_meta_disable_footer":"","neve_meta_disable_title":""},"product_brand":[],"product_cat":[15,183,171],"product_tag":[28],"class_list":{"0":"post-1408","1":"product","2":"type-product","3":"status-publish","4":"has-post-thumbnail","6":"product_cat-non-classe","7":"product_cat-bureau-et-fumoir","8":"product_cat-jeux-et-jardin","9":"product_tag-vintage","11":"first","12":"instock","13":"shipping-taxable","14":"purchasable","15":"product-type-simple"},"_links":{"self":[{"href":"https:\/\/legrenierdelatour.be\/brocante\/wp-json\/wp\/v2\/product\/1408","targetHints":{"allow":["GET"]}}],"collection":[{"href":"https:\/\/legrenierdelatour.be\/brocante\/wp-json\/wp\/v2\/product"}],"about":[{"href":"https:\/\/legrenierdelatour.be\/brocante\/wp-json\/wp\/v2\/types\/product"}],"replies":[{"embeddable":true,"href":"https:\/\/legrenierdelatour.be\/brocante\/wp-json\/wp\/v2\/comments?post=1408"}],"wp:featuredmedia":[{"embeddable":true,"href":"https:\/\/legrenierdelatour.be\/brocante\/wp-json\/wp\/v2\/media\/1348"}],"wp:attachment":[{"href":"https:\/\/legrenierdelatour.be\/brocante\/wp-json\/wp\/v2\/media?parent=1408"}],"wp:term":[{"taxonomy":"product_brand","embeddable":true,"href":"https:\/\/legrenierdelatour.be\/brocante\/wp-json\/wp\/v2\/product_brand?post=1408"},{"taxonomy":"product_cat","embeddable":true,"href":"https:\/\/legrenierdelatour.be\/brocante\/wp-json\/wp\/v2\/product_cat?post=1408"},{"taxonomy":"product_tag","embeddable":true,"href":"https:\/\/legrenierdelatour.be\/brocante\/wp-json\/wp\/v2\/product_tag?post=1408"}],"curies":[{"name":"wp","href":"https:\/\/api.w.org\/{rel}","templated":true}]}}