{"id":1407,"date":"2022-04-07T11:52:10","date_gmt":"2022-04-07T09:52:10","guid":{"rendered":"https:\/\/legrenierdelatour.be\/brocante\/?post_type=product&#038;p=1407"},"modified":"2022-05-19T13:21:58","modified_gmt":"2022-05-19T11:21:58","slug":"encrier-en-corne-et-argent","status":"publish","type":"product","link":"https:\/\/legrenierdelatour.be\/brocante\/produit\/encrier-en-corne-et-argent\/","title":{"rendered":"Encrier en corne et argent"},"content":{"rendered":"<p>Bel encrier (17X11X8 cm) en corne compos\u00e9 d&rsquo;un reposoir en corne et de l&rsquo;encrier proprement dit en verre garni d&rsquo;argent. En tr\u00e8s bel \u00e9tat, il repose sur 4 petits pieds m\u00e9talliques et date sans doute du d\u00e9but du XX\u00e8 si\u00e8cle.<\/p>\n<p>R\u00e9f 3.25<\/p>\n","protected":false},"excerpt":{"rendered":"<p>Bel encrier (17X11X8 cm) en corne compos\u00e9 d&rsquo;un reposoir en corne et de l&rsquo;encrier proprement dit en verre garni d&rsquo;argent. En tr\u00e8s bel \u00e9tat, il repose sur 4 petits pieds m\u00e9talliques et date sans doute du d\u00e9but du XX\u00e8 si\u00e8cle. R\u00e9f 3.25<\/p>\n","protected":false},"featured_media":1353,"comment_status":"open","ping_status":"closed","template":"","meta":{"neve_meta_sidebar":"","neve_meta_container":"","neve_meta_enable_content_width":"off","neve_meta_content_width":100,"neve_meta_title_alignment":"","neve_meta_author_avatar":"","neve_post_elements_order":"","neve_meta_disable_header":"","neve_meta_disable_footer":"","neve_meta_disable_title":""},"product_brand":[],"product_cat":[15,183,109],"product_tag":[122],"class_list":{"0":"post-1407","1":"product","2":"type-product","3":"status-publish","4":"has-post-thumbnail","6":"product_cat-non-classe","7":"product_cat-bureau-et-fumoir","8":"product_cat-metal","9":"product_tag-bureau","11":"first","12":"instock","13":"shipping-taxable","14":"purchasable","15":"product-type-simple"},"_links":{"self":[{"href":"https:\/\/legrenierdelatour.be\/brocante\/wp-json\/wp\/v2\/product\/1407","targetHints":{"allow":["GET"]}}],"collection":[{"href":"https:\/\/legrenierdelatour.be\/brocante\/wp-json\/wp\/v2\/product"}],"about":[{"href":"https:\/\/legrenierdelatour.be\/brocante\/wp-json\/wp\/v2\/types\/product"}],"replies":[{"embeddable":true,"href":"https:\/\/legrenierdelatour.be\/brocante\/wp-json\/wp\/v2\/comments?post=1407"}],"wp:featuredmedia":[{"embeddable":true,"href":"https:\/\/legrenierdelatour.be\/brocante\/wp-json\/wp\/v2\/media\/1353"}],"wp:attachment":[{"href":"https:\/\/legrenierdelatour.be\/brocante\/wp-json\/wp\/v2\/media?parent=1407"}],"wp:term":[{"taxonomy":"product_brand","embeddable":true,"href":"https:\/\/legrenierdelatour.be\/brocante\/wp-json\/wp\/v2\/product_brand?post=1407"},{"taxonomy":"product_cat","embeddable":true,"href":"https:\/\/legrenierdelatour.be\/brocante\/wp-json\/wp\/v2\/product_cat?post=1407"},{"taxonomy":"product_tag","embeddable":true,"href":"https:\/\/legrenierdelatour.be\/brocante\/wp-json\/wp\/v2\/product_tag?post=1407"}],"curies":[{"name":"wp","href":"https:\/\/api.w.org\/{rel}","templated":true}]}}