{"id":1405,"date":"2022-04-07T11:18:44","date_gmt":"2022-04-07T09:18:44","guid":{"rendered":"https:\/\/legrenierdelatour.be\/brocante\/?post_type=product&#038;p=1405"},"modified":"2022-05-19T13:22:26","modified_gmt":"2022-05-19T11:22:26","slug":"boite-pour-tabac-a-priser-en-corne","status":"publish","type":"product","link":"https:\/\/legrenierdelatour.be\/brocante\/produit\/boite-pour-tabac-a-priser-en-corne\/","title":{"rendered":"Bo\u00eete pour tabac \u00e0 priser en corne"},"content":{"rendered":"<p>Petite bo\u00eete pour tabac \u00e0 priser (9,5x4x3 cm) r\u00e9alis\u00e9e avec un tr\u00e8s beau travail de marqueterie de cornes de couleurs diff\u00e9rentes. Il manque malheureusement 3 petites pi\u00e8ces de marqueterie.<\/p>\n<p>R\u00e9f 3.90<\/p>\n","protected":false},"excerpt":{"rendered":"<p>Petite bo\u00eete pour tabac \u00e0 priser (9,5x4x3 cm) r\u00e9alis\u00e9e avec un tr\u00e8s beau travail de marqueterie de cornes de couleurs diff\u00e9rentes. Il manque malheureusement 3 petites pi\u00e8ces de marqueterie. R\u00e9f 3.90<\/p>\n","protected":false},"featured_media":1358,"comment_status":"open","ping_status":"closed","template":"","meta":{"neve_meta_sidebar":"","neve_meta_container":"","neve_meta_enable_content_width":"off","neve_meta_content_width":100,"neve_meta_title_alignment":"","neve_meta_author_avatar":"","neve_post_elements_order":"","neve_meta_disable_header":"","neve_meta_disable_footer":"","neve_meta_disable_title":""},"product_brand":[],"product_cat":[15,183],"product_tag":[121],"class_list":{"0":"post-1405","1":"product","2":"type-product","3":"status-publish","4":"has-post-thumbnail","6":"product_cat-non-classe","7":"product_cat-bureau-et-fumoir","8":"product_tag-fumoir","10":"first","11":"instock","12":"shipping-taxable","13":"purchasable","14":"product-type-simple"},"_links":{"self":[{"href":"https:\/\/legrenierdelatour.be\/brocante\/wp-json\/wp\/v2\/product\/1405","targetHints":{"allow":["GET"]}}],"collection":[{"href":"https:\/\/legrenierdelatour.be\/brocante\/wp-json\/wp\/v2\/product"}],"about":[{"href":"https:\/\/legrenierdelatour.be\/brocante\/wp-json\/wp\/v2\/types\/product"}],"replies":[{"embeddable":true,"href":"https:\/\/legrenierdelatour.be\/brocante\/wp-json\/wp\/v2\/comments?post=1405"}],"wp:featuredmedia":[{"embeddable":true,"href":"https:\/\/legrenierdelatour.be\/brocante\/wp-json\/wp\/v2\/media\/1358"}],"wp:attachment":[{"href":"https:\/\/legrenierdelatour.be\/brocante\/wp-json\/wp\/v2\/media?parent=1405"}],"wp:term":[{"taxonomy":"product_brand","embeddable":true,"href":"https:\/\/legrenierdelatour.be\/brocante\/wp-json\/wp\/v2\/product_brand?post=1405"},{"taxonomy":"product_cat","embeddable":true,"href":"https:\/\/legrenierdelatour.be\/brocante\/wp-json\/wp\/v2\/product_cat?post=1405"},{"taxonomy":"product_tag","embeddable":true,"href":"https:\/\/legrenierdelatour.be\/brocante\/wp-json\/wp\/v2\/product_tag?post=1405"}],"curies":[{"name":"wp","href":"https:\/\/api.w.org\/{rel}","templated":true}]}}