{"id":1402,"date":"2022-04-07T10:23:52","date_gmt":"2022-04-07T08:23:52","guid":{"rendered":"https:\/\/legrenierdelatour.be\/brocante\/?post_type=product&#038;p=1402"},"modified":"2022-05-19T13:23:26","modified_gmt":"2022-05-19T11:23:26","slug":"plumier-en-bois-marquete","status":"publish","type":"product","link":"https:\/\/legrenierdelatour.be\/brocante\/produit\/plumier-en-bois-marquete\/","title":{"rendered":"Plumier en bois marquet\u00e9"},"content":{"rendered":"<p>Ancien plumier (24&#215;7,5 cm) en bois marquet\u00e9, en bon \u00e9tat, si ce n&rsquo;est des traces d&rsquo;encre. Fermoit dor\u00e9 mais la cl\u00e9 n&rsquo;existe plus.<\/p>\n<p>R\u00e9f 4.76<\/p>\n","protected":false},"excerpt":{"rendered":"<p>Ancien plumier (24&#215;7,5 cm) en bois marquet\u00e9, en bon \u00e9tat, si ce n&rsquo;est des traces d&rsquo;encre. Fermoit dor\u00e9 mais la cl\u00e9 n&rsquo;existe plus. R\u00e9f 4.76<\/p>\n","protected":false},"featured_media":1369,"comment_status":"open","ping_status":"closed","template":"","meta":{"neve_meta_sidebar":"","neve_meta_container":"","neve_meta_enable_content_width":"off","neve_meta_content_width":100,"neve_meta_title_alignment":"","neve_meta_author_avatar":"","neve_post_elements_order":"","neve_meta_disable_header":"","neve_meta_disable_footer":"","neve_meta_disable_title":""},"product_brand":[],"product_cat":[15,183],"product_tag":[122],"class_list":{"0":"post-1402","1":"product","2":"type-product","3":"status-publish","4":"has-post-thumbnail","6":"product_cat-non-classe","7":"product_cat-bureau-et-fumoir","8":"product_tag-bureau","10":"first","11":"instock","12":"shipping-taxable","13":"purchasable","14":"product-type-simple"},"_links":{"self":[{"href":"https:\/\/legrenierdelatour.be\/brocante\/wp-json\/wp\/v2\/product\/1402","targetHints":{"allow":["GET"]}}],"collection":[{"href":"https:\/\/legrenierdelatour.be\/brocante\/wp-json\/wp\/v2\/product"}],"about":[{"href":"https:\/\/legrenierdelatour.be\/brocante\/wp-json\/wp\/v2\/types\/product"}],"replies":[{"embeddable":true,"href":"https:\/\/legrenierdelatour.be\/brocante\/wp-json\/wp\/v2\/comments?post=1402"}],"wp:featuredmedia":[{"embeddable":true,"href":"https:\/\/legrenierdelatour.be\/brocante\/wp-json\/wp\/v2\/media\/1369"}],"wp:attachment":[{"href":"https:\/\/legrenierdelatour.be\/brocante\/wp-json\/wp\/v2\/media?parent=1402"}],"wp:term":[{"taxonomy":"product_brand","embeddable":true,"href":"https:\/\/legrenierdelatour.be\/brocante\/wp-json\/wp\/v2\/product_brand?post=1402"},{"taxonomy":"product_cat","embeddable":true,"href":"https:\/\/legrenierdelatour.be\/brocante\/wp-json\/wp\/v2\/product_cat?post=1402"},{"taxonomy":"product_tag","embeddable":true,"href":"https:\/\/legrenierdelatour.be\/brocante\/wp-json\/wp\/v2\/product_tag?post=1402"}],"curies":[{"name":"wp","href":"https:\/\/api.w.org\/{rel}","templated":true}]}}