{"id":1346,"date":"2022-04-07T09:40:15","date_gmt":"2022-04-07T07:40:15","guid":{"rendered":"https:\/\/legrenierdelatour.be\/brocante\/?post_type=product&#038;p=1346"},"modified":"2022-05-19T13:25:05","modified_gmt":"2022-05-19T11:25:05","slug":"repose-pipe-vintage","status":"publish","type":"product","link":"https:\/\/legrenierdelatour.be\/brocante\/produit\/repose-pipe-vintage\/","title":{"rendered":"Repose-pipe vintage"},"content":{"rendered":"<p>Joli et rare repose-pipe (10&#215;6 cm) en cuir avec repr\u00e9sentation d&rsquo;une femme en buste en c\u00e9ramique, en tr\u00e8s bon \u00e9tat si ce n&rsquo;est quelques traces d&rsquo;usure sur le cuir. Fabrication italienne, sans doute dans les ann\u00e9es 1960-70.<\/p>\n<p>R\u00e9f 7.69<\/p>\n","protected":false},"excerpt":{"rendered":"<p>Joli et rare repose-pipe (10&#215;6 cm) en cuir avec repr\u00e9sentation d&rsquo;une femme en buste en c\u00e9ramique, en tr\u00e8s bon \u00e9tat si ce n&rsquo;est quelques traces d&rsquo;usure sur le cuir. Fabrication italienne, sans doute dans les ann\u00e9es 1960-70. R\u00e9f 7.69<\/p>\n","protected":false},"featured_media":1394,"comment_status":"open","ping_status":"closed","template":"","meta":{"neve_meta_sidebar":"","neve_meta_container":"","neve_meta_enable_content_width":"off","neve_meta_content_width":100,"neve_meta_title_alignment":"","neve_meta_author_avatar":"","neve_post_elements_order":"","neve_meta_disable_header":"","neve_meta_disable_footer":"","neve_meta_disable_title":""},"product_brand":[],"product_cat":[15,183],"product_tag":[121,28],"class_list":{"0":"post-1346","1":"product","2":"type-product","3":"status-publish","4":"has-post-thumbnail","6":"product_cat-non-classe","7":"product_cat-bureau-et-fumoir","8":"product_tag-fumoir","9":"product_tag-vintage","11":"first","12":"instock","13":"shipping-taxable","14":"purchasable","15":"product-type-simple"},"_links":{"self":[{"href":"https:\/\/legrenierdelatour.be\/brocante\/wp-json\/wp\/v2\/product\/1346","targetHints":{"allow":["GET"]}}],"collection":[{"href":"https:\/\/legrenierdelatour.be\/brocante\/wp-json\/wp\/v2\/product"}],"about":[{"href":"https:\/\/legrenierdelatour.be\/brocante\/wp-json\/wp\/v2\/types\/product"}],"replies":[{"embeddable":true,"href":"https:\/\/legrenierdelatour.be\/brocante\/wp-json\/wp\/v2\/comments?post=1346"}],"wp:featuredmedia":[{"embeddable":true,"href":"https:\/\/legrenierdelatour.be\/brocante\/wp-json\/wp\/v2\/media\/1394"}],"wp:attachment":[{"href":"https:\/\/legrenierdelatour.be\/brocante\/wp-json\/wp\/v2\/media?parent=1346"}],"wp:term":[{"taxonomy":"product_brand","embeddable":true,"href":"https:\/\/legrenierdelatour.be\/brocante\/wp-json\/wp\/v2\/product_brand?post=1346"},{"taxonomy":"product_cat","embeddable":true,"href":"https:\/\/legrenierdelatour.be\/brocante\/wp-json\/wp\/v2\/product_cat?post=1346"},{"taxonomy":"product_tag","embeddable":true,"href":"https:\/\/legrenierdelatour.be\/brocante\/wp-json\/wp\/v2\/product_tag?post=1346"}],"curies":[{"name":"wp","href":"https:\/\/api.w.org\/{rel}","templated":true}]}}