{"id":1341,"date":"2022-04-06T16:31:29","date_gmt":"2022-04-06T14:31:29","guid":{"rendered":"https:\/\/legrenierdelatour.be\/brocante\/?post_type=product&#038;p=1341"},"modified":"2022-05-19T13:25:26","modified_gmt":"2022-05-19T11:25:26","slug":"jeu-de-cubes-lungers-hausen","status":"publish","type":"product","link":"https:\/\/legrenierdelatour.be\/brocante\/produit\/jeu-de-cubes-lungers-hausen\/","title":{"rendered":"Jeu de cubes \u00ab\u00a0Lungers\/Hausen\u00a0\u00bb"},"content":{"rendered":"<p>Ancien jeu de cubes pour enfants, datant sans doute des ann\u00e9es 1960. Six images diff\u00e9rentes sont \u00e0 rassembler, avec des dessins de Lungers\/Hausen, et l&rsquo;ensemble, produit en Allemagne de l&rsquo;Ouest, est en tr\u00e8s bon \u00e9tat. Le tout est rang\u00e9 dans sa boite plastique d&rsquo;origine.<\/p>\n<p>R\u00e9f 8.36<\/p>\n","protected":false},"excerpt":{"rendered":"<p>Ancien jeu de cubes pour enfants, datant sans doute des ann\u00e9es 1960. Six images diff\u00e9rentes sont \u00e0 rassembler, avec des dessins de Lungers\/Hausen, et l&rsquo;ensemble, produit en Allemagne de l&rsquo;Ouest, est en tr\u00e8s bon \u00e9tat. Le tout est rang\u00e9 dans sa boite plastique d&rsquo;origine. R\u00e9f 8.36<\/p>\n","protected":false},"featured_media":1342,"comment_status":"open","ping_status":"closed","template":"","meta":{"neve_meta_sidebar":"","neve_meta_container":"","neve_meta_enable_content_width":"off","neve_meta_content_width":100,"neve_meta_title_alignment":"","neve_meta_author_avatar":"","neve_post_elements_order":"","neve_meta_disable_header":"","neve_meta_disable_footer":"","neve_meta_disable_title":""},"product_brand":[],"product_cat":[171],"product_tag":[120,28],"class_list":{"0":"post-1341","1":"product","2":"type-product","3":"status-publish","4":"has-post-thumbnail","6":"product_cat-jeux-et-jardin","7":"product_tag-jeu","8":"product_tag-vintage","10":"first","11":"instock","12":"shipping-taxable","13":"purchasable","14":"product-type-simple"},"_links":{"self":[{"href":"https:\/\/legrenierdelatour.be\/brocante\/wp-json\/wp\/v2\/product\/1341","targetHints":{"allow":["GET"]}}],"collection":[{"href":"https:\/\/legrenierdelatour.be\/brocante\/wp-json\/wp\/v2\/product"}],"about":[{"href":"https:\/\/legrenierdelatour.be\/brocante\/wp-json\/wp\/v2\/types\/product"}],"replies":[{"embeddable":true,"href":"https:\/\/legrenierdelatour.be\/brocante\/wp-json\/wp\/v2\/comments?post=1341"}],"wp:featuredmedia":[{"embeddable":true,"href":"https:\/\/legrenierdelatour.be\/brocante\/wp-json\/wp\/v2\/media\/1342"}],"wp:attachment":[{"href":"https:\/\/legrenierdelatour.be\/brocante\/wp-json\/wp\/v2\/media?parent=1341"}],"wp:term":[{"taxonomy":"product_brand","embeddable":true,"href":"https:\/\/legrenierdelatour.be\/brocante\/wp-json\/wp\/v2\/product_brand?post=1341"},{"taxonomy":"product_cat","embeddable":true,"href":"https:\/\/legrenierdelatour.be\/brocante\/wp-json\/wp\/v2\/product_cat?post=1341"},{"taxonomy":"product_tag","embeddable":true,"href":"https:\/\/legrenierdelatour.be\/brocante\/wp-json\/wp\/v2\/product_tag?post=1341"}],"curies":[{"name":"wp","href":"https:\/\/api.w.org\/{rel}","templated":true}]}}