{"id":134,"date":"2022-02-09T19:55:01","date_gmt":"2022-02-09T18:55:01","guid":{"rendered":"https:\/\/legrenierdelatour.be\/brocante\/?post_type=product&#038;p=134"},"modified":"2022-05-19T17:45:12","modified_gmt":"2022-05-19T15:45:12","slug":"cafetiere-trianon-boch-la-louviere","status":"publish","type":"product","link":"https:\/\/legrenierdelatour.be\/brocante\/produit\/cafetiere-trianon-boch-la-louviere\/","title":{"rendered":"Cafeti\u00e8re \u00ab\u00a0Trianon\u00a0\u00bb Boch La Louvi\u00e8re"},"content":{"rendered":"<p>Belle cafeti\u00e8re du mod\u00e8le \u00ab\u00a0Trianon\u00a0\u00bb produite par Boch La Louvi\u00e8re en 1963. Tr\u00e8s bon \u00e9tat g\u00e9n\u00e9ral.<\/p>\n<p>Ref 8.89<\/p>\n","protected":false},"excerpt":{"rendered":"<p>Belle cafeti\u00e8re du mod\u00e8le \u00ab\u00a0Trianon\u00a0\u00bb produite par Boch La Louvi\u00e8re en 1963. Tr\u00e8s bon \u00e9tat g\u00e9n\u00e9ral. Ref 8.89<\/p>\n","protected":false},"featured_media":135,"comment_status":"open","ping_status":"closed","template":"","meta":{"neve_meta_sidebar":"","neve_meta_container":"","neve_meta_enable_content_width":"off","neve_meta_content_width":100,"neve_meta_title_alignment":"","neve_meta_author_avatar":"","neve_post_elements_order":"","neve_meta_disable_header":"","neve_meta_disable_footer":"","neve_meta_disable_title":""},"product_brand":[],"product_cat":[15,37,175,172,16],"product_tag":[20,19],"class_list":{"0":"post-134","1":"product","2":"type-product","3":"status-publish","4":"has-post-thumbnail","6":"product_cat-non-classe","7":"product_cat-belgique","8":"product_cat-boch","9":"product_cat-en-cuisine","10":"product_cat-ceramique","11":"product_tag-boch","12":"product_tag-faience","14":"first","15":"instock","16":"shipping-taxable","17":"purchasable","18":"product-type-simple"},"_links":{"self":[{"href":"https:\/\/legrenierdelatour.be\/brocante\/wp-json\/wp\/v2\/product\/134","targetHints":{"allow":["GET"]}}],"collection":[{"href":"https:\/\/legrenierdelatour.be\/brocante\/wp-json\/wp\/v2\/product"}],"about":[{"href":"https:\/\/legrenierdelatour.be\/brocante\/wp-json\/wp\/v2\/types\/product"}],"replies":[{"embeddable":true,"href":"https:\/\/legrenierdelatour.be\/brocante\/wp-json\/wp\/v2\/comments?post=134"}],"wp:featuredmedia":[{"embeddable":true,"href":"https:\/\/legrenierdelatour.be\/brocante\/wp-json\/wp\/v2\/media\/135"}],"wp:attachment":[{"href":"https:\/\/legrenierdelatour.be\/brocante\/wp-json\/wp\/v2\/media?parent=134"}],"wp:term":[{"taxonomy":"product_brand","embeddable":true,"href":"https:\/\/legrenierdelatour.be\/brocante\/wp-json\/wp\/v2\/product_brand?post=134"},{"taxonomy":"product_cat","embeddable":true,"href":"https:\/\/legrenierdelatour.be\/brocante\/wp-json\/wp\/v2\/product_cat?post=134"},{"taxonomy":"product_tag","embeddable":true,"href":"https:\/\/legrenierdelatour.be\/brocante\/wp-json\/wp\/v2\/product_tag?post=134"}],"curies":[{"name":"wp","href":"https:\/\/api.w.org\/{rel}","templated":true}]}}