{"id":1338,"date":"2022-04-06T16:11:35","date_gmt":"2022-04-06T14:11:35","guid":{"rendered":"https:\/\/legrenierdelatour.be\/brocante\/?post_type=product&#038;p=1338"},"modified":"2022-05-19T13:26:03","modified_gmt":"2022-05-19T11:26:03","slug":"sucrier-en-faience-villeroy-boch","status":"publish","type":"product","link":"https:\/\/legrenierdelatour.be\/brocante\/produit\/sucrier-en-faience-villeroy-boch\/","title":{"rendered":"Sucrier en fa\u00efence Villeroy&#038; Boch"},"content":{"rendered":"<p>Petit sucrier (6 cm de haut) en fa\u00efence verniss\u00e9e, produite sans doute par Villeroy &amp; Boch dans sa collection utilitaire. Il date sans doute des ann\u00e9es 1950-60 et est en tr\u00e8s bon \u00e9tat.<\/p>\n<p>R\u00e9f 8.7<\/p>\n","protected":false},"excerpt":{"rendered":"<p>Petit sucrier (6 cm de haut) en fa\u00efence verniss\u00e9e, produite sans doute par Villeroy &amp; Boch dans sa collection utilitaire. Il date sans doute des ann\u00e9es 1950-60 et est en tr\u00e8s bon \u00e9tat. R\u00e9f 8.7<\/p>\n","protected":false},"featured_media":1339,"comment_status":"open","ping_status":"closed","template":"","meta":{"neve_meta_sidebar":"","neve_meta_container":"","neve_meta_enable_content_width":"off","neve_meta_content_width":100,"neve_meta_title_alignment":"","neve_meta_author_avatar":"","neve_post_elements_order":"","neve_meta_disable_header":"","neve_meta_disable_footer":"","neve_meta_disable_title":""},"product_brand":[],"product_cat":[172,16,165,29],"product_tag":[19,32],"class_list":{"0":"post-1338","1":"product","2":"type-product","3":"status-publish","4":"has-post-thumbnail","6":"product_cat-en-cuisine","7":"product_cat-ceramique","8":"product_cat-luxembourg","9":"product_cat-villeroy-boch","10":"product_tag-faience","11":"product_tag-villeroy-et-boch","13":"first","14":"instock","15":"shipping-taxable","16":"purchasable","17":"product-type-simple"},"_links":{"self":[{"href":"https:\/\/legrenierdelatour.be\/brocante\/wp-json\/wp\/v2\/product\/1338","targetHints":{"allow":["GET"]}}],"collection":[{"href":"https:\/\/legrenierdelatour.be\/brocante\/wp-json\/wp\/v2\/product"}],"about":[{"href":"https:\/\/legrenierdelatour.be\/brocante\/wp-json\/wp\/v2\/types\/product"}],"replies":[{"embeddable":true,"href":"https:\/\/legrenierdelatour.be\/brocante\/wp-json\/wp\/v2\/comments?post=1338"}],"wp:featuredmedia":[{"embeddable":true,"href":"https:\/\/legrenierdelatour.be\/brocante\/wp-json\/wp\/v2\/media\/1339"}],"wp:attachment":[{"href":"https:\/\/legrenierdelatour.be\/brocante\/wp-json\/wp\/v2\/media?parent=1338"}],"wp:term":[{"taxonomy":"product_brand","embeddable":true,"href":"https:\/\/legrenierdelatour.be\/brocante\/wp-json\/wp\/v2\/product_brand?post=1338"},{"taxonomy":"product_cat","embeddable":true,"href":"https:\/\/legrenierdelatour.be\/brocante\/wp-json\/wp\/v2\/product_cat?post=1338"},{"taxonomy":"product_tag","embeddable":true,"href":"https:\/\/legrenierdelatour.be\/brocante\/wp-json\/wp\/v2\/product_tag?post=1338"}],"curies":[{"name":"wp","href":"https:\/\/api.w.org\/{rel}","templated":true}]}}