{"id":1333,"date":"2022-04-06T15:51:54","date_gmt":"2022-04-06T13:51:54","guid":{"rendered":"https:\/\/legrenierdelatour.be\/brocante\/?post_type=product&#038;p=1333"},"modified":"2022-05-19T13:27:40","modified_gmt":"2022-05-19T11:27:40","slug":"verres-disney-de-noel-vmc","status":"publish","type":"product","link":"https:\/\/legrenierdelatour.be\/brocante\/produit\/verres-disney-de-noel-vmc\/","title":{"rendered":"Verres \u00ab\u00a0Disney de No\u00ebl\u00a0\u00bb VMC"},"content":{"rendered":"<p>Trois verres \u00e0 eau (8 cm haut) produit dans les ann\u00e9es 1970-90 par la soci\u00e9t\u00e9 VMC (Verreries M\u00e9caniques Champenoises) cr\u00e9\u00e9e\u00a0au d\u00e9but du XX\u00e8 si\u00e8cle et active jusque fin des ann\u00e9es 1990. Ils sont d\u00e9cor\u00e9s par d\u00e9calcomanie de motifs de Disney de No\u00ebl.<\/p>\n<p>Ils sont vendus \u00e0 la pi\u00e8ce au prix de 3\u20ac.<\/p>\n<p>R\u00e9f 6.51<\/p>\n","protected":false},"excerpt":{"rendered":"<p>Trois verres \u00e0 eau (8 cm haut) produit dans les ann\u00e9es 1970-90 par la soci\u00e9t\u00e9 VMC (Verreries M\u00e9caniques Champenoises) cr\u00e9\u00e9e\u00a0au d\u00e9but du XX\u00e8 si\u00e8cle et active jusque fin des ann\u00e9es 1990. Ils sont d\u00e9cor\u00e9s par d\u00e9calcomanie de motifs de Disney de No\u00ebl. Ils sont vendus \u00e0 la pi\u00e8ce au prix de 3\u20ac. R\u00e9f 6.51<\/p>\n","protected":false},"featured_media":1311,"comment_status":"open","ping_status":"closed","template":"","meta":{"neve_meta_sidebar":"","neve_meta_container":"","neve_meta_enable_content_width":"off","neve_meta_content_width":100,"neve_meta_title_alignment":"","neve_meta_author_avatar":"","neve_post_elements_order":"","neve_meta_disable_header":"","neve_meta_disable_footer":"","neve_meta_disable_title":""},"product_brand":[],"product_cat":[15,172,171,173,163,22,118],"product_tag":[119,58],"class_list":{"0":"post-1333","1":"product","2":"type-product","3":"status-publish","4":"has-post-thumbnail","6":"product_cat-non-classe","7":"product_cat-en-cuisine","8":"product_cat-jeux-et-jardin","9":"product_cat-objets-de-publicite","10":"product_cat-productions-francaises","11":"product_cat-verrerie","12":"product_cat-vmc","13":"product_tag-enfant","14":"product_tag-vmc","16":"first","17":"instock","18":"shipping-taxable","19":"purchasable","20":"product-type-simple"},"_links":{"self":[{"href":"https:\/\/legrenierdelatour.be\/brocante\/wp-json\/wp\/v2\/product\/1333","targetHints":{"allow":["GET"]}}],"collection":[{"href":"https:\/\/legrenierdelatour.be\/brocante\/wp-json\/wp\/v2\/product"}],"about":[{"href":"https:\/\/legrenierdelatour.be\/brocante\/wp-json\/wp\/v2\/types\/product"}],"replies":[{"embeddable":true,"href":"https:\/\/legrenierdelatour.be\/brocante\/wp-json\/wp\/v2\/comments?post=1333"}],"wp:featuredmedia":[{"embeddable":true,"href":"https:\/\/legrenierdelatour.be\/brocante\/wp-json\/wp\/v2\/media\/1311"}],"wp:attachment":[{"href":"https:\/\/legrenierdelatour.be\/brocante\/wp-json\/wp\/v2\/media?parent=1333"}],"wp:term":[{"taxonomy":"product_brand","embeddable":true,"href":"https:\/\/legrenierdelatour.be\/brocante\/wp-json\/wp\/v2\/product_brand?post=1333"},{"taxonomy":"product_cat","embeddable":true,"href":"https:\/\/legrenierdelatour.be\/brocante\/wp-json\/wp\/v2\/product_cat?post=1333"},{"taxonomy":"product_tag","embeddable":true,"href":"https:\/\/legrenierdelatour.be\/brocante\/wp-json\/wp\/v2\/product_tag?post=1333"}],"curies":[{"name":"wp","href":"https:\/\/api.w.org\/{rel}","templated":true}]}}