{"id":1332,"date":"2022-04-06T15:50:15","date_gmt":"2022-04-06T13:50:15","guid":{"rendered":"https:\/\/legrenierdelatour.be\/brocante\/?post_type=product&#038;p=1332"},"modified":"2022-05-19T13:28:28","modified_gmt":"2022-05-19T11:28:28","slug":"vase-en-verre-windsor-rubis-luminarc","status":"publish","type":"product","link":"https:\/\/legrenierdelatour.be\/brocante\/produit\/vase-en-verre-windsor-rubis-luminarc\/","title":{"rendered":"Vase en verre \u00ab\u00a0Windsor Rubis\u00a0\u00bb Luminarc"},"content":{"rendered":"<p>Vase en verre (17 cm de haut) de mod\u00e8le et couleur \u00ab\u00a0Windsor Rubis\u00a0\u00bb, produit par la cristallerie Cristal d&rsquo;Arques apr\u00e8s 1958. Le design est de JG Durand pour Luminarc, une collection de Cristal d&rsquo;Arques (en opposition \u00e0 Arcopal qui est une gamme de verre opalescent). Ce vase a sans doute \u00e9t\u00e9 produit dans les ann\u00e9es 1960-70 et est en excellent \u00e9tat.<\/p>\n<p>R\u00e9f 7.12<\/p>\n","protected":false},"excerpt":{"rendered":"<p>Vase en verre (17 cm de haut) de mod\u00e8le et couleur \u00ab\u00a0Windsor Rubis\u00a0\u00bb, produit par la cristallerie Cristal d&rsquo;Arques apr\u00e8s 1958. Le design est de JG Durand pour Luminarc, une collection de Cristal d&rsquo;Arques (en opposition \u00e0 Arcopal qui est une gamme de verre opalescent). Ce vase a sans doute \u00e9t\u00e9 produit dans les ann\u00e9es&hellip;&nbsp;<a href=\"https:\/\/legrenierdelatour.be\/brocante\/produit\/vase-en-verre-windsor-rubis-luminarc\/\" class=\"\" rel=\"bookmark\">Lire la suite &raquo;<span class=\"screen-reader-text\">Vase en verre \u00ab\u00a0Windsor Rubis\u00a0\u00bb Luminarc<\/span><\/a><\/p>\n","protected":false},"featured_media":1312,"comment_status":"open","ping_status":"closed","template":"","meta":{"neve_meta_sidebar":"","neve_meta_container":"","neve_meta_enable_content_width":"off","neve_meta_content_width":100,"neve_meta_title_alignment":"","neve_meta_author_avatar":"","neve_post_elements_order":"","neve_meta_disable_header":"","neve_meta_disable_footer":"","neve_meta_disable_title":""},"product_brand":[],"product_cat":[116,117,163,22],"product_tag":[],"class_list":{"0":"post-1332","1":"product","2":"type-product","3":"status-publish","4":"has-post-thumbnail","6":"product_cat-cristal-darques","7":"product_cat-luminarc","8":"product_cat-productions-francaises","9":"product_cat-verrerie","11":"first","12":"instock","13":"shipping-taxable","14":"purchasable","15":"product-type-simple"},"_links":{"self":[{"href":"https:\/\/legrenierdelatour.be\/brocante\/wp-json\/wp\/v2\/product\/1332","targetHints":{"allow":["GET"]}}],"collection":[{"href":"https:\/\/legrenierdelatour.be\/brocante\/wp-json\/wp\/v2\/product"}],"about":[{"href":"https:\/\/legrenierdelatour.be\/brocante\/wp-json\/wp\/v2\/types\/product"}],"replies":[{"embeddable":true,"href":"https:\/\/legrenierdelatour.be\/brocante\/wp-json\/wp\/v2\/comments?post=1332"}],"wp:featuredmedia":[{"embeddable":true,"href":"https:\/\/legrenierdelatour.be\/brocante\/wp-json\/wp\/v2\/media\/1312"}],"wp:attachment":[{"href":"https:\/\/legrenierdelatour.be\/brocante\/wp-json\/wp\/v2\/media?parent=1332"}],"wp:term":[{"taxonomy":"product_brand","embeddable":true,"href":"https:\/\/legrenierdelatour.be\/brocante\/wp-json\/wp\/v2\/product_brand?post=1332"},{"taxonomy":"product_cat","embeddable":true,"href":"https:\/\/legrenierdelatour.be\/brocante\/wp-json\/wp\/v2\/product_cat?post=1332"},{"taxonomy":"product_tag","embeddable":true,"href":"https:\/\/legrenierdelatour.be\/brocante\/wp-json\/wp\/v2\/product_tag?post=1332"}],"curies":[{"name":"wp","href":"https:\/\/api.w.org\/{rel}","templated":true}]}}