{"id":1330,"date":"2022-04-06T15:22:32","date_gmt":"2022-04-06T13:22:32","guid":{"rendered":"https:\/\/legrenierdelatour.be\/brocante\/?post_type=product&#038;p=1330"},"modified":"2026-03-03T18:38:38","modified_gmt":"2026-03-03T17:38:38","slug":"verres-a-champagne-vmc-vintage","status":"publish","type":"product","link":"https:\/\/legrenierdelatour.be\/brocante\/produit\/verres-a-champagne-vmc-vintage\/","title":{"rendered":"Verres \u00e0 champagne VMC Vintage"},"content":{"rendered":"<p>22 jolis verres \u00e0 champagne (16,5 cm haut) et 1 verre (fuchsia) plus petit (15 cm de haut) produits dans les ann\u00e9es 1970 par la soci\u00e9t\u00e9 VMC (Verreries M\u00e9caniques Champenoises) cr\u00e9\u00e9e au d\u00e9but du XX\u00e8 si\u00e8cle \u00e0 Reims et active jusque fin des ann\u00e9es 1990. Joliment d\u00e9cor\u00e9s de losanges color\u00e9s (4 jaunes, 1 rouge, 5 bleus, 7 rouge-orange), ils sont en bon \u00e9tat. Ils sont de la m\u00eame collection que les verres r\u00e9f\u00e9renci\u00e9s 1.123 et 11.49<\/p>\n<p>Les verres sont vendus \u00e0 la pi\u00e8ce au prix de 3\u20ac pi\u00e8ce.<\/p>\n<p>R\u00e9f 7.39<\/p>\n","protected":false},"excerpt":{"rendered":"<p>22 jolis verres \u00e0 champagne (16,5 cm haut) et 1 verre (fuchsia) plus petit (15 cm de haut) produits dans les ann\u00e9es 1970 par la soci\u00e9t\u00e9 VMC (Verreries M\u00e9caniques Champenoises) cr\u00e9\u00e9e au d\u00e9but du XX\u00e8 si\u00e8cle \u00e0 Reims et active jusque fin des ann\u00e9es 1990. Joliment d\u00e9cor\u00e9s de losanges color\u00e9s (4 jaunes, 1 rouge, 5&hellip;&nbsp;<a href=\"https:\/\/legrenierdelatour.be\/brocante\/produit\/verres-a-champagne-vmc-vintage\/\" class=\"\" rel=\"bookmark\">Lire la suite &raquo;<span class=\"screen-reader-text\">Verres \u00e0 champagne VMC Vintage<\/span><\/a><\/p>\n","protected":false},"featured_media":1314,"comment_status":"open","ping_status":"closed","template":"","meta":{"neve_meta_sidebar":"","neve_meta_container":"","neve_meta_enable_content_width":"off","neve_meta_content_width":100,"neve_meta_title_alignment":"","neve_meta_author_avatar":"","neve_post_elements_order":"","neve_meta_disable_header":"","neve_meta_disable_footer":"","neve_meta_disable_title":""},"product_brand":[],"product_cat":[15,163,22,118],"product_tag":[28,58],"class_list":{"0":"post-1330","1":"product","2":"type-product","3":"status-publish","4":"has-post-thumbnail","6":"product_cat-non-classe","7":"product_cat-productions-francaises","8":"product_cat-verrerie","9":"product_cat-vmc","10":"product_tag-vintage","11":"product_tag-vmc","13":"first","14":"instock","15":"shipping-taxable","16":"purchasable","17":"product-type-simple"},"_links":{"self":[{"href":"https:\/\/legrenierdelatour.be\/brocante\/wp-json\/wp\/v2\/product\/1330","targetHints":{"allow":["GET"]}}],"collection":[{"href":"https:\/\/legrenierdelatour.be\/brocante\/wp-json\/wp\/v2\/product"}],"about":[{"href":"https:\/\/legrenierdelatour.be\/brocante\/wp-json\/wp\/v2\/types\/product"}],"replies":[{"embeddable":true,"href":"https:\/\/legrenierdelatour.be\/brocante\/wp-json\/wp\/v2\/comments?post=1330"}],"wp:featuredmedia":[{"embeddable":true,"href":"https:\/\/legrenierdelatour.be\/brocante\/wp-json\/wp\/v2\/media\/1314"}],"wp:attachment":[{"href":"https:\/\/legrenierdelatour.be\/brocante\/wp-json\/wp\/v2\/media?parent=1330"}],"wp:term":[{"taxonomy":"product_brand","embeddable":true,"href":"https:\/\/legrenierdelatour.be\/brocante\/wp-json\/wp\/v2\/product_brand?post=1330"},{"taxonomy":"product_cat","embeddable":true,"href":"https:\/\/legrenierdelatour.be\/brocante\/wp-json\/wp\/v2\/product_cat?post=1330"},{"taxonomy":"product_tag","embeddable":true,"href":"https:\/\/legrenierdelatour.be\/brocante\/wp-json\/wp\/v2\/product_tag?post=1330"}],"curies":[{"name":"wp","href":"https:\/\/api.w.org\/{rel}","templated":true}]}}