{"id":130,"date":"2022-02-09T19:50:47","date_gmt":"2022-02-09T18:50:47","guid":{"rendered":"https:\/\/legrenierdelatour.be\/brocante\/?post_type=product&#038;p=130"},"modified":"2022-05-19T17:45:26","modified_gmt":"2022-05-19T15:45:26","slug":"assiettes-bonaparte-boch-keramis-la-louviere","status":"publish","type":"product","link":"https:\/\/legrenierdelatour.be\/brocante\/produit\/assiettes-bonaparte-boch-keramis-la-louviere\/","title":{"rendered":"Assiettes \u00ab\u00a0Bonaparte\u00a0\u00bb Boch Keramis La Louvi\u00e8re"},"content":{"rendered":"<p>Deux assiettes creuses (23,5 cm de diam\u00e8tre) avec d\u00e9cor \u00ab\u00a0Bonaparte\u00a0\u00bb produites par Boch Keramis La Louvi\u00e8re, vers la moiti\u00e9 du XX\u00e8me si\u00e8cle. Chaque assiette a malheureusement un coup.<\/p>\n<p>Vendues \u00e0 la pi\u00e8ce au prix de 10\u20ac<\/p>\n<p>Ref 8.67<\/p>\n","protected":false},"excerpt":{"rendered":"<p>Deux assiettes creuses (23,5 cm de diam\u00e8tre) avec d\u00e9cor \u00ab\u00a0Bonaparte\u00a0\u00bb produites par Boch Keramis La Louvi\u00e8re, vers la moiti\u00e9 du XX\u00e8me si\u00e8cle. Chaque assiette a malheureusement un coup. Vendues \u00e0 la pi\u00e8ce au prix de 10\u20ac Ref 8.67<\/p>\n","protected":false},"featured_media":131,"comment_status":"open","ping_status":"closed","template":"","meta":{"neve_meta_sidebar":"","neve_meta_container":"","neve_meta_enable_content_width":"off","neve_meta_content_width":100,"neve_meta_title_alignment":"","neve_meta_author_avatar":"","neve_post_elements_order":"","neve_meta_disable_header":"","neve_meta_disable_footer":"","neve_meta_disable_title":""},"product_brand":[],"product_cat":[15,37,175,172,16],"product_tag":[20,19],"class_list":{"0":"post-130","1":"product","2":"type-product","3":"status-publish","4":"has-post-thumbnail","6":"product_cat-non-classe","7":"product_cat-belgique","8":"product_cat-boch","9":"product_cat-en-cuisine","10":"product_cat-ceramique","11":"product_tag-boch","12":"product_tag-faience","14":"first","15":"instock","16":"sold-individually","17":"shipping-taxable","18":"purchasable","19":"product-type-simple"},"_links":{"self":[{"href":"https:\/\/legrenierdelatour.be\/brocante\/wp-json\/wp\/v2\/product\/130","targetHints":{"allow":["GET"]}}],"collection":[{"href":"https:\/\/legrenierdelatour.be\/brocante\/wp-json\/wp\/v2\/product"}],"about":[{"href":"https:\/\/legrenierdelatour.be\/brocante\/wp-json\/wp\/v2\/types\/product"}],"replies":[{"embeddable":true,"href":"https:\/\/legrenierdelatour.be\/brocante\/wp-json\/wp\/v2\/comments?post=130"}],"wp:featuredmedia":[{"embeddable":true,"href":"https:\/\/legrenierdelatour.be\/brocante\/wp-json\/wp\/v2\/media\/131"}],"wp:attachment":[{"href":"https:\/\/legrenierdelatour.be\/brocante\/wp-json\/wp\/v2\/media?parent=130"}],"wp:term":[{"taxonomy":"product_brand","embeddable":true,"href":"https:\/\/legrenierdelatour.be\/brocante\/wp-json\/wp\/v2\/product_brand?post=130"},{"taxonomy":"product_cat","embeddable":true,"href":"https:\/\/legrenierdelatour.be\/brocante\/wp-json\/wp\/v2\/product_cat?post=130"},{"taxonomy":"product_tag","embeddable":true,"href":"https:\/\/legrenierdelatour.be\/brocante\/wp-json\/wp\/v2\/product_tag?post=130"}],"curies":[{"name":"wp","href":"https:\/\/api.w.org\/{rel}","templated":true}]}}