{"id":1295,"date":"2022-04-06T13:46:55","date_gmt":"2022-04-06T11:46:55","guid":{"rendered":"https:\/\/legrenierdelatour.be\/brocante\/?post_type=product&#038;p=1295"},"modified":"2022-05-19T13:34:16","modified_gmt":"2022-05-19T11:34:16","slug":"pot-a-tabac-armoiries-provinces-belges","status":"publish","type":"product","link":"https:\/\/legrenierdelatour.be\/brocante\/produit\/pot-a-tabac-armoiries-provinces-belges\/","title":{"rendered":"Pot \u00e0 tabac \u00ab\u00a0Armoiries Provinces belges\u00a0\u00bb"},"content":{"rendered":"<p>Pot \u00e0 tabac (18 cm de haut, 0,75 L) en gr\u00e8s \u00e9maill\u00e9, avec la repr\u00e9sentation des armoiries des provinces belges dont la Province de Luxembourg. Il est en tr\u00e8s bon \u00e9tat et a sans doute \u00e9t\u00e9 produit par la manufacture Marzi &amp; Remy dans le Westerwald en Allemagne, dans la premi\u00e8re moiti\u00e9 du XX\u00e8me si\u00e8cle.<\/p>\n<p>R\u00e9f 6.79<\/p>\n","protected":false},"excerpt":{"rendered":"<p>Pot \u00e0 tabac (18 cm de haut, 0,75 L) en gr\u00e8s \u00e9maill\u00e9, avec la repr\u00e9sentation des armoiries des provinces belges dont la Province de Luxembourg. Il est en tr\u00e8s bon \u00e9tat et a sans doute \u00e9t\u00e9 produit par la manufacture Marzi &amp; Remy dans le Westerwald en Allemagne, dans la premi\u00e8re moiti\u00e9 du XX\u00e8me si\u00e8cle.&hellip;&nbsp;<a href=\"https:\/\/legrenierdelatour.be\/brocante\/produit\/pot-a-tabac-armoiries-provinces-belges\/\" class=\"\" rel=\"bookmark\">Lire la suite &raquo;<span class=\"screen-reader-text\">Pot \u00e0 tabac \u00ab\u00a0Armoiries Provinces belges\u00a0\u00bb<\/span><\/a><\/p>\n","protected":false},"featured_media":1291,"comment_status":"open","ping_status":"closed","template":"","meta":{"neve_meta_sidebar":"","neve_meta_container":"","neve_meta_enable_content_width":"off","neve_meta_content_width":100,"neve_meta_title_alignment":"","neve_meta_author_avatar":"","neve_post_elements_order":"","neve_meta_disable_header":"","neve_meta_disable_footer":"","neve_meta_disable_title":""},"product_brand":[],"product_cat":[48,170,183,16,30,31,47],"product_tag":[40,113,83,112,49],"class_list":{"0":"post-1295","1":"product","2":"type-product","3":"status-publish","4":"has-post-thumbnail","6":"product_cat-allemagne","7":"product_cat-autres-producteurs","8":"product_cat-bureau-et-fumoir","9":"product_cat-ceramique","10":"product_cat-luxemburgensia","11":"product_cat-pays-darlon","12":"product_cat-west-germany","13":"product_tag-belgique","14":"product_tag-gres","15":"product_tag-luxemburgensia","16":"product_tag-pays-darlon","17":"product_tag-west-germany","19":"first","20":"instock","21":"shipping-taxable","22":"purchasable","23":"product-type-simple"},"_links":{"self":[{"href":"https:\/\/legrenierdelatour.be\/brocante\/wp-json\/wp\/v2\/product\/1295","targetHints":{"allow":["GET"]}}],"collection":[{"href":"https:\/\/legrenierdelatour.be\/brocante\/wp-json\/wp\/v2\/product"}],"about":[{"href":"https:\/\/legrenierdelatour.be\/brocante\/wp-json\/wp\/v2\/types\/product"}],"replies":[{"embeddable":true,"href":"https:\/\/legrenierdelatour.be\/brocante\/wp-json\/wp\/v2\/comments?post=1295"}],"wp:featuredmedia":[{"embeddable":true,"href":"https:\/\/legrenierdelatour.be\/brocante\/wp-json\/wp\/v2\/media\/1291"}],"wp:attachment":[{"href":"https:\/\/legrenierdelatour.be\/brocante\/wp-json\/wp\/v2\/media?parent=1295"}],"wp:term":[{"taxonomy":"product_brand","embeddable":true,"href":"https:\/\/legrenierdelatour.be\/brocante\/wp-json\/wp\/v2\/product_brand?post=1295"},{"taxonomy":"product_cat","embeddable":true,"href":"https:\/\/legrenierdelatour.be\/brocante\/wp-json\/wp\/v2\/product_cat?post=1295"},{"taxonomy":"product_tag","embeddable":true,"href":"https:\/\/legrenierdelatour.be\/brocante\/wp-json\/wp\/v2\/product_tag?post=1295"}],"curies":[{"name":"wp","href":"https:\/\/api.w.org\/{rel}","templated":true}]}}