{"id":1286,"date":"2022-04-06T13:37:53","date_gmt":"2022-04-06T11:37:53","guid":{"rendered":"https:\/\/legrenierdelatour.be\/brocante\/?post_type=product&#038;p=1286"},"modified":"2022-05-19T13:35:03","modified_gmt":"2022-05-19T11:35:03","slug":"assiette-en-gres-luxembourg","status":"publish","type":"product","link":"https:\/\/legrenierdelatour.be\/brocante\/produit\/assiette-en-gres-luxembourg\/","title":{"rendered":"Assiette en gr\u00e8s \u00ab\u00a0Luxembourg\u00a0\u00bb"},"content":{"rendered":"<p>Assiette (23 cm diam\u00e8tre) en gr\u00e8s \u00e9maill\u00e9, repr\u00e9sentant des monuments de villes luxembourgeoises (Luxembourg, Clervaux, Diekirch, Mondorf-les-Bains, Vianden et Echternach). \u00ab\u00a0395E\u00a0\u00bb sur le dos, ainsi qu&rsquo;une suspension pr\u00e9vue. Elle est en tr\u00e8s bon \u00e9tat et a sans doute \u00e9t\u00e9 produite en Allemagne dans les ann\u00e9es 1970-90.<\/p>\n<p>R\u00e9f 6.80<\/p>\n","protected":false},"excerpt":{"rendered":"<p>Assiette (23 cm diam\u00e8tre) en gr\u00e8s \u00e9maill\u00e9, repr\u00e9sentant des monuments de villes luxembourgeoises (Luxembourg, Clervaux, Diekirch, Mondorf-les-Bains, Vianden et Echternach). \u00ab\u00a0395E\u00a0\u00bb sur le dos, ainsi qu&rsquo;une suspension pr\u00e9vue. Elle est en tr\u00e8s bon \u00e9tat et a sans doute \u00e9t\u00e9 produite en Allemagne dans les ann\u00e9es 1970-90. R\u00e9f 6.80<\/p>\n","protected":false},"featured_media":1289,"comment_status":"open","ping_status":"closed","template":"","meta":{"neve_meta_sidebar":"","neve_meta_container":"","neve_meta_enable_content_width":"off","neve_meta_content_width":100,"neve_meta_title_alignment":"","neve_meta_author_avatar":"","neve_post_elements_order":"","neve_meta_disable_header":"","neve_meta_disable_footer":"","neve_meta_disable_title":""},"product_brand":[],"product_cat":[48,16,30,166],"product_tag":[113,83],"class_list":{"0":"post-1286","1":"product","2":"type-product","3":"status-publish","4":"has-post-thumbnail","6":"product_cat-allemagne","7":"product_cat-ceramique","8":"product_cat-luxemburgensia","9":"product_cat-luxemburgensia-luxemburgensia","10":"product_tag-gres","11":"product_tag-luxemburgensia","13":"first","14":"instock","15":"shipping-taxable","16":"purchasable","17":"product-type-simple"},"_links":{"self":[{"href":"https:\/\/legrenierdelatour.be\/brocante\/wp-json\/wp\/v2\/product\/1286","targetHints":{"allow":["GET"]}}],"collection":[{"href":"https:\/\/legrenierdelatour.be\/brocante\/wp-json\/wp\/v2\/product"}],"about":[{"href":"https:\/\/legrenierdelatour.be\/brocante\/wp-json\/wp\/v2\/types\/product"}],"replies":[{"embeddable":true,"href":"https:\/\/legrenierdelatour.be\/brocante\/wp-json\/wp\/v2\/comments?post=1286"}],"wp:featuredmedia":[{"embeddable":true,"href":"https:\/\/legrenierdelatour.be\/brocante\/wp-json\/wp\/v2\/media\/1289"}],"wp:attachment":[{"href":"https:\/\/legrenierdelatour.be\/brocante\/wp-json\/wp\/v2\/media?parent=1286"}],"wp:term":[{"taxonomy":"product_brand","embeddable":true,"href":"https:\/\/legrenierdelatour.be\/brocante\/wp-json\/wp\/v2\/product_brand?post=1286"},{"taxonomy":"product_cat","embeddable":true,"href":"https:\/\/legrenierdelatour.be\/brocante\/wp-json\/wp\/v2\/product_cat?post=1286"},{"taxonomy":"product_tag","embeddable":true,"href":"https:\/\/legrenierdelatour.be\/brocante\/wp-json\/wp\/v2\/product_tag?post=1286"}],"curies":[{"name":"wp","href":"https:\/\/api.w.org\/{rel}","templated":true}]}}