{"id":1284,"date":"2022-04-06T13:27:09","date_gmt":"2022-04-06T11:27:09","guid":{"rendered":"https:\/\/legrenierdelatour.be\/brocante\/?post_type=product&#038;p=1284"},"modified":"2022-05-19T13:35:24","modified_gmt":"2022-05-19T11:35:24","slug":"chope-en-gres-luxembourg","status":"publish","type":"product","link":"https:\/\/legrenierdelatour.be\/brocante\/produit\/chope-en-gres-luxembourg\/","title":{"rendered":"Chope en gr\u00e8s \u00ab\u00a0Luxembourg\u00a0\u00bb"},"content":{"rendered":"<p>Chope en gr\u00e8s verniss\u00e9 (11 cm de haut) avec des repr\u00e9sentations de monuments luxembourgeois (Clervaux, Luxembourg, Echternach). Un \u00ab\u00a0R\u00a0\u00bb marqu\u00e9 en creux sous la base, et il s&rsquo;agit sans doute d&rsquo;une production allemande des ann\u00e9es 1970-90.<\/p>\n<p>R\u00e9f 7.75<\/p>\n","protected":false},"excerpt":{"rendered":"<p>Chope en gr\u00e8s verniss\u00e9 (11 cm de haut) avec des repr\u00e9sentations de monuments luxembourgeois (Clervaux, Luxembourg, Echternach). Un \u00ab\u00a0R\u00a0\u00bb marqu\u00e9 en creux sous la base, et il s&rsquo;agit sans doute d&rsquo;une production allemande des ann\u00e9es 1970-90. R\u00e9f 7.75<\/p>\n","protected":false},"featured_media":1280,"comment_status":"open","ping_status":"closed","template":"","meta":{"neve_meta_sidebar":"","neve_meta_container":"","neve_meta_enable_content_width":"off","neve_meta_content_width":100,"neve_meta_title_alignment":"","neve_meta_author_avatar":"","neve_post_elements_order":"","neve_meta_disable_header":"","neve_meta_disable_footer":"","neve_meta_disable_title":""},"product_brand":[],"product_cat":[48,16,30,166],"product_tag":[113,83],"class_list":{"0":"post-1284","1":"product","2":"type-product","3":"status-publish","4":"has-post-thumbnail","6":"product_cat-allemagne","7":"product_cat-ceramique","8":"product_cat-luxemburgensia","9":"product_cat-luxemburgensia-luxemburgensia","10":"product_tag-gres","11":"product_tag-luxemburgensia","13":"first","14":"instock","15":"shipping-taxable","16":"purchasable","17":"product-type-simple"},"_links":{"self":[{"href":"https:\/\/legrenierdelatour.be\/brocante\/wp-json\/wp\/v2\/product\/1284","targetHints":{"allow":["GET"]}}],"collection":[{"href":"https:\/\/legrenierdelatour.be\/brocante\/wp-json\/wp\/v2\/product"}],"about":[{"href":"https:\/\/legrenierdelatour.be\/brocante\/wp-json\/wp\/v2\/types\/product"}],"replies":[{"embeddable":true,"href":"https:\/\/legrenierdelatour.be\/brocante\/wp-json\/wp\/v2\/comments?post=1284"}],"wp:featuredmedia":[{"embeddable":true,"href":"https:\/\/legrenierdelatour.be\/brocante\/wp-json\/wp\/v2\/media\/1280"}],"wp:attachment":[{"href":"https:\/\/legrenierdelatour.be\/brocante\/wp-json\/wp\/v2\/media?parent=1284"}],"wp:term":[{"taxonomy":"product_brand","embeddable":true,"href":"https:\/\/legrenierdelatour.be\/brocante\/wp-json\/wp\/v2\/product_brand?post=1284"},{"taxonomy":"product_cat","embeddable":true,"href":"https:\/\/legrenierdelatour.be\/brocante\/wp-json\/wp\/v2\/product_cat?post=1284"},{"taxonomy":"product_tag","embeddable":true,"href":"https:\/\/legrenierdelatour.be\/brocante\/wp-json\/wp\/v2\/product_tag?post=1284"}],"curies":[{"name":"wp","href":"https:\/\/api.w.org\/{rel}","templated":true}]}}