{"id":1265,"date":"2022-04-06T12:18:37","date_gmt":"2022-04-06T10:18:37","guid":{"rendered":"https:\/\/legrenierdelatour.be\/brocante\/?post_type=product&#038;p=1265"},"modified":"2022-05-19T15:30:33","modified_gmt":"2022-05-19T13:30:33","slug":"plaque-en-etain-montee-de-saint-donat-arlon","status":"publish","type":"product","link":"https:\/\/legrenierdelatour.be\/brocante\/produit\/plaque-en-etain-montee-de-saint-donat-arlon\/","title":{"rendered":"Plaque en \u00e9tain \u00ab\u00a0Mont\u00e9e de Saint Donat, Arlon\u00a0\u00bb"},"content":{"rendered":"<p>Plaque fine en \u00e9tain 92% (29&#215;18 cm), avec une repr\u00e9sentation de la Mont\u00e9e de Saint Donat \u00e0 Arlon. Poin\u00e7onn\u00e9e \u00e0 l&rsquo;arri\u00e8re R.P., elle a sans doute \u00e9t\u00e9 produite dans la r\u00e9gion d&rsquo;Arlon (Flor-\u00e9tain?).<\/p>\n<p>R\u00e9f 9.6<\/p>\n","protected":false},"excerpt":{"rendered":"<p>Plaque fine en \u00e9tain 92% (29&#215;18 cm), avec une repr\u00e9sentation de la Mont\u00e9e de Saint Donat \u00e0 Arlon. Poin\u00e7onn\u00e9e \u00e0 l&rsquo;arri\u00e8re R.P., elle a sans doute \u00e9t\u00e9 produite dans la r\u00e9gion d&rsquo;Arlon (Flor-\u00e9tain?). R\u00e9f 9.6<\/p>\n","protected":false},"featured_media":1268,"comment_status":"open","ping_status":"closed","template":"","meta":{"neve_meta_sidebar":"","neve_meta_container":"","neve_meta_enable_content_width":"off","neve_meta_content_width":100,"neve_meta_title_alignment":"","neve_meta_author_avatar":"","neve_post_elements_order":"","neve_meta_disable_header":"","neve_meta_disable_footer":"","neve_meta_disable_title":""},"product_brand":[],"product_cat":[110,109,30,31],"product_tag":[111,112],"class_list":{"0":"post-1265","1":"product","2":"type-product","3":"status-publish","4":"has-post-thumbnail","6":"product_cat-etain","7":"product_cat-metal","8":"product_cat-luxemburgensia","9":"product_cat-pays-darlon","10":"product_tag-etain","11":"product_tag-pays-darlon","13":"first","14":"instock","15":"shipping-taxable","16":"purchasable","17":"product-type-simple"},"_links":{"self":[{"href":"https:\/\/legrenierdelatour.be\/brocante\/wp-json\/wp\/v2\/product\/1265","targetHints":{"allow":["GET"]}}],"collection":[{"href":"https:\/\/legrenierdelatour.be\/brocante\/wp-json\/wp\/v2\/product"}],"about":[{"href":"https:\/\/legrenierdelatour.be\/brocante\/wp-json\/wp\/v2\/types\/product"}],"replies":[{"embeddable":true,"href":"https:\/\/legrenierdelatour.be\/brocante\/wp-json\/wp\/v2\/comments?post=1265"}],"wp:featuredmedia":[{"embeddable":true,"href":"https:\/\/legrenierdelatour.be\/brocante\/wp-json\/wp\/v2\/media\/1268"}],"wp:attachment":[{"href":"https:\/\/legrenierdelatour.be\/brocante\/wp-json\/wp\/v2\/media?parent=1265"}],"wp:term":[{"taxonomy":"product_brand","embeddable":true,"href":"https:\/\/legrenierdelatour.be\/brocante\/wp-json\/wp\/v2\/product_brand?post=1265"},{"taxonomy":"product_cat","embeddable":true,"href":"https:\/\/legrenierdelatour.be\/brocante\/wp-json\/wp\/v2\/product_cat?post=1265"},{"taxonomy":"product_tag","embeddable":true,"href":"https:\/\/legrenierdelatour.be\/brocante\/wp-json\/wp\/v2\/product_tag?post=1265"}],"curies":[{"name":"wp","href":"https:\/\/api.w.org\/{rel}","templated":true}]}}