{"id":12643,"date":"2026-04-10T14:16:39","date_gmt":"2026-04-10T12:16:39","guid":{"rendered":"https:\/\/legrenierdelatour.be\/brocante\/?post_type=product&#038;p=12643"},"modified":"2026-04-10T14:16:39","modified_gmt":"2026-04-10T12:16:39","slug":"feves-oeufs-2009-de-longwy","status":"publish","type":"product","link":"https:\/\/legrenierdelatour.be\/brocante\/produit\/feves-oeufs-2009-de-longwy\/","title":{"rendered":"F\u00e8ves \u00ab\u00a0oeufs 2009\u00a0\u00bb de Longwy"},"content":{"rendered":"<p>7 f\u00e8ves de galettes de roi, en Emaux de Longwy. Ces f\u00e8ves ont \u00e9t\u00e9 cr\u00e9\u00e9es en 2009; la collection compl\u00e9te compred 8 f\u00e8ves, mais seules 7 sont disponibles. Elles sont vendues \u00e0 la pi\u00e8ce au prix de 3\u20ac pi\u00e8ce.<\/p>\n<div>R\u00e9f 49.94<\/div>\n","protected":false},"excerpt":{"rendered":"<p>7 f\u00e8ves de galettes de roi, en Emaux de Longwy. Ces f\u00e8ves ont \u00e9t\u00e9 cr\u00e9\u00e9es en 2009; la collection compl\u00e9te compred 8 f\u00e8ves, mais seules 7 sont disponibles. Elles sont vendues \u00e0 la pi\u00e8ce au prix de 3\u20ac pi\u00e8ce. R\u00e9f 49.94<\/p>\n","protected":false},"featured_media":12644,"comment_status":"open","ping_status":"closed","template":"","meta":{"neve_meta_sidebar":"","neve_meta_container":"","neve_meta_enable_content_width":"off","neve_meta_content_width":100,"neve_meta_title_alignment":"","neve_meta_author_avatar":"","neve_post_elements_order":"","neve_meta_disable_header":"","neve_meta_disable_footer":"","neve_meta_disable_title":""},"product_brand":[],"product_cat":[16,66,34],"product_tag":[],"class_list":{"0":"post-12643","1":"product","2":"type-product","3":"status-publish","4":"has-post-thumbnail","6":"product_cat-ceramique","7":"product_cat-longwy","8":"product_cat-religiosa","10":"first","11":"instock","12":"shipping-taxable","13":"purchasable","14":"product-type-simple"},"_links":{"self":[{"href":"https:\/\/legrenierdelatour.be\/brocante\/wp-json\/wp\/v2\/product\/12643","targetHints":{"allow":["GET"]}}],"collection":[{"href":"https:\/\/legrenierdelatour.be\/brocante\/wp-json\/wp\/v2\/product"}],"about":[{"href":"https:\/\/legrenierdelatour.be\/brocante\/wp-json\/wp\/v2\/types\/product"}],"replies":[{"embeddable":true,"href":"https:\/\/legrenierdelatour.be\/brocante\/wp-json\/wp\/v2\/comments?post=12643"}],"wp:featuredmedia":[{"embeddable":true,"href":"https:\/\/legrenierdelatour.be\/brocante\/wp-json\/wp\/v2\/media\/12644"}],"wp:attachment":[{"href":"https:\/\/legrenierdelatour.be\/brocante\/wp-json\/wp\/v2\/media?parent=12643"}],"wp:term":[{"taxonomy":"product_brand","embeddable":true,"href":"https:\/\/legrenierdelatour.be\/brocante\/wp-json\/wp\/v2\/product_brand?post=12643"},{"taxonomy":"product_cat","embeddable":true,"href":"https:\/\/legrenierdelatour.be\/brocante\/wp-json\/wp\/v2\/product_cat?post=12643"},{"taxonomy":"product_tag","embeddable":true,"href":"https:\/\/legrenierdelatour.be\/brocante\/wp-json\/wp\/v2\/product_tag?post=12643"}],"curies":[{"name":"wp","href":"https:\/\/api.w.org\/{rel}","templated":true}]}}