{"id":12642,"date":"2026-04-08T14:08:49","date_gmt":"2026-04-08T12:08:49","guid":{"rendered":"https:\/\/legrenierdelatour.be\/brocante\/?post_type=product&#038;p=12642"},"modified":"2026-04-08T14:08:49","modified_gmt":"2026-04-08T12:08:49","slug":"jaquette-dun-catalogue-a-m-g-e-c-herge-1928-everling-arlon","status":"publish","type":"product","link":"https:\/\/legrenierdelatour.be\/brocante\/produit\/jaquette-dun-catalogue-a-m-g-e-c-herge-1928-everling-arlon\/","title":{"rendered":"Jaquette d&rsquo;un catalogue A.M.G.E.C, Herg\u00e9 1928, Everling Arlon"},"content":{"rendered":"<div>Jaquette d\u2019un catalogue des entreprises A.M.G.E.C pr\u00e9sentant sa gamme de glaces polies, enti\u00e8rement illustr\u00e9e par Herg\u00e9 en 1928, dans un style \u00e9l\u00e9gant tr\u00e8s \u00ab\u00a0d\u00e9but de si\u00e8cle\u00a0\u00bb, avec une quait\u00e9 d\u2019impressin \u00e9tonnante. D\u00e9pli\u00e9e, elle mesure 45&#215;22 cm. Elle est en tr\u00e8s bel \u00e9tat. Sur la jaquette est repris l\u2019entreprise G.Everling d\u2019Arlon.<\/div>\n<div>R\u00e9f 49.91<\/div>\n","protected":false},"excerpt":{"rendered":"<p>Jaquette d\u2019un catalogue des entreprises A.M.G.E.C pr\u00e9sentant sa gamme de glaces polies, enti\u00e8rement illustr\u00e9e par Herg\u00e9 en 1928, dans un style \u00e9l\u00e9gant tr\u00e8s \u00ab\u00a0d\u00e9but de si\u00e8cle\u00a0\u00bb, avec une quait\u00e9 d\u2019impressin \u00e9tonnante. D\u00e9pli\u00e9e, elle mesure 45&#215;22 cm. Elle est en tr\u00e8s bel \u00e9tat. Sur la jaquette est repris l\u2019entreprise G.Everling d\u2019Arlon. R\u00e9f 49.91<\/p>\n","protected":false},"featured_media":12636,"comment_status":"open","ping_status":"closed","template":"","meta":{"neve_meta_sidebar":"","neve_meta_container":"","neve_meta_enable_content_width":"off","neve_meta_content_width":100,"neve_meta_title_alignment":"","neve_meta_author_avatar":"","neve_post_elements_order":"","neve_meta_disable_header":"","neve_meta_disable_footer":"","neve_meta_disable_title":""},"product_brand":[],"product_cat":[31],"product_tag":[],"class_list":{"0":"post-12642","1":"product","2":"type-product","3":"status-publish","4":"has-post-thumbnail","6":"product_cat-pays-darlon","8":"first","9":"instock","10":"shipping-taxable","11":"purchasable","12":"product-type-simple"},"_links":{"self":[{"href":"https:\/\/legrenierdelatour.be\/brocante\/wp-json\/wp\/v2\/product\/12642","targetHints":{"allow":["GET"]}}],"collection":[{"href":"https:\/\/legrenierdelatour.be\/brocante\/wp-json\/wp\/v2\/product"}],"about":[{"href":"https:\/\/legrenierdelatour.be\/brocante\/wp-json\/wp\/v2\/types\/product"}],"replies":[{"embeddable":true,"href":"https:\/\/legrenierdelatour.be\/brocante\/wp-json\/wp\/v2\/comments?post=12642"}],"wp:featuredmedia":[{"embeddable":true,"href":"https:\/\/legrenierdelatour.be\/brocante\/wp-json\/wp\/v2\/media\/12636"}],"wp:attachment":[{"href":"https:\/\/legrenierdelatour.be\/brocante\/wp-json\/wp\/v2\/media?parent=12642"}],"wp:term":[{"taxonomy":"product_brand","embeddable":true,"href":"https:\/\/legrenierdelatour.be\/brocante\/wp-json\/wp\/v2\/product_brand?post=12642"},{"taxonomy":"product_cat","embeddable":true,"href":"https:\/\/legrenierdelatour.be\/brocante\/wp-json\/wp\/v2\/product_cat?post=12642"},{"taxonomy":"product_tag","embeddable":true,"href":"https:\/\/legrenierdelatour.be\/brocante\/wp-json\/wp\/v2\/product_tag?post=12642"}],"curies":[{"name":"wp","href":"https:\/\/api.w.org\/{rel}","templated":true}]}}