{"id":1263,"date":"2022-04-06T12:09:21","date_gmt":"2022-04-06T10:09:21","guid":{"rendered":"https:\/\/legrenierdelatour.be\/brocante\/?post_type=product&#038;p=1263"},"modified":"2025-09-09T13:57:44","modified_gmt":"2025-09-09T11:57:44","slug":"paire-de-bougeoirs-victoria-luxval","status":"publish","type":"product","link":"https:\/\/legrenierdelatour.be\/brocante\/produit\/paire-de-bougeoirs-victoria-luxval\/","title":{"rendered":"Paire de bougeoirs \u00ab\u00a0Victoria\u00a0\u00bb Luxval"},"content":{"rendered":"<p>Paire de bougeoirs (13 cm de haut) en verre rose moul\u00e9 press\u00e9, produits par Val saint Lambert dans la s\u00e9rie Luxval, dans les ann\u00e9es 1930-49. Les designers de ce mod\u00e8le sont Charles Graffart et Ren\u00e9 Delvenne. Ils sont en parfait \u00e9tat.<\/p>\n<p>Deux paires disponibles.<\/p>\n<p>R\u00e9f 5.83<\/p>\n","protected":false},"excerpt":{"rendered":"<p>Paire de bougeoirs (13 cm de haut) en verre rose moul\u00e9 press\u00e9, produits par Val saint Lambert dans la s\u00e9rie Luxval, dans les ann\u00e9es 1930-49. Les designers de ce mod\u00e8le sont Charles Graffart et Ren\u00e9 Delvenne. Ils sont en parfait \u00e9tat. Deux paires disponibles. R\u00e9f 5.83<\/p>\n","protected":false},"featured_media":1212,"comment_status":"open","ping_status":"closed","template":"","meta":{"neve_meta_sidebar":"","neve_meta_container":"","neve_meta_enable_content_width":"off","neve_meta_content_width":100,"neve_meta_title_alignment":"","neve_meta_author_avatar":"","neve_post_elements_order":"","neve_meta_disable_header":"","neve_meta_disable_footer":"","neve_meta_disable_title":""},"product_brand":[],"product_cat":[64,162,63,22],"product_tag":[21,40,57],"class_list":{"0":"post-1263","1":"product","2":"type-product","3":"status-publish","4":"has-post-thumbnail","6":"product_cat-luxval","7":"product_cat-productions-belges","8":"product_cat-val-saint-lambert","9":"product_cat-verrerie","10":"product_tag-art-deco","11":"product_tag-belgique","12":"product_tag-cristal","14":"first","15":"instock","16":"shipping-taxable","17":"purchasable","18":"product-type-simple"},"_links":{"self":[{"href":"https:\/\/legrenierdelatour.be\/brocante\/wp-json\/wp\/v2\/product\/1263","targetHints":{"allow":["GET"]}}],"collection":[{"href":"https:\/\/legrenierdelatour.be\/brocante\/wp-json\/wp\/v2\/product"}],"about":[{"href":"https:\/\/legrenierdelatour.be\/brocante\/wp-json\/wp\/v2\/types\/product"}],"replies":[{"embeddable":true,"href":"https:\/\/legrenierdelatour.be\/brocante\/wp-json\/wp\/v2\/comments?post=1263"}],"wp:featuredmedia":[{"embeddable":true,"href":"https:\/\/legrenierdelatour.be\/brocante\/wp-json\/wp\/v2\/media\/1212"}],"wp:attachment":[{"href":"https:\/\/legrenierdelatour.be\/brocante\/wp-json\/wp\/v2\/media?parent=1263"}],"wp:term":[{"taxonomy":"product_brand","embeddable":true,"href":"https:\/\/legrenierdelatour.be\/brocante\/wp-json\/wp\/v2\/product_brand?post=1263"},{"taxonomy":"product_cat","embeddable":true,"href":"https:\/\/legrenierdelatour.be\/brocante\/wp-json\/wp\/v2\/product_cat?post=1263"},{"taxonomy":"product_tag","embeddable":true,"href":"https:\/\/legrenierdelatour.be\/brocante\/wp-json\/wp\/v2\/product_tag?post=1263"}],"curies":[{"name":"wp","href":"https:\/\/api.w.org\/{rel}","templated":true}]}}