{"id":12620,"date":"2026-04-07T11:13:57","date_gmt":"2026-04-07T09:13:57","guid":{"rendered":"https:\/\/legrenierdelatour.be\/brocante\/?post_type=product&#038;p=12620"},"modified":"2026-04-07T11:13:57","modified_gmt":"2026-04-07T09:13:57","slug":"cendrier-vieil-esch-1956-villeroy-boch","status":"publish","type":"product","link":"https:\/\/legrenierdelatour.be\/brocante\/produit\/cendrier-vieil-esch-1956-villeroy-boch\/","title":{"rendered":"Cendrier \u00ab\u00a0Vieil-Esch 1956\u00a0\u00bb, Villeroy &#038; Boch"},"content":{"rendered":"<p>Cendrier en c\u00e9ramique (13 cm de diam\u00e8tre) repr\u00e9sentant \u00ab\u00a0Vieil-Esch 1956\u00a0\u00bb. Il a \u00e9t\u00e9 produit par Villeroy &amp; Boch, porte le num\u00e9ro de forme 1174 et le num\u00e9ro de couleur 368.<\/p>\n<div>R\u00e9f 49.83<\/div>\n","protected":false},"excerpt":{"rendered":"<p>Cendrier en c\u00e9ramique (13 cm de diam\u00e8tre) repr\u00e9sentant \u00ab\u00a0Vieil-Esch 1956\u00a0\u00bb. Il a \u00e9t\u00e9 produit par Villeroy &amp; Boch, porte le num\u00e9ro de forme 1174 et le num\u00e9ro de couleur 368. R\u00e9f 49.83<\/p>\n","protected":false},"featured_media":12621,"comment_status":"open","ping_status":"closed","template":"","meta":{"neve_meta_sidebar":"","neve_meta_container":"","neve_meta_enable_content_width":"off","neve_meta_content_width":100,"neve_meta_title_alignment":"","neve_meta_author_avatar":"","neve_post_elements_order":"","neve_meta_disable_header":"","neve_meta_disable_footer":"","neve_meta_disable_title":""},"product_brand":[],"product_cat":[16,165,166,29],"product_tag":[],"class_list":{"0":"post-12620","1":"product","2":"type-product","3":"status-publish","4":"has-post-thumbnail","6":"product_cat-ceramique","7":"product_cat-luxembourg","8":"product_cat-luxemburgensia-luxemburgensia","9":"product_cat-villeroy-boch","11":"first","12":"instock","13":"shipping-taxable","14":"purchasable","15":"product-type-simple"},"_links":{"self":[{"href":"https:\/\/legrenierdelatour.be\/brocante\/wp-json\/wp\/v2\/product\/12620","targetHints":{"allow":["GET"]}}],"collection":[{"href":"https:\/\/legrenierdelatour.be\/brocante\/wp-json\/wp\/v2\/product"}],"about":[{"href":"https:\/\/legrenierdelatour.be\/brocante\/wp-json\/wp\/v2\/types\/product"}],"replies":[{"embeddable":true,"href":"https:\/\/legrenierdelatour.be\/brocante\/wp-json\/wp\/v2\/comments?post=12620"}],"wp:featuredmedia":[{"embeddable":true,"href":"https:\/\/legrenierdelatour.be\/brocante\/wp-json\/wp\/v2\/media\/12621"}],"wp:attachment":[{"href":"https:\/\/legrenierdelatour.be\/brocante\/wp-json\/wp\/v2\/media?parent=12620"}],"wp:term":[{"taxonomy":"product_brand","embeddable":true,"href":"https:\/\/legrenierdelatour.be\/brocante\/wp-json\/wp\/v2\/product_brand?post=12620"},{"taxonomy":"product_cat","embeddable":true,"href":"https:\/\/legrenierdelatour.be\/brocante\/wp-json\/wp\/v2\/product_cat?post=12620"},{"taxonomy":"product_tag","embeddable":true,"href":"https:\/\/legrenierdelatour.be\/brocante\/wp-json\/wp\/v2\/product_tag?post=12620"}],"curies":[{"name":"wp","href":"https:\/\/api.w.org\/{rel}","templated":true}]}}