{"id":1262,"date":"2022-04-06T12:01:38","date_gmt":"2022-04-06T10:01:38","guid":{"rendered":"https:\/\/legrenierdelatour.be\/brocante\/?post_type=product&#038;p=1262"},"modified":"2022-05-19T15:31:35","modified_gmt":"2022-05-19T13:31:35","slug":"vase-en-verre-yvonne-boom","status":"publish","type":"product","link":"https:\/\/legrenierdelatour.be\/brocante\/produit\/vase-en-verre-yvonne-boom\/","title":{"rendered":"Vase en verre \u00ab\u00a0Yvonne\u00a0\u00bb Boom"},"content":{"rendered":"<p>Vase en verre souffl\u00e9 (20 cm de haut), de la collection \u00ab\u00a0Yvonne\u00a0\u00bb probablement, produit par la manufacture de Boom (1925), dans les ann\u00e9es 1951 (d&rsquo;apr\u00e8s l&rsquo;\u00e9tiquette appliqu\u00e9e). Bon \u00e9tat g\u00e9n\u00e9ral, si ce n&rsquo;est l&rsquo;usure partielle des dorures, sans doute peintes \u00e0 la main.<\/p>\n<p>R\u00e9f 6.17<\/p>\n","protected":false},"excerpt":{"rendered":"<p>Vase en verre souffl\u00e9 (20 cm de haut), de la collection \u00ab\u00a0Yvonne\u00a0\u00bb probablement, produit par la manufacture de Boom (1925), dans les ann\u00e9es 1951 (d&rsquo;apr\u00e8s l&rsquo;\u00e9tiquette appliqu\u00e9e). Bon \u00e9tat g\u00e9n\u00e9ral, si ce n&rsquo;est l&rsquo;usure partielle des dorures, sans doute peintes \u00e0 la main. R\u00e9f 6.17<\/p>\n","protected":false},"featured_media":1215,"comment_status":"open","ping_status":"closed","template":"","meta":{"neve_meta_sidebar":"","neve_meta_container":"","neve_meta_enable_content_width":"off","neve_meta_content_width":100,"neve_meta_title_alignment":"","neve_meta_author_avatar":"","neve_post_elements_order":"","neve_meta_disable_header":"","neve_meta_disable_footer":"","neve_meta_disable_title":""},"product_brand":[],"product_cat":[106,162,22],"product_tag":[40,100,28],"class_list":{"0":"post-1262","1":"product","2":"type-product","3":"status-publish","4":"has-post-thumbnail","6":"product_cat-boom","7":"product_cat-productions-belges","8":"product_cat-verrerie","9":"product_tag-belgique","10":"product_tag-boom","11":"product_tag-vintage","13":"first","14":"instock","15":"shipping-taxable","16":"purchasable","17":"product-type-simple"},"_links":{"self":[{"href":"https:\/\/legrenierdelatour.be\/brocante\/wp-json\/wp\/v2\/product\/1262","targetHints":{"allow":["GET"]}}],"collection":[{"href":"https:\/\/legrenierdelatour.be\/brocante\/wp-json\/wp\/v2\/product"}],"about":[{"href":"https:\/\/legrenierdelatour.be\/brocante\/wp-json\/wp\/v2\/types\/product"}],"replies":[{"embeddable":true,"href":"https:\/\/legrenierdelatour.be\/brocante\/wp-json\/wp\/v2\/comments?post=1262"}],"wp:featuredmedia":[{"embeddable":true,"href":"https:\/\/legrenierdelatour.be\/brocante\/wp-json\/wp\/v2\/media\/1215"}],"wp:attachment":[{"href":"https:\/\/legrenierdelatour.be\/brocante\/wp-json\/wp\/v2\/media?parent=1262"}],"wp:term":[{"taxonomy":"product_brand","embeddable":true,"href":"https:\/\/legrenierdelatour.be\/brocante\/wp-json\/wp\/v2\/product_brand?post=1262"},{"taxonomy":"product_cat","embeddable":true,"href":"https:\/\/legrenierdelatour.be\/brocante\/wp-json\/wp\/v2\/product_cat?post=1262"},{"taxonomy":"product_tag","embeddable":true,"href":"https:\/\/legrenierdelatour.be\/brocante\/wp-json\/wp\/v2\/product_tag?post=1262"}],"curies":[{"name":"wp","href":"https:\/\/api.w.org\/{rel}","templated":true}]}}