{"id":12615,"date":"2026-03-30T15:43:14","date_gmt":"2026-03-30T13:43:14","guid":{"rendered":"https:\/\/legrenierdelatour.be\/brocante\/?post_type=product&#038;p=12615"},"modified":"2026-03-30T15:43:14","modified_gmt":"2026-03-30T13:43:14","slug":"peinture-bouquet-de-fleurs-eugene-schergen","status":"publish","type":"product","link":"https:\/\/legrenierdelatour.be\/brocante\/produit\/peinture-bouquet-de-fleurs-eugene-schergen\/","title":{"rendered":"Peinture \u00ab\u00a0Bouquet de fleurs\u00a0\u00bb, Eug\u00e8ne Schergen"},"content":{"rendered":"<p>Belle peinture d\u2019un bouquet de fleurs (47&#215;54 cm cadre compris) en acrylique sur panneau de bois, repr\u00e9sentant un bouquet de fleurs et sign\u00e9e E.Schergen en bas \u00e0 droite. \u00a0Cette oeuvre typique de Eug\u00e8ne Schergen (1902-1974) date sans doute des ann\u00e9es 1950-70.<\/p>\n<div>R\u00e9f 49.81<\/div>\n","protected":false},"excerpt":{"rendered":"<p>Belle peinture d\u2019un bouquet de fleurs (47&#215;54 cm cadre compris) en acrylique sur panneau de bois, repr\u00e9sentant un bouquet de fleurs et sign\u00e9e E.Schergen en bas \u00e0 droite. \u00a0Cette oeuvre typique de Eug\u00e8ne Schergen (1902-1974) date sans doute des ann\u00e9es 1950-70. R\u00e9f 49.81<\/p>\n","protected":false},"featured_media":12616,"comment_status":"open","ping_status":"closed","template":"","meta":{"neve_meta_sidebar":"","neve_meta_container":"","neve_meta_enable_content_width":"off","neve_meta_content_width":100,"neve_meta_title_alignment":"","neve_meta_author_avatar":"","neve_post_elements_order":"","neve_meta_disable_header":"","neve_meta_disable_footer":"","neve_meta_disable_title":""},"product_brand":[],"product_cat":[166,167],"product_tag":[],"class_list":{"0":"post-12615","1":"product","2":"type-product","3":"status-publish","4":"has-post-thumbnail","6":"product_cat-luxemburgensia-luxemburgensia","7":"product_cat-peintures-et-sculptures","9":"first","10":"instock","11":"shipping-taxable","12":"purchasable","13":"product-type-simple"},"_links":{"self":[{"href":"https:\/\/legrenierdelatour.be\/brocante\/wp-json\/wp\/v2\/product\/12615","targetHints":{"allow":["GET"]}}],"collection":[{"href":"https:\/\/legrenierdelatour.be\/brocante\/wp-json\/wp\/v2\/product"}],"about":[{"href":"https:\/\/legrenierdelatour.be\/brocante\/wp-json\/wp\/v2\/types\/product"}],"replies":[{"embeddable":true,"href":"https:\/\/legrenierdelatour.be\/brocante\/wp-json\/wp\/v2\/comments?post=12615"}],"wp:featuredmedia":[{"embeddable":true,"href":"https:\/\/legrenierdelatour.be\/brocante\/wp-json\/wp\/v2\/media\/12616"}],"wp:attachment":[{"href":"https:\/\/legrenierdelatour.be\/brocante\/wp-json\/wp\/v2\/media?parent=12615"}],"wp:term":[{"taxonomy":"product_brand","embeddable":true,"href":"https:\/\/legrenierdelatour.be\/brocante\/wp-json\/wp\/v2\/product_brand?post=12615"},{"taxonomy":"product_cat","embeddable":true,"href":"https:\/\/legrenierdelatour.be\/brocante\/wp-json\/wp\/v2\/product_cat?post=12615"},{"taxonomy":"product_tag","embeddable":true,"href":"https:\/\/legrenierdelatour.be\/brocante\/wp-json\/wp\/v2\/product_tag?post=12615"}],"curies":[{"name":"wp","href":"https:\/\/api.w.org\/{rel}","templated":true}]}}