{"id":12611,"date":"2026-03-30T14:57:58","date_gmt":"2026-03-30T12:57:58","guid":{"rendered":"https:\/\/legrenierdelatour.be\/brocante\/?post_type=product&#038;p=12611"},"modified":"2026-03-30T14:57:58","modified_gmt":"2026-03-30T12:57:58","slug":"boite-chantons-hummel-goebel","status":"publish","type":"product","link":"https:\/\/legrenierdelatour.be\/brocante\/produit\/boite-chantons-hummel-goebel\/","title":{"rendered":"Bo\u00eete \u00ab\u00a0Chantons\u00a0\u00bb, Hummel, Goebel"},"content":{"rendered":"<div>Bo\u00eete avec couvercle portant une figurine d\u2019un enfant accord\u00e9oniste (14 cm de diam\u00e8tre), portant le num\u00e9ro de forme III\/110 et produit par Goebel en Allemagne. Elle est sign\u00e9e MI Hummel et il s\u2019agit du personnage intitul\u00e9 \u00ab Chantons \u00bb. Elle date de 1991.<\/div>\n<div>R\u00e9f 49.79<\/div>\n","protected":false},"excerpt":{"rendered":"<p>Bo\u00eete avec couvercle portant une figurine d\u2019un enfant accord\u00e9oniste (14 cm de diam\u00e8tre), portant le num\u00e9ro de forme III\/110 et produit par Goebel en Allemagne. Elle est sign\u00e9e MI Hummel et il s\u2019agit du personnage intitul\u00e9 \u00ab Chantons \u00bb. Elle date de 1991. R\u00e9f 49.79<\/p>\n","protected":false},"featured_media":12597,"comment_status":"open","ping_status":"closed","template":"","meta":{"neve_meta_sidebar":"","neve_meta_container":"","neve_meta_enable_content_width":"off","neve_meta_content_width":100,"neve_meta_title_alignment":"","neve_meta_author_avatar":"","neve_post_elements_order":"","neve_meta_disable_header":"","neve_meta_disable_footer":"","neve_meta_disable_title":""},"product_brand":[],"product_cat":[48,16],"product_tag":[],"class_list":{"0":"post-12611","1":"product","2":"type-product","3":"status-publish","4":"has-post-thumbnail","6":"product_cat-allemagne","7":"product_cat-ceramique","9":"first","10":"instock","11":"shipping-taxable","12":"purchasable","13":"product-type-simple"},"_links":{"self":[{"href":"https:\/\/legrenierdelatour.be\/brocante\/wp-json\/wp\/v2\/product\/12611","targetHints":{"allow":["GET"]}}],"collection":[{"href":"https:\/\/legrenierdelatour.be\/brocante\/wp-json\/wp\/v2\/product"}],"about":[{"href":"https:\/\/legrenierdelatour.be\/brocante\/wp-json\/wp\/v2\/types\/product"}],"replies":[{"embeddable":true,"href":"https:\/\/legrenierdelatour.be\/brocante\/wp-json\/wp\/v2\/comments?post=12611"}],"wp:featuredmedia":[{"embeddable":true,"href":"https:\/\/legrenierdelatour.be\/brocante\/wp-json\/wp\/v2\/media\/12597"}],"wp:attachment":[{"href":"https:\/\/legrenierdelatour.be\/brocante\/wp-json\/wp\/v2\/media?parent=12611"}],"wp:term":[{"taxonomy":"product_brand","embeddable":true,"href":"https:\/\/legrenierdelatour.be\/brocante\/wp-json\/wp\/v2\/product_brand?post=12611"},{"taxonomy":"product_cat","embeddable":true,"href":"https:\/\/legrenierdelatour.be\/brocante\/wp-json\/wp\/v2\/product_cat?post=12611"},{"taxonomy":"product_tag","embeddable":true,"href":"https:\/\/legrenierdelatour.be\/brocante\/wp-json\/wp\/v2\/product_tag?post=12611"}],"curies":[{"name":"wp","href":"https:\/\/api.w.org\/{rel}","templated":true}]}}