{"id":1261,"date":"2022-04-06T11:47:43","date_gmt":"2022-04-06T09:47:43","guid":{"rendered":"https:\/\/legrenierdelatour.be\/brocante\/?post_type=product&#038;p=1261"},"modified":"2022-05-19T15:34:10","modified_gmt":"2022-05-19T13:34:10","slug":"vase-verre-ligne-rouge-or","status":"publish","type":"product","link":"https:\/\/legrenierdelatour.be\/brocante\/produit\/vase-verre-ligne-rouge-or\/","title":{"rendered":"Vase verre lign\u00e9 rouge\/or"},"content":{"rendered":"<p>Beau vase (22 cm de haut) en verre souffl\u00e9, dans un \u00e9tat impeccable. Il peut s&rsquo;agit \u00e9galement d&rsquo;un flacon dont manque le bouchon. Un petit \u00ab\u00a010\u00a0\u00bb dor\u00e9 est peint en-dessous, et il pourrait s&rsquo;agir d&rsquo;une production de Boom.<\/p>\n<p>R\u00e9f 6.19<\/p>\n","protected":false},"excerpt":{"rendered":"<p>Beau vase (22 cm de haut) en verre souffl\u00e9, dans un \u00e9tat impeccable. Il peut s&rsquo;agit \u00e9galement d&rsquo;un flacon dont manque le bouchon. Un petit \u00ab\u00a010\u00a0\u00bb dor\u00e9 est peint en-dessous, et il pourrait s&rsquo;agir d&rsquo;une production de Boom. R\u00e9f 6.19<\/p>\n","protected":false},"featured_media":1218,"comment_status":"open","ping_status":"closed","template":"","meta":{"neve_meta_sidebar":"","neve_meta_container":"","neve_meta_enable_content_width":"off","neve_meta_content_width":100,"neve_meta_title_alignment":"","neve_meta_author_avatar":"","neve_post_elements_order":"","neve_meta_disable_header":"","neve_meta_disable_footer":"","neve_meta_disable_title":""},"product_brand":[],"product_cat":[106,162,22],"product_tag":[40,100],"class_list":{"0":"post-1261","1":"product","2":"type-product","3":"status-publish","4":"has-post-thumbnail","6":"product_cat-boom","7":"product_cat-productions-belges","8":"product_cat-verrerie","9":"product_tag-belgique","10":"product_tag-boom","12":"first","13":"instock","14":"shipping-taxable","15":"purchasable","16":"product-type-simple"},"_links":{"self":[{"href":"https:\/\/legrenierdelatour.be\/brocante\/wp-json\/wp\/v2\/product\/1261","targetHints":{"allow":["GET"]}}],"collection":[{"href":"https:\/\/legrenierdelatour.be\/brocante\/wp-json\/wp\/v2\/product"}],"about":[{"href":"https:\/\/legrenierdelatour.be\/brocante\/wp-json\/wp\/v2\/types\/product"}],"replies":[{"embeddable":true,"href":"https:\/\/legrenierdelatour.be\/brocante\/wp-json\/wp\/v2\/comments?post=1261"}],"wp:featuredmedia":[{"embeddable":true,"href":"https:\/\/legrenierdelatour.be\/brocante\/wp-json\/wp\/v2\/media\/1218"}],"wp:attachment":[{"href":"https:\/\/legrenierdelatour.be\/brocante\/wp-json\/wp\/v2\/media?parent=1261"}],"wp:term":[{"taxonomy":"product_brand","embeddable":true,"href":"https:\/\/legrenierdelatour.be\/brocante\/wp-json\/wp\/v2\/product_brand?post=1261"},{"taxonomy":"product_cat","embeddable":true,"href":"https:\/\/legrenierdelatour.be\/brocante\/wp-json\/wp\/v2\/product_cat?post=1261"},{"taxonomy":"product_tag","embeddable":true,"href":"https:\/\/legrenierdelatour.be\/brocante\/wp-json\/wp\/v2\/product_tag?post=1261"}],"curies":[{"name":"wp","href":"https:\/\/api.w.org\/{rel}","templated":true}]}}