{"id":12609,"date":"2026-03-30T14:48:30","date_gmt":"2026-03-30T12:48:30","guid":{"rendered":"https:\/\/legrenierdelatour.be\/brocante\/?post_type=product&#038;p=12609"},"modified":"2026-03-30T14:50:00","modified_gmt":"2026-03-30T12:50:00","slug":"benitier-mi-hummel-goebel","status":"publish","type":"product","link":"https:\/\/legrenierdelatour.be\/brocante\/produit\/benitier-mi-hummel-goebel\/","title":{"rendered":"B\u00e9nitier MI Hummel, Goebel"},"content":{"rendered":"<div>B\u00e9nitier avec un enfant et des oiseaux (9 cm de long), portant le num\u00e9ro de forme 22\/0 et produit par Goebel en Allemagne. Il est sign\u00e9 MI Hummel.<\/div>\n<div>R\u00e9f 49.77<\/div>\n","protected":false},"excerpt":{"rendered":"<p>B\u00e9nitier avec un enfant et des oiseaux (9 cm de long), portant le num\u00e9ro de forme 22\/0 et produit par Goebel en Allemagne. Il est sign\u00e9 MI Hummel. R\u00e9f 49.77<\/p>\n","protected":false},"featured_media":12593,"comment_status":"open","ping_status":"closed","template":"","meta":{"neve_meta_sidebar":"","neve_meta_container":"","neve_meta_enable_content_width":"off","neve_meta_content_width":100,"neve_meta_title_alignment":"","neve_meta_author_avatar":"","neve_post_elements_order":"","neve_meta_disable_header":"","neve_meta_disable_footer":"","neve_meta_disable_title":""},"product_brand":[],"product_cat":[48,16,34],"product_tag":[],"class_list":{"0":"post-12609","1":"product","2":"type-product","3":"status-publish","4":"has-post-thumbnail","6":"product_cat-allemagne","7":"product_cat-ceramique","8":"product_cat-religiosa","10":"first","11":"instock","12":"shipping-taxable","13":"purchasable","14":"product-type-simple"},"_links":{"self":[{"href":"https:\/\/legrenierdelatour.be\/brocante\/wp-json\/wp\/v2\/product\/12609","targetHints":{"allow":["GET"]}}],"collection":[{"href":"https:\/\/legrenierdelatour.be\/brocante\/wp-json\/wp\/v2\/product"}],"about":[{"href":"https:\/\/legrenierdelatour.be\/brocante\/wp-json\/wp\/v2\/types\/product"}],"replies":[{"embeddable":true,"href":"https:\/\/legrenierdelatour.be\/brocante\/wp-json\/wp\/v2\/comments?post=12609"}],"wp:featuredmedia":[{"embeddable":true,"href":"https:\/\/legrenierdelatour.be\/brocante\/wp-json\/wp\/v2\/media\/12593"}],"wp:attachment":[{"href":"https:\/\/legrenierdelatour.be\/brocante\/wp-json\/wp\/v2\/media?parent=12609"}],"wp:term":[{"taxonomy":"product_brand","embeddable":true,"href":"https:\/\/legrenierdelatour.be\/brocante\/wp-json\/wp\/v2\/product_brand?post=12609"},{"taxonomy":"product_cat","embeddable":true,"href":"https:\/\/legrenierdelatour.be\/brocante\/wp-json\/wp\/v2\/product_cat?post=12609"},{"taxonomy":"product_tag","embeddable":true,"href":"https:\/\/legrenierdelatour.be\/brocante\/wp-json\/wp\/v2\/product_tag?post=12609"}],"curies":[{"name":"wp","href":"https:\/\/api.w.org\/{rel}","templated":true}]}}