{"id":12605,"date":"2026-03-30T14:25:53","date_gmt":"2026-03-30T12:25:53","guid":{"rendered":"https:\/\/legrenierdelatour.be\/brocante\/?post_type=product&#038;p=12605"},"modified":"2026-03-30T14:25:54","modified_gmt":"2026-03-30T12:25:54","slug":"rauchverzehrer-le-veilleur-de-nuit-geubel-1950","status":"publish","type":"product","link":"https:\/\/legrenierdelatour.be\/brocante\/produit\/rauchverzehrer-le-veilleur-de-nuit-geubel-1950\/","title":{"rendered":"\u00ab\u00a0Rauchverzehrer\u00a0\u00bb Le veilleur de nuit, Geubel, 1950"},"content":{"rendered":"<div>Figurine en c\u00e9ramique (22 cm de haut), repr\u00e9snetant un veilleur de nuit. Elle faisait office de diffuseur de lumi\u00e8re ou parfum (Rauchverzehrer). Elle a\u00e9t\u00e9 produite en Allemagne par la manufacture Geubel dans les ann\u00e9es 1950, d\u2019apr\u00e8s les dessins de MJ Hummel. Elle porte le num\u00e9ro de forme EF50, ainsi que la marque de Geubel dessous.<\/div>\n<div>R\u00e9f 49.73<\/div>\n","protected":false},"excerpt":{"rendered":"<p>Figurine en c\u00e9ramique (22 cm de haut), repr\u00e9snetant un veilleur de nuit. Elle faisait office de diffuseur de lumi\u00e8re ou parfum (Rauchverzehrer). Elle a\u00e9t\u00e9 produite en Allemagne par la manufacture Geubel dans les ann\u00e9es 1950, d\u2019apr\u00e8s les dessins de MJ Hummel. Elle porte le num\u00e9ro de forme EF50, ainsi que la marque de Geubel dessous.&hellip;&nbsp;<a href=\"https:\/\/legrenierdelatour.be\/brocante\/produit\/rauchverzehrer-le-veilleur-de-nuit-geubel-1950\/\" class=\"\" rel=\"bookmark\">Lire la suite &raquo;<span class=\"screen-reader-text\">\u00ab\u00a0Rauchverzehrer\u00a0\u00bb Le veilleur de nuit, Geubel, 1950<\/span><\/a><\/p>\n","protected":false},"featured_media":12582,"comment_status":"open","ping_status":"closed","template":"","meta":{"neve_meta_sidebar":"","neve_meta_container":"","neve_meta_enable_content_width":"off","neve_meta_content_width":100,"neve_meta_title_alignment":"","neve_meta_author_avatar":"","neve_post_elements_order":"","neve_meta_disable_header":"","neve_meta_disable_footer":"","neve_meta_disable_title":""},"product_brand":[],"product_cat":[48,16],"product_tag":[],"class_list":{"0":"post-12605","1":"product","2":"type-product","3":"status-publish","4":"has-post-thumbnail","6":"product_cat-allemagne","7":"product_cat-ceramique","9":"first","10":"instock","11":"shipping-taxable","12":"purchasable","13":"product-type-simple"},"_links":{"self":[{"href":"https:\/\/legrenierdelatour.be\/brocante\/wp-json\/wp\/v2\/product\/12605","targetHints":{"allow":["GET"]}}],"collection":[{"href":"https:\/\/legrenierdelatour.be\/brocante\/wp-json\/wp\/v2\/product"}],"about":[{"href":"https:\/\/legrenierdelatour.be\/brocante\/wp-json\/wp\/v2\/types\/product"}],"replies":[{"embeddable":true,"href":"https:\/\/legrenierdelatour.be\/brocante\/wp-json\/wp\/v2\/comments?post=12605"}],"wp:featuredmedia":[{"embeddable":true,"href":"https:\/\/legrenierdelatour.be\/brocante\/wp-json\/wp\/v2\/media\/12582"}],"wp:attachment":[{"href":"https:\/\/legrenierdelatour.be\/brocante\/wp-json\/wp\/v2\/media?parent=12605"}],"wp:term":[{"taxonomy":"product_brand","embeddable":true,"href":"https:\/\/legrenierdelatour.be\/brocante\/wp-json\/wp\/v2\/product_brand?post=12605"},{"taxonomy":"product_cat","embeddable":true,"href":"https:\/\/legrenierdelatour.be\/brocante\/wp-json\/wp\/v2\/product_cat?post=12605"},{"taxonomy":"product_tag","embeddable":true,"href":"https:\/\/legrenierdelatour.be\/brocante\/wp-json\/wp\/v2\/product_tag?post=12605"}],"curies":[{"name":"wp","href":"https:\/\/api.w.org\/{rel}","templated":true}]}}