{"id":12604,"date":"2026-03-30T14:06:43","date_gmt":"2026-03-30T12:06:43","guid":{"rendered":"https:\/\/legrenierdelatour.be\/brocante\/?post_type=product&#038;p=12604"},"modified":"2026-03-30T14:06:43","modified_gmt":"2026-03-30T12:06:43","slug":"boite-chocolats-cote-dor-three-bears","status":"publish","type":"product","link":"https:\/\/legrenierdelatour.be\/brocante\/produit\/boite-chocolats-cote-dor-three-bears\/","title":{"rendered":"Bo\u00eete Chocolats C\u00f4te D&rsquo;or, Three Bears"},"content":{"rendered":"<p>Bo\u00eete de chocolat C\u00f4te d\u2019Or (13 cm de long) portant des illustrations en anglais des Trois Ours. Elle date de 1948.<\/p>\n<div>R\u00e9f 49.72<\/div>\n","protected":false},"excerpt":{"rendered":"<p>Bo\u00eete de chocolat C\u00f4te d\u2019Or (13 cm de long) portant des illustrations en anglais des Trois Ours. Elle date de 1948. R\u00e9f 49.72<\/p>\n","protected":false},"featured_media":12574,"comment_status":"open","ping_status":"closed","template":"","meta":{"neve_meta_sidebar":"","neve_meta_container":"","neve_meta_enable_content_width":"off","neve_meta_content_width":100,"neve_meta_title_alignment":"","neve_meta_author_avatar":"","neve_post_elements_order":"","neve_meta_disable_header":"","neve_meta_disable_footer":"","neve_meta_disable_title":""},"product_brand":[],"product_cat":[173],"product_tag":[],"class_list":{"0":"post-12604","1":"product","2":"type-product","3":"status-publish","4":"has-post-thumbnail","6":"product_cat-objets-de-publicite","8":"first","9":"instock","10":"shipping-taxable","11":"purchasable","12":"product-type-simple"},"_links":{"self":[{"href":"https:\/\/legrenierdelatour.be\/brocante\/wp-json\/wp\/v2\/product\/12604","targetHints":{"allow":["GET"]}}],"collection":[{"href":"https:\/\/legrenierdelatour.be\/brocante\/wp-json\/wp\/v2\/product"}],"about":[{"href":"https:\/\/legrenierdelatour.be\/brocante\/wp-json\/wp\/v2\/types\/product"}],"replies":[{"embeddable":true,"href":"https:\/\/legrenierdelatour.be\/brocante\/wp-json\/wp\/v2\/comments?post=12604"}],"wp:featuredmedia":[{"embeddable":true,"href":"https:\/\/legrenierdelatour.be\/brocante\/wp-json\/wp\/v2\/media\/12574"}],"wp:attachment":[{"href":"https:\/\/legrenierdelatour.be\/brocante\/wp-json\/wp\/v2\/media?parent=12604"}],"wp:term":[{"taxonomy":"product_brand","embeddable":true,"href":"https:\/\/legrenierdelatour.be\/brocante\/wp-json\/wp\/v2\/product_brand?post=12604"},{"taxonomy":"product_cat","embeddable":true,"href":"https:\/\/legrenierdelatour.be\/brocante\/wp-json\/wp\/v2\/product_cat?post=12604"},{"taxonomy":"product_tag","embeddable":true,"href":"https:\/\/legrenierdelatour.be\/brocante\/wp-json\/wp\/v2\/product_tag?post=12604"}],"curies":[{"name":"wp","href":"https:\/\/api.w.org\/{rel}","templated":true}]}}