{"id":12603,"date":"2026-03-30T14:00:44","date_gmt":"2026-03-30T12:00:44","guid":{"rendered":"https:\/\/legrenierdelatour.be\/brocante\/?post_type=product&#038;p=12603"},"modified":"2026-03-30T14:05:45","modified_gmt":"2026-03-30T12:05:45","slug":"vase-boch-la-louviere-chevallier-art-deco","status":"publish","type":"product","link":"https:\/\/legrenierdelatour.be\/brocante\/produit\/vase-boch-la-louviere-chevallier-art-deco\/","title":{"rendered":"Vase Boch La Louvi\u00e8re, Chevallier Art d\u00e9co"},"content":{"rendered":"<p>Vase en fa\u00efence (21 cm de haut) produit par Boch La Louvi\u00e8re dans les ann\u00e9es 1940-1950. Il porte le num\u00e9ro de forme en creux 1475, le cachet dor\u00e9 de la manufacture et le num\u00e9ro de d\u00e9cor peint en dor\u00e9 D5906. Le style distinctif rehauss\u00e9 d\u2019or ici, est caract\u00e9ristique des cr\u00e9ations de Raymond Henri Chevallier (1900-1959), un designer majeur de Boch K\u00e9ramis \u00e0 l\u2019Epoque Art d\u00e9co et qui a dirig\u00e9 l\u2019atelier de cr\u00e9ation artistique de 1937 \u00e0 1954.<\/p>\n<div>R\u00e9f 49.71<\/div>\n","protected":false},"excerpt":{"rendered":"<p>Vase en fa\u00efence (21 cm de haut) produit par Boch La Louvi\u00e8re dans les ann\u00e9es 1940-1950. Il porte le num\u00e9ro de forme en creux 1475, le cachet dor\u00e9 de la manufacture et le num\u00e9ro de d\u00e9cor peint en dor\u00e9 D5906. Le style distinctif rehauss\u00e9 d\u2019or ici, est caract\u00e9ristique des cr\u00e9ations de Raymond Henri Chevallier (1900-1959),&hellip;&nbsp;<a href=\"https:\/\/legrenierdelatour.be\/brocante\/produit\/vase-boch-la-louviere-chevallier-art-deco\/\" class=\"\" rel=\"bookmark\">Lire la suite &raquo;<span class=\"screen-reader-text\">Vase Boch La Louvi\u00e8re, Chevallier Art d\u00e9co<\/span><\/a><\/p>\n","protected":false},"featured_media":12577,"comment_status":"open","ping_status":"closed","template":"","meta":{"neve_meta_sidebar":"","neve_meta_container":"","neve_meta_enable_content_width":"off","neve_meta_content_width":100,"neve_meta_title_alignment":"","neve_meta_author_avatar":"","neve_post_elements_order":"","neve_meta_disable_header":"","neve_meta_disable_footer":"","neve_meta_disable_title":""},"product_brand":[],"product_cat":[37,175,16],"product_tag":[],"class_list":{"0":"post-12603","1":"product","2":"type-product","3":"status-publish","4":"has-post-thumbnail","6":"product_cat-belgique","7":"product_cat-boch","8":"product_cat-ceramique","10":"first","11":"instock","12":"shipping-taxable","13":"purchasable","14":"product-type-simple"},"_links":{"self":[{"href":"https:\/\/legrenierdelatour.be\/brocante\/wp-json\/wp\/v2\/product\/12603","targetHints":{"allow":["GET"]}}],"collection":[{"href":"https:\/\/legrenierdelatour.be\/brocante\/wp-json\/wp\/v2\/product"}],"about":[{"href":"https:\/\/legrenierdelatour.be\/brocante\/wp-json\/wp\/v2\/types\/product"}],"replies":[{"embeddable":true,"href":"https:\/\/legrenierdelatour.be\/brocante\/wp-json\/wp\/v2\/comments?post=12603"}],"wp:featuredmedia":[{"embeddable":true,"href":"https:\/\/legrenierdelatour.be\/brocante\/wp-json\/wp\/v2\/media\/12577"}],"wp:attachment":[{"href":"https:\/\/legrenierdelatour.be\/brocante\/wp-json\/wp\/v2\/media?parent=12603"}],"wp:term":[{"taxonomy":"product_brand","embeddable":true,"href":"https:\/\/legrenierdelatour.be\/brocante\/wp-json\/wp\/v2\/product_brand?post=12603"},{"taxonomy":"product_cat","embeddable":true,"href":"https:\/\/legrenierdelatour.be\/brocante\/wp-json\/wp\/v2\/product_cat?post=12603"},{"taxonomy":"product_tag","embeddable":true,"href":"https:\/\/legrenierdelatour.be\/brocante\/wp-json\/wp\/v2\/product_tag?post=12603"}],"curies":[{"name":"wp","href":"https:\/\/api.w.org\/{rel}","templated":true}]}}