{"id":12601,"date":"2026-03-30T13:49:23","date_gmt":"2026-03-30T11:49:23","guid":{"rendered":"https:\/\/legrenierdelatour.be\/brocante\/?post_type=product&#038;p=12601"},"modified":"2026-03-30T13:49:23","modified_gmt":"2026-03-30T11:49:23","slug":"bobbleheads-en-ceramique-vintage","status":"publish","type":"product","link":"https:\/\/legrenierdelatour.be\/brocante\/produit\/bobbleheads-en-ceramique-vintage\/","title":{"rendered":"Bobbleheads en c\u00e9ramique, vintage"},"content":{"rendered":"<div>Couple de personnages en c\u00e9ramique (15 cm de haut), \u00a0\u00e0 t\u00eate mouvante, des \u00ab Bobblehead \u00bb ou t\u00eates branlantes. Les t\u00eates sont mont\u00e9es sur des ressorts pour bouger et des aimants dans la bouche permettent aux figurines de se rapprocher. Elles ont sans doute \u00e9t\u00e9 fabriqu\u00e9es au Japon ou en Cor\u00e9e dans les ann\u00e9es 1950-60.<\/div>\n<div>R\u00e9f 49.70<\/div>\n","protected":false},"excerpt":{"rendered":"<p>Couple de personnages en c\u00e9ramique (15 cm de haut), \u00a0\u00e0 t\u00eate mouvante, des \u00ab Bobblehead \u00bb ou t\u00eates branlantes. Les t\u00eates sont mont\u00e9es sur des ressorts pour bouger et des aimants dans la bouche permettent aux figurines de se rapprocher. Elles ont sans doute \u00e9t\u00e9 fabriqu\u00e9es au Japon ou en Cor\u00e9e dans les ann\u00e9es 1950-60.&hellip;&nbsp;<a href=\"https:\/\/legrenierdelatour.be\/brocante\/produit\/bobbleheads-en-ceramique-vintage\/\" class=\"\" rel=\"bookmark\">Lire la suite &raquo;<span class=\"screen-reader-text\">Bobbleheads en c\u00e9ramique, vintage<\/span><\/a><\/p>\n","protected":false},"featured_media":12581,"comment_status":"open","ping_status":"closed","template":"","meta":{"neve_meta_sidebar":"","neve_meta_container":"","neve_meta_enable_content_width":"off","neve_meta_content_width":100,"neve_meta_title_alignment":"","neve_meta_author_avatar":"","neve_post_elements_order":"","neve_meta_disable_header":"","neve_meta_disable_footer":"","neve_meta_disable_title":""},"product_brand":[],"product_cat":[16,171],"product_tag":[],"class_list":{"0":"post-12601","1":"product","2":"type-product","3":"status-publish","4":"has-post-thumbnail","6":"product_cat-ceramique","7":"product_cat-jeux-et-jardin","9":"first","10":"instock","11":"shipping-taxable","12":"purchasable","13":"product-type-simple"},"_links":{"self":[{"href":"https:\/\/legrenierdelatour.be\/brocante\/wp-json\/wp\/v2\/product\/12601","targetHints":{"allow":["GET"]}}],"collection":[{"href":"https:\/\/legrenierdelatour.be\/brocante\/wp-json\/wp\/v2\/product"}],"about":[{"href":"https:\/\/legrenierdelatour.be\/brocante\/wp-json\/wp\/v2\/types\/product"}],"replies":[{"embeddable":true,"href":"https:\/\/legrenierdelatour.be\/brocante\/wp-json\/wp\/v2\/comments?post=12601"}],"wp:featuredmedia":[{"embeddable":true,"href":"https:\/\/legrenierdelatour.be\/brocante\/wp-json\/wp\/v2\/media\/12581"}],"wp:attachment":[{"href":"https:\/\/legrenierdelatour.be\/brocante\/wp-json\/wp\/v2\/media?parent=12601"}],"wp:term":[{"taxonomy":"product_brand","embeddable":true,"href":"https:\/\/legrenierdelatour.be\/brocante\/wp-json\/wp\/v2\/product_brand?post=12601"},{"taxonomy":"product_cat","embeddable":true,"href":"https:\/\/legrenierdelatour.be\/brocante\/wp-json\/wp\/v2\/product_cat?post=12601"},{"taxonomy":"product_tag","embeddable":true,"href":"https:\/\/legrenierdelatour.be\/brocante\/wp-json\/wp\/v2\/product_tag?post=12601"}],"curies":[{"name":"wp","href":"https:\/\/api.w.org\/{rel}","templated":true}]}}