{"id":1259,"date":"2022-04-06T11:37:13","date_gmt":"2022-04-06T09:37:13","guid":{"rendered":"https:\/\/legrenierdelatour.be\/brocante\/?post_type=product&#038;p=1259"},"modified":"2022-05-19T15:34:33","modified_gmt":"2022-05-19T13:34:33","slug":"ensemble-de-toilette-verre-or","status":"publish","type":"product","link":"https:\/\/legrenierdelatour.be\/brocante\/produit\/ensemble-de-toilette-verre-or\/","title":{"rendered":"Ensemble de toilette verre, or"},"content":{"rendered":"<p>Ensemble de deux ustensiles de toilette en verre souffl\u00e9 (14 cm et 10 cm de haut) dans le style de la manufacture de Boom, sans doute dans les ann\u00e9es 1950. Le flacon est l\u00e9g\u00e8rement ab\u00eem\u00e9 au niveau du goulot.<\/p>\n<p>R\u00e9f 6.21<\/p>\n","protected":false},"excerpt":{"rendered":"<p>Ensemble de deux ustensiles de toilette en verre souffl\u00e9 (14 cm et 10 cm de haut) dans le style de la manufacture de Boom, sans doute dans les ann\u00e9es 1950. Le flacon est l\u00e9g\u00e8rement ab\u00eem\u00e9 au niveau du goulot. R\u00e9f 6.21<\/p>\n","protected":false},"featured_media":1219,"comment_status":"open","ping_status":"closed","template":"","meta":{"neve_meta_sidebar":"","neve_meta_container":"","neve_meta_enable_content_width":"off","neve_meta_content_width":100,"neve_meta_title_alignment":"","neve_meta_author_avatar":"","neve_post_elements_order":"","neve_meta_disable_header":"","neve_meta_disable_footer":"","neve_meta_disable_title":""},"product_brand":[],"product_cat":[106,162,22],"product_tag":[40,100,28],"class_list":{"0":"post-1259","1":"product","2":"type-product","3":"status-publish","4":"has-post-thumbnail","6":"product_cat-boom","7":"product_cat-productions-belges","8":"product_cat-verrerie","9":"product_tag-belgique","10":"product_tag-boom","11":"product_tag-vintage","13":"first","14":"instock","15":"shipping-taxable","16":"purchasable","17":"product-type-simple"},"_links":{"self":[{"href":"https:\/\/legrenierdelatour.be\/brocante\/wp-json\/wp\/v2\/product\/1259","targetHints":{"allow":["GET"]}}],"collection":[{"href":"https:\/\/legrenierdelatour.be\/brocante\/wp-json\/wp\/v2\/product"}],"about":[{"href":"https:\/\/legrenierdelatour.be\/brocante\/wp-json\/wp\/v2\/types\/product"}],"replies":[{"embeddable":true,"href":"https:\/\/legrenierdelatour.be\/brocante\/wp-json\/wp\/v2\/comments?post=1259"}],"wp:featuredmedia":[{"embeddable":true,"href":"https:\/\/legrenierdelatour.be\/brocante\/wp-json\/wp\/v2\/media\/1219"}],"wp:attachment":[{"href":"https:\/\/legrenierdelatour.be\/brocante\/wp-json\/wp\/v2\/media?parent=1259"}],"wp:term":[{"taxonomy":"product_brand","embeddable":true,"href":"https:\/\/legrenierdelatour.be\/brocante\/wp-json\/wp\/v2\/product_brand?post=1259"},{"taxonomy":"product_cat","embeddable":true,"href":"https:\/\/legrenierdelatour.be\/brocante\/wp-json\/wp\/v2\/product_cat?post=1259"},{"taxonomy":"product_tag","embeddable":true,"href":"https:\/\/legrenierdelatour.be\/brocante\/wp-json\/wp\/v2\/product_tag?post=1259"}],"curies":[{"name":"wp","href":"https:\/\/api.w.org\/{rel}","templated":true}]}}