{"id":1257,"date":"2022-04-06T11:28:20","date_gmt":"2022-04-06T09:28:20","guid":{"rendered":"https:\/\/legrenierdelatour.be\/brocante\/?post_type=product&#038;p=1257"},"modified":"2022-05-19T15:33:17","modified_gmt":"2022-05-19T13:33:17","slug":"flacon-a-liqueur-et-6-verres-vert","status":"publish","type":"product","link":"https:\/\/legrenierdelatour.be\/brocante\/produit\/flacon-a-liqueur-et-6-verres-vert\/","title":{"rendered":"Flacon \u00e0 liqueur et 6 verres vert"},"content":{"rendered":"<p>Beau flacon \u00e0 liqueur (18 cm de haut) avec ses 6 verres (5 cm de haut), en tr\u00e8s bon \u00e9tat g\u00e9n\u00e9ral. Les dorures sont sans doute peintes \u00e0 la main, et il s&rsquo;agit d&rsquo;une production similaire aux productions Boom et Doyen. Pas de marque visible.<\/p>\n<p>R\u00e9f 6.60<\/p>\n","protected":false},"excerpt":{"rendered":"<p>Beau flacon \u00e0 liqueur (18 cm de haut) avec ses 6 verres (5 cm de haut), en tr\u00e8s bon \u00e9tat g\u00e9n\u00e9ral. Les dorures sont sans doute peintes \u00e0 la main, et il s&rsquo;agit d&rsquo;une production similaire aux productions Boom et Doyen. Pas de marque visible. R\u00e9f 6.60<\/p>\n","protected":false},"featured_media":1224,"comment_status":"open","ping_status":"closed","template":"","meta":{"neve_meta_sidebar":"","neve_meta_container":"","neve_meta_enable_content_width":"off","neve_meta_content_width":100,"neve_meta_title_alignment":"","neve_meta_author_avatar":"","neve_post_elements_order":"","neve_meta_disable_header":"","neve_meta_disable_footer":"","neve_meta_disable_title":""},"product_brand":[],"product_cat":[106,107,162,22],"product_tag":[40,100,108,28],"class_list":{"0":"post-1257","1":"product","2":"type-product","3":"status-publish","4":"has-post-thumbnail","6":"product_cat-boom","7":"product_cat-doyen","8":"product_cat-productions-belges","9":"product_cat-verrerie","10":"product_tag-belgique","11":"product_tag-boom","12":"product_tag-doyen","13":"product_tag-vintage","15":"first","16":"instock","17":"shipping-taxable","18":"purchasable","19":"product-type-simple"},"_links":{"self":[{"href":"https:\/\/legrenierdelatour.be\/brocante\/wp-json\/wp\/v2\/product\/1257","targetHints":{"allow":["GET"]}}],"collection":[{"href":"https:\/\/legrenierdelatour.be\/brocante\/wp-json\/wp\/v2\/product"}],"about":[{"href":"https:\/\/legrenierdelatour.be\/brocante\/wp-json\/wp\/v2\/types\/product"}],"replies":[{"embeddable":true,"href":"https:\/\/legrenierdelatour.be\/brocante\/wp-json\/wp\/v2\/comments?post=1257"}],"wp:featuredmedia":[{"embeddable":true,"href":"https:\/\/legrenierdelatour.be\/brocante\/wp-json\/wp\/v2\/media\/1224"}],"wp:attachment":[{"href":"https:\/\/legrenierdelatour.be\/brocante\/wp-json\/wp\/v2\/media?parent=1257"}],"wp:term":[{"taxonomy":"product_brand","embeddable":true,"href":"https:\/\/legrenierdelatour.be\/brocante\/wp-json\/wp\/v2\/product_brand?post=1257"},{"taxonomy":"product_cat","embeddable":true,"href":"https:\/\/legrenierdelatour.be\/brocante\/wp-json\/wp\/v2\/product_cat?post=1257"},{"taxonomy":"product_tag","embeddable":true,"href":"https:\/\/legrenierdelatour.be\/brocante\/wp-json\/wp\/v2\/product_tag?post=1257"}],"curies":[{"name":"wp","href":"https:\/\/api.w.org\/{rel}","templated":true}]}}