{"id":12564,"date":"2026-03-27T18:15:00","date_gmt":"2026-03-27T17:15:00","guid":{"rendered":"https:\/\/legrenierdelatour.be\/brocante\/?post_type=product&#038;p=12564"},"modified":"2026-03-27T18:15:00","modified_gmt":"2026-03-27T17:15:00","slug":"chants-de-refus-de-anise-koltz-aquarelles-de-anne-slacik","status":"publish","type":"product","link":"https:\/\/legrenierdelatour.be\/brocante\/produit\/chants-de-refus-de-anise-koltz-aquarelles-de-anne-slacik\/","title":{"rendered":"\u00ab\u00a0Chants de refus\u00a0\u00bb, de Anise Koltz, Aquarelles de Anne Slacik"},"content":{"rendered":"<p>Livre de po\u00e8mes de Anise Koltz \u00ab\u00a0Chants de refus\u00a0\u00bb, illustr\u00e9 par Anne Slacik, une artiste fran\u00e7aise. Anise Koltz (1928 Eich Luxembourg &#8211; 2023 Luxembourg) est une po\u00e9tesse luxembourgeoise de langue allemande et fran\u00e7aise. Elle est laur\u00e9ate du prix Jean-Arp de litt\u00e9rature francophone pour l\u2019ensemble de son oeuvre et du Prix Goncourt de la po\u00e9sie. Cette \u00e9dition comprends 7 aquarelles originales de Anne Slacik. Ce volume \u00e9dit\u00e9 en 1996 par les Editions Lucien Schweitzer \u00e0 Luxembourg, est une \u00e9dition limit\u00e9e de 30 exemplaires num\u00e9rot\u00e9s ; celui-ci est le num\u00e9ro 15, sign\u00e9 par Anise Koltz et par Anne Slacik.<\/p>\n<div>R\u00e9f 49.68<\/div>\n","protected":false},"excerpt":{"rendered":"<p>Livre de po\u00e8mes de Anise Koltz \u00ab\u00a0Chants de refus\u00a0\u00bb, illustr\u00e9 par Anne Slacik, une artiste fran\u00e7aise. Anise Koltz (1928 Eich Luxembourg &#8211; 2023 Luxembourg) est une po\u00e9tesse luxembourgeoise de langue allemande et fran\u00e7aise. Elle est laur\u00e9ate du prix Jean-Arp de litt\u00e9rature francophone pour l\u2019ensemble de son oeuvre et du Prix Goncourt de la po\u00e9sie. Cette&hellip;&nbsp;<a href=\"https:\/\/legrenierdelatour.be\/brocante\/produit\/chants-de-refus-de-anise-koltz-aquarelles-de-anne-slacik\/\" class=\"\" rel=\"bookmark\">Lire la suite &raquo;<span class=\"screen-reader-text\">\u00ab\u00a0Chants de refus\u00a0\u00bb, de Anise Koltz, Aquarelles de Anne Slacik<\/span><\/a><\/p>\n","protected":false},"featured_media":12565,"comment_status":"open","ping_status":"closed","template":"","meta":{"neve_meta_sidebar":"","neve_meta_container":"","neve_meta_enable_content_width":"off","neve_meta_content_width":100,"neve_meta_title_alignment":"","neve_meta_author_avatar":"","neve_post_elements_order":"","neve_meta_disable_header":"","neve_meta_disable_footer":"","neve_meta_disable_title":""},"product_brand":[],"product_cat":[166,167],"product_tag":[],"class_list":{"0":"post-12564","1":"product","2":"type-product","3":"status-publish","4":"has-post-thumbnail","6":"product_cat-luxemburgensia-luxemburgensia","7":"product_cat-peintures-et-sculptures","9":"first","10":"instock","11":"shipping-taxable","12":"purchasable","13":"product-type-simple"},"_links":{"self":[{"href":"https:\/\/legrenierdelatour.be\/brocante\/wp-json\/wp\/v2\/product\/12564","targetHints":{"allow":["GET"]}}],"collection":[{"href":"https:\/\/legrenierdelatour.be\/brocante\/wp-json\/wp\/v2\/product"}],"about":[{"href":"https:\/\/legrenierdelatour.be\/brocante\/wp-json\/wp\/v2\/types\/product"}],"replies":[{"embeddable":true,"href":"https:\/\/legrenierdelatour.be\/brocante\/wp-json\/wp\/v2\/comments?post=12564"}],"wp:featuredmedia":[{"embeddable":true,"href":"https:\/\/legrenierdelatour.be\/brocante\/wp-json\/wp\/v2\/media\/12565"}],"wp:attachment":[{"href":"https:\/\/legrenierdelatour.be\/brocante\/wp-json\/wp\/v2\/media?parent=12564"}],"wp:term":[{"taxonomy":"product_brand","embeddable":true,"href":"https:\/\/legrenierdelatour.be\/brocante\/wp-json\/wp\/v2\/product_brand?post=12564"},{"taxonomy":"product_cat","embeddable":true,"href":"https:\/\/legrenierdelatour.be\/brocante\/wp-json\/wp\/v2\/product_cat?post=12564"},{"taxonomy":"product_tag","embeddable":true,"href":"https:\/\/legrenierdelatour.be\/brocante\/wp-json\/wp\/v2\/product_tag?post=12564"}],"curies":[{"name":"wp","href":"https:\/\/api.w.org\/{rel}","templated":true}]}}