{"id":12560,"date":"2026-03-26T18:21:40","date_gmt":"2026-03-26T17:21:40","guid":{"rendered":"https:\/\/legrenierdelatour.be\/brocante\/?post_type=product&#038;p=12560"},"modified":"2026-03-26T18:21:41","modified_gmt":"2026-03-26T17:21:41","slug":"photographie-de-marie-howet-novembre-1965","status":"publish","type":"product","link":"https:\/\/legrenierdelatour.be\/brocante\/produit\/photographie-de-marie-howet-novembre-1965\/","title":{"rendered":"Photographie de Marie Howet, Novembre 1965"},"content":{"rendered":"<p>Photographie (12&#215;8 cm sans cadre) de Marie Howet entour\u00e9e d\u2019\u00e9l\u00e8ves de l\u2019Ecole Normale de Virton. Elle est dat\u00e9e au verso de novembre 1965. La sc\u00e8ne se passe sans doute chez Marie Howet.<\/p>\n<div>R\u00e9f 49.65<\/div>\n","protected":false},"excerpt":{"rendered":"<p>Photographie (12&#215;8 cm sans cadre) de Marie Howet entour\u00e9e d\u2019\u00e9l\u00e8ves de l\u2019Ecole Normale de Virton. Elle est dat\u00e9e au verso de novembre 1965. La sc\u00e8ne se passe sans doute chez Marie Howet. R\u00e9f 49.65<\/p>\n","protected":false},"featured_media":12563,"comment_status":"open","ping_status":"closed","template":"","meta":{"neve_meta_sidebar":"","neve_meta_container":"","neve_meta_enable_content_width":"off","neve_meta_content_width":100,"neve_meta_title_alignment":"","neve_meta_author_avatar":"","neve_post_elements_order":"","neve_meta_disable_header":"","neve_meta_disable_footer":"","neve_meta_disable_title":""},"product_brand":[],"product_cat":[31,167],"product_tag":[],"class_list":{"0":"post-12560","1":"product","2":"type-product","3":"status-publish","4":"has-post-thumbnail","6":"product_cat-pays-darlon","7":"product_cat-peintures-et-sculptures","9":"first","10":"instock","11":"shipping-taxable","12":"purchasable","13":"product-type-simple"},"_links":{"self":[{"href":"https:\/\/legrenierdelatour.be\/brocante\/wp-json\/wp\/v2\/product\/12560","targetHints":{"allow":["GET"]}}],"collection":[{"href":"https:\/\/legrenierdelatour.be\/brocante\/wp-json\/wp\/v2\/product"}],"about":[{"href":"https:\/\/legrenierdelatour.be\/brocante\/wp-json\/wp\/v2\/types\/product"}],"replies":[{"embeddable":true,"href":"https:\/\/legrenierdelatour.be\/brocante\/wp-json\/wp\/v2\/comments?post=12560"}],"wp:featuredmedia":[{"embeddable":true,"href":"https:\/\/legrenierdelatour.be\/brocante\/wp-json\/wp\/v2\/media\/12563"}],"wp:attachment":[{"href":"https:\/\/legrenierdelatour.be\/brocante\/wp-json\/wp\/v2\/media?parent=12560"}],"wp:term":[{"taxonomy":"product_brand","embeddable":true,"href":"https:\/\/legrenierdelatour.be\/brocante\/wp-json\/wp\/v2\/product_brand?post=12560"},{"taxonomy":"product_cat","embeddable":true,"href":"https:\/\/legrenierdelatour.be\/brocante\/wp-json\/wp\/v2\/product_cat?post=12560"},{"taxonomy":"product_tag","embeddable":true,"href":"https:\/\/legrenierdelatour.be\/brocante\/wp-json\/wp\/v2\/product_tag?post=12560"}],"curies":[{"name":"wp","href":"https:\/\/api.w.org\/{rel}","templated":true}]}}