{"id":1256,"date":"2022-04-06T11:25:52","date_gmt":"2022-04-06T09:25:52","guid":{"rendered":"https:\/\/legrenierdelatour.be\/brocante\/?post_type=product&#038;p=1256"},"modified":"2022-05-19T15:33:44","modified_gmt":"2022-05-19T13:33:44","slug":"vase-en-verre-vert-et-dorures","status":"publish","type":"product","link":"https:\/\/legrenierdelatour.be\/brocante\/produit\/vase-en-verre-vert-et-dorures\/","title":{"rendered":"Vase en verre vert et dorures"},"content":{"rendered":"<p>Beau vase en verre souffl\u00e9 (14 cm de haut) avec cerclages dor\u00e9s sans doute peints \u00e0 la main. Il est en tr\u00e8s bon \u00e9tat et dans le style des verreries belges Boom ou Doyen.<\/p>\n<p>R\u00e9f 6.77<\/p>\n","protected":false},"excerpt":{"rendered":"<p>Beau vase en verre souffl\u00e9 (14 cm de haut) avec cerclages dor\u00e9s sans doute peints \u00e0 la main. Il est en tr\u00e8s bon \u00e9tat et dans le style des verreries belges Boom ou Doyen. R\u00e9f 6.77<\/p>\n","protected":false},"featured_media":1226,"comment_status":"open","ping_status":"closed","template":"","meta":{"neve_meta_sidebar":"","neve_meta_container":"","neve_meta_enable_content_width":"off","neve_meta_content_width":100,"neve_meta_title_alignment":"","neve_meta_author_avatar":"","neve_post_elements_order":"","neve_meta_disable_header":"","neve_meta_disable_footer":"","neve_meta_disable_title":""},"product_brand":[],"product_cat":[106,107,162,22],"product_tag":[40,100,108,28],"class_list":{"0":"post-1256","1":"product","2":"type-product","3":"status-publish","4":"has-post-thumbnail","6":"product_cat-boom","7":"product_cat-doyen","8":"product_cat-productions-belges","9":"product_cat-verrerie","10":"product_tag-belgique","11":"product_tag-boom","12":"product_tag-doyen","13":"product_tag-vintage","15":"first","16":"instock","17":"shipping-taxable","18":"purchasable","19":"product-type-simple"},"_links":{"self":[{"href":"https:\/\/legrenierdelatour.be\/brocante\/wp-json\/wp\/v2\/product\/1256","targetHints":{"allow":["GET"]}}],"collection":[{"href":"https:\/\/legrenierdelatour.be\/brocante\/wp-json\/wp\/v2\/product"}],"about":[{"href":"https:\/\/legrenierdelatour.be\/brocante\/wp-json\/wp\/v2\/types\/product"}],"replies":[{"embeddable":true,"href":"https:\/\/legrenierdelatour.be\/brocante\/wp-json\/wp\/v2\/comments?post=1256"}],"wp:featuredmedia":[{"embeddable":true,"href":"https:\/\/legrenierdelatour.be\/brocante\/wp-json\/wp\/v2\/media\/1226"}],"wp:attachment":[{"href":"https:\/\/legrenierdelatour.be\/brocante\/wp-json\/wp\/v2\/media?parent=1256"}],"wp:term":[{"taxonomy":"product_brand","embeddable":true,"href":"https:\/\/legrenierdelatour.be\/brocante\/wp-json\/wp\/v2\/product_brand?post=1256"},{"taxonomy":"product_cat","embeddable":true,"href":"https:\/\/legrenierdelatour.be\/brocante\/wp-json\/wp\/v2\/product_cat?post=1256"},{"taxonomy":"product_tag","embeddable":true,"href":"https:\/\/legrenierdelatour.be\/brocante\/wp-json\/wp\/v2\/product_tag?post=1256"}],"curies":[{"name":"wp","href":"https:\/\/api.w.org\/{rel}","templated":true}]}}