{"id":1255,"date":"2022-04-06T11:22:37","date_gmt":"2022-04-06T09:22:37","guid":{"rendered":"https:\/\/legrenierdelatour.be\/brocante\/?post_type=product&#038;p=1255"},"modified":"2022-05-19T15:36:13","modified_gmt":"2022-05-19T13:36:13","slug":"carafe-en-verre-avec-dorures","status":"publish","type":"product","link":"https:\/\/legrenierdelatour.be\/brocante\/produit\/carafe-en-verre-avec-dorures\/","title":{"rendered":"Carafe en verre avec dorures"},"content":{"rendered":"<p>Jolie carafe (26 cm de haut) en verre souffl\u00e9, \u00a0avec dorures, sans doute peintes \u00e0 la main. Il n&rsquo;y a pas de marque visible mais c&rsquo;est une production dans le style de Boom (1925-1995) ou Doyen en Belgique. La carafe est en tr\u00e8s bon \u00e9tat.<\/p>\n<p>R\u00e9f 7.11<\/p>\n","protected":false},"excerpt":{"rendered":"<p>Jolie carafe (26 cm de haut) en verre souffl\u00e9, \u00a0avec dorures, sans doute peintes \u00e0 la main. Il n&rsquo;y a pas de marque visible mais c&rsquo;est une production dans le style de Boom (1925-1995) ou Doyen en Belgique. La carafe est en tr\u00e8s bon \u00e9tat. R\u00e9f 7.11<\/p>\n","protected":false},"featured_media":1228,"comment_status":"open","ping_status":"closed","template":"","meta":{"neve_meta_sidebar":"","neve_meta_container":"","neve_meta_enable_content_width":"off","neve_meta_content_width":100,"neve_meta_title_alignment":"","neve_meta_author_avatar":"","neve_post_elements_order":"","neve_meta_disable_header":"","neve_meta_disable_footer":"","neve_meta_disable_title":""},"product_brand":[],"product_cat":[106,107,162,22],"product_tag":[40,100,108],"class_list":{"0":"post-1255","1":"product","2":"type-product","3":"status-publish","4":"has-post-thumbnail","6":"product_cat-boom","7":"product_cat-doyen","8":"product_cat-productions-belges","9":"product_cat-verrerie","10":"product_tag-belgique","11":"product_tag-boom","12":"product_tag-doyen","14":"first","15":"instock","16":"shipping-taxable","17":"purchasable","18":"product-type-simple"},"_links":{"self":[{"href":"https:\/\/legrenierdelatour.be\/brocante\/wp-json\/wp\/v2\/product\/1255","targetHints":{"allow":["GET"]}}],"collection":[{"href":"https:\/\/legrenierdelatour.be\/brocante\/wp-json\/wp\/v2\/product"}],"about":[{"href":"https:\/\/legrenierdelatour.be\/brocante\/wp-json\/wp\/v2\/types\/product"}],"replies":[{"embeddable":true,"href":"https:\/\/legrenierdelatour.be\/brocante\/wp-json\/wp\/v2\/comments?post=1255"}],"wp:featuredmedia":[{"embeddable":true,"href":"https:\/\/legrenierdelatour.be\/brocante\/wp-json\/wp\/v2\/media\/1228"}],"wp:attachment":[{"href":"https:\/\/legrenierdelatour.be\/brocante\/wp-json\/wp\/v2\/media?parent=1255"}],"wp:term":[{"taxonomy":"product_brand","embeddable":true,"href":"https:\/\/legrenierdelatour.be\/brocante\/wp-json\/wp\/v2\/product_brand?post=1255"},{"taxonomy":"product_cat","embeddable":true,"href":"https:\/\/legrenierdelatour.be\/brocante\/wp-json\/wp\/v2\/product_cat?post=1255"},{"taxonomy":"product_tag","embeddable":true,"href":"https:\/\/legrenierdelatour.be\/brocante\/wp-json\/wp\/v2\/product_tag?post=1255"}],"curies":[{"name":"wp","href":"https:\/\/api.w.org\/{rel}","templated":true}]}}