{"id":12532,"date":"2026-03-22T17:40:10","date_gmt":"2026-03-22T16:40:10","guid":{"rendered":"https:\/\/legrenierdelatour.be\/brocante\/?post_type=product&#038;p=12532"},"modified":"2026-03-22T17:40:11","modified_gmt":"2026-03-22T16:40:11","slug":"terrine-ovale-et-son-plateau-faience-dattert-18e-siecle","status":"publish","type":"product","link":"https:\/\/legrenierdelatour.be\/brocante\/produit\/terrine-ovale-et-son-plateau-faience-dattert-18e-siecle\/","title":{"rendered":"Terrine ovale et son plateau, Fa\u00efence d&rsquo;Attert, 18\u00e8 si\u00e8cle"},"content":{"rendered":"<p>Ensemble en fa\u00efence de la manufacture d\u2019Attert (1780-1809) compos\u00e9 d\u2019une terrine ovale (28 cm de long sans anses) et son plateau (39 cm de long) de forme de style r\u00e9gence, avec un d\u00e9cor en cama\u00efeu bleu au grand feu dit \u00ab Au tr\u00e8fle \u00bb . Le couvercle poss\u00e8de un fretel en forme de poire couch\u00e9e avec tigelle et deux feuilles peintes en bleu. Le plateau de forme festonn\u00e9e, d\u00e9cor\u00e9 de dents de loup en bordure et brindilles sur l\u2019aile, porte un d\u00e9cor \u00ab Aux tr\u00e8fles \u00bb au centre du bassin. Les deux \u00e9l\u00e9ments portent les marques d\u2019Attert : APL2 sous la terrine et sous le couvercle; APL5 sous le plateau. La fa\u00efencerie d&rsquo;Attert a \u00e9t\u00e9 cr\u00e9\u00e9e par Jean-Michel Poncelet qui transforma la demeure familiale (le Domaine Poncelet) qu\u2019il agrandira pour ses fins de production.<\/p>\n","protected":false},"excerpt":{"rendered":"<p>Ensemble en fa\u00efence de la manufacture d\u2019Attert (1780-1809) compos\u00e9 d\u2019une terrine ovale (28 cm de long sans anses) et son plateau (39 cm de long) de forme de style r\u00e9gence, avec un d\u00e9cor en cama\u00efeu bleu au grand feu dit \u00ab Au tr\u00e8fle \u00bb . Le couvercle poss\u00e8de un fretel en forme de poire couch\u00e9e&hellip;&nbsp;<a href=\"https:\/\/legrenierdelatour.be\/brocante\/produit\/terrine-ovale-et-son-plateau-faience-dattert-18e-siecle\/\" class=\"\" rel=\"bookmark\">Lire la suite &raquo;<span class=\"screen-reader-text\">Terrine ovale et son plateau, Fa\u00efence d&rsquo;Attert, 18\u00e8 si\u00e8cle<\/span><\/a><\/p>\n","protected":false},"featured_media":12542,"comment_status":"open","ping_status":"closed","template":"","meta":{"neve_meta_sidebar":"","neve_meta_container":"","neve_meta_enable_content_width":"off","neve_meta_content_width":100,"neve_meta_title_alignment":"","neve_meta_author_avatar":"","neve_post_elements_order":"","neve_meta_disable_header":"","neve_meta_disable_footer":"","neve_meta_disable_title":""},"product_brand":[],"product_cat":[37,16,31],"product_tag":[],"class_list":{"0":"post-12532","1":"product","2":"type-product","3":"status-publish","4":"has-post-thumbnail","6":"product_cat-belgique","7":"product_cat-ceramique","8":"product_cat-pays-darlon","10":"first","11":"instock","12":"shipping-taxable","13":"purchasable","14":"product-type-simple"},"_links":{"self":[{"href":"https:\/\/legrenierdelatour.be\/brocante\/wp-json\/wp\/v2\/product\/12532","targetHints":{"allow":["GET"]}}],"collection":[{"href":"https:\/\/legrenierdelatour.be\/brocante\/wp-json\/wp\/v2\/product"}],"about":[{"href":"https:\/\/legrenierdelatour.be\/brocante\/wp-json\/wp\/v2\/types\/product"}],"replies":[{"embeddable":true,"href":"https:\/\/legrenierdelatour.be\/brocante\/wp-json\/wp\/v2\/comments?post=12532"}],"wp:featuredmedia":[{"embeddable":true,"href":"https:\/\/legrenierdelatour.be\/brocante\/wp-json\/wp\/v2\/media\/12542"}],"wp:attachment":[{"href":"https:\/\/legrenierdelatour.be\/brocante\/wp-json\/wp\/v2\/media?parent=12532"}],"wp:term":[{"taxonomy":"product_brand","embeddable":true,"href":"https:\/\/legrenierdelatour.be\/brocante\/wp-json\/wp\/v2\/product_brand?post=12532"},{"taxonomy":"product_cat","embeddable":true,"href":"https:\/\/legrenierdelatour.be\/brocante\/wp-json\/wp\/v2\/product_cat?post=12532"},{"taxonomy":"product_tag","embeddable":true,"href":"https:\/\/legrenierdelatour.be\/brocante\/wp-json\/wp\/v2\/product_tag?post=12532"}],"curies":[{"name":"wp","href":"https:\/\/api.w.org\/{rel}","templated":true}]}}