{"id":1253,"date":"2022-04-06T11:02:11","date_gmt":"2022-04-06T09:02:11","guid":{"rendered":"https:\/\/legrenierdelatour.be\/brocante\/?post_type=product&#038;p=1253"},"modified":"2024-05-20T18:06:56","modified_gmt":"2024-05-20T16:06:56","slug":"coupelle-verre-rose-luxval","status":"publish","type":"product","link":"https:\/\/legrenierdelatour.be\/brocante\/produit\/coupelle-verre-rose-luxval\/","title":{"rendered":"Coupelle verre rose Luxval"},"content":{"rendered":"<p>Petites \u00ab\u00a0Coquilles \u00e0 glace\u00a0\u00bb (12,5 cm de diam\u00e8tre) issus de la s\u00e9rie \u00ab\u00a0Villancourt\u00a0\u00bb de la collection Luxval, Val Saint Lambert. Les designer en sont Charles Graffart et Ren\u00e9 Delvenne. Produites dans les ann\u00e9es 1930, certaines pr\u00e9sentent de petits coups sur les bords, plus ou moins discrets.<\/p>\n<p>Les coupelles, 9 disponibles, sont vendues \u00e0 la pi\u00e8ce au prix de 10\u20ac.<\/p>\n<p>R\u00e9f 7.42<\/p>\n","protected":false},"excerpt":{"rendered":"<p>Petites \u00ab\u00a0Coquilles \u00e0 glace\u00a0\u00bb (12,5 cm de diam\u00e8tre) issus de la s\u00e9rie \u00ab\u00a0Villancourt\u00a0\u00bb de la collection Luxval, Val Saint Lambert. Les designer en sont Charles Graffart et Ren\u00e9 Delvenne. Produites dans les ann\u00e9es 1930, certaines pr\u00e9sentent de petits coups sur les bords, plus ou moins discrets. Les coupelles, 9 disponibles, sont vendues \u00e0 la pi\u00e8ce&hellip;&nbsp;<a href=\"https:\/\/legrenierdelatour.be\/brocante\/produit\/coupelle-verre-rose-luxval\/\" class=\"\" rel=\"bookmark\">Lire la suite &raquo;<span class=\"screen-reader-text\">Coupelle verre rose Luxval<\/span><\/a><\/p>\n","protected":false},"featured_media":1230,"comment_status":"open","ping_status":"closed","template":"","meta":{"neve_meta_sidebar":"","neve_meta_container":"","neve_meta_enable_content_width":"off","neve_meta_content_width":100,"neve_meta_title_alignment":"","neve_meta_author_avatar":"","neve_post_elements_order":"","neve_meta_disable_header":"","neve_meta_disable_footer":"","neve_meta_disable_title":""},"product_brand":[],"product_cat":[64,162,63,22],"product_tag":[40,65],"class_list":{"0":"post-1253","1":"product","2":"type-product","3":"status-publish","4":"has-post-thumbnail","6":"product_cat-luxval","7":"product_cat-productions-belges","8":"product_cat-val-saint-lambert","9":"product_cat-verrerie","10":"product_tag-belgique","11":"product_tag-luxval","13":"first","14":"instock","15":"shipping-taxable","16":"purchasable","17":"product-type-simple"},"_links":{"self":[{"href":"https:\/\/legrenierdelatour.be\/brocante\/wp-json\/wp\/v2\/product\/1253","targetHints":{"allow":["GET"]}}],"collection":[{"href":"https:\/\/legrenierdelatour.be\/brocante\/wp-json\/wp\/v2\/product"}],"about":[{"href":"https:\/\/legrenierdelatour.be\/brocante\/wp-json\/wp\/v2\/types\/product"}],"replies":[{"embeddable":true,"href":"https:\/\/legrenierdelatour.be\/brocante\/wp-json\/wp\/v2\/comments?post=1253"}],"wp:featuredmedia":[{"embeddable":true,"href":"https:\/\/legrenierdelatour.be\/brocante\/wp-json\/wp\/v2\/media\/1230"}],"wp:attachment":[{"href":"https:\/\/legrenierdelatour.be\/brocante\/wp-json\/wp\/v2\/media?parent=1253"}],"wp:term":[{"taxonomy":"product_brand","embeddable":true,"href":"https:\/\/legrenierdelatour.be\/brocante\/wp-json\/wp\/v2\/product_brand?post=1253"},{"taxonomy":"product_cat","embeddable":true,"href":"https:\/\/legrenierdelatour.be\/brocante\/wp-json\/wp\/v2\/product_cat?post=1253"},{"taxonomy":"product_tag","embeddable":true,"href":"https:\/\/legrenierdelatour.be\/brocante\/wp-json\/wp\/v2\/product_tag?post=1253"}],"curies":[{"name":"wp","href":"https:\/\/api.w.org\/{rel}","templated":true}]}}