{"id":12522,"date":"2026-03-21T13:54:13","date_gmt":"2026-03-21T12:54:13","guid":{"rendered":"https:\/\/legrenierdelatour.be\/brocante\/?post_type=product&#038;p=12522"},"modified":"2026-03-21T13:54:13","modified_gmt":"2026-03-21T12:54:13","slug":"assiette-colombe-leon-nosbusch","status":"publish","type":"product","link":"https:\/\/legrenierdelatour.be\/brocante\/produit\/assiette-colombe-leon-nosbusch\/","title":{"rendered":"Assiette Colombe, L\u00e9on Nosbusch"},"content":{"rendered":"<p>Belle assiette d\u00e9corative en c\u00e9ramique (26 cm de diam\u00e8tre) d\u00e9cor\u00e9e d\u2019une colombe sur une branche. elle est sign\u00e9e au dos L Nosbusch et dat\u00e9e de 1958. L\u00e9on Nosbusch (1897-1979), un sculpteur et peintre luxembourgeois, entre autres directeur d\u2019une fabrique de porcelaine \u00e0 Bruxelles. Il a obtenu le Prix Grand-Duc adolphe en 1929. Elle est en tr\u00e8s bon \u00e9tat.<\/p>\n<div>R\u00e9f 49.52<\/div>\n","protected":false},"excerpt":{"rendered":"<p>Belle assiette d\u00e9corative en c\u00e9ramique (26 cm de diam\u00e8tre) d\u00e9cor\u00e9e d\u2019une colombe sur une branche. elle est sign\u00e9e au dos L Nosbusch et dat\u00e9e de 1958. L\u00e9on Nosbusch (1897-1979), un sculpteur et peintre luxembourgeois, entre autres directeur d\u2019une fabrique de porcelaine \u00e0 Bruxelles. Il a obtenu le Prix Grand-Duc adolphe en 1929. Elle est en&hellip;&nbsp;<a href=\"https:\/\/legrenierdelatour.be\/brocante\/produit\/assiette-colombe-leon-nosbusch\/\" class=\"\" rel=\"bookmark\">Lire la suite &raquo;<span class=\"screen-reader-text\">Assiette Colombe, L\u00e9on Nosbusch<\/span><\/a><\/p>\n","protected":false},"featured_media":12523,"comment_status":"open","ping_status":"closed","template":"","meta":{"neve_meta_sidebar":"","neve_meta_container":"","neve_meta_enable_content_width":"off","neve_meta_content_width":100,"neve_meta_title_alignment":"","neve_meta_author_avatar":"","neve_post_elements_order":"","neve_meta_disable_header":"","neve_meta_disable_footer":"","neve_meta_disable_title":""},"product_brand":[],"product_cat":[16,165,166,167],"product_tag":[],"class_list":{"0":"post-12522","1":"product","2":"type-product","3":"status-publish","4":"has-post-thumbnail","6":"product_cat-ceramique","7":"product_cat-luxembourg","8":"product_cat-luxemburgensia-luxemburgensia","9":"product_cat-peintures-et-sculptures","11":"first","12":"instock","13":"shipping-taxable","14":"purchasable","15":"product-type-simple"},"_links":{"self":[{"href":"https:\/\/legrenierdelatour.be\/brocante\/wp-json\/wp\/v2\/product\/12522","targetHints":{"allow":["GET"]}}],"collection":[{"href":"https:\/\/legrenierdelatour.be\/brocante\/wp-json\/wp\/v2\/product"}],"about":[{"href":"https:\/\/legrenierdelatour.be\/brocante\/wp-json\/wp\/v2\/types\/product"}],"replies":[{"embeddable":true,"href":"https:\/\/legrenierdelatour.be\/brocante\/wp-json\/wp\/v2\/comments?post=12522"}],"wp:featuredmedia":[{"embeddable":true,"href":"https:\/\/legrenierdelatour.be\/brocante\/wp-json\/wp\/v2\/media\/12523"}],"wp:attachment":[{"href":"https:\/\/legrenierdelatour.be\/brocante\/wp-json\/wp\/v2\/media?parent=12522"}],"wp:term":[{"taxonomy":"product_brand","embeddable":true,"href":"https:\/\/legrenierdelatour.be\/brocante\/wp-json\/wp\/v2\/product_brand?post=12522"},{"taxonomy":"product_cat","embeddable":true,"href":"https:\/\/legrenierdelatour.be\/brocante\/wp-json\/wp\/v2\/product_cat?post=12522"},{"taxonomy":"product_tag","embeddable":true,"href":"https:\/\/legrenierdelatour.be\/brocante\/wp-json\/wp\/v2\/product_tag?post=12522"}],"curies":[{"name":"wp","href":"https:\/\/api.w.org\/{rel}","templated":true}]}}