{"id":12519,"date":"2026-03-20T14:13:01","date_gmt":"2026-03-20T13:13:01","guid":{"rendered":"https:\/\/legrenierdelatour.be\/brocante\/?post_type=product&#038;p=12519"},"modified":"2026-03-20T14:31:14","modified_gmt":"2026-03-20T13:31:14","slug":"peinture-paysage-noel-boudy-fin-du-19e-siecle","status":"publish","type":"product","link":"https:\/\/legrenierdelatour.be\/brocante\/produit\/peinture-paysage-noel-boudy-fin-du-19e-siecle\/","title":{"rendered":"Peinture \u00ab\u00a0Paysage\u00a0\u00bb, No\u00ebl Boudy, fin du 19\u00e8 si\u00e8cle"},"content":{"rendered":"<p>Belle peinture \u00e0 l\u2019huile sur panneau (45&#215;37 cm cadre compris) sign\u00e9 en bas \u00e0 droite \u00ab\u00a0No\u00ebl Boudy\u00a0\u00bb. No\u00ebl Boudy (1864-1902) est un artiste fran\u00e7ais (Corr\u00e8ze), \u00e9l\u00e8ve d\u2019Auguste Hiolle et de JL G\u00e9r\u00f4me. membre de la Soci\u00e9t\u00e9 des Artistes Fran\u00e7ais, il exposa r\u00e9guli\u00e8rement au salon de 1888 \u00e0 1896.<\/p>\n<div>R\u00e9f 49.47<\/div>\n","protected":false},"excerpt":{"rendered":"<p>Belle peinture \u00e0 l\u2019huile sur panneau (45&#215;37 cm cadre compris) sign\u00e9 en bas \u00e0 droite \u00ab\u00a0No\u00ebl Boudy\u00a0\u00bb. No\u00ebl Boudy (1864-1902) est un artiste fran\u00e7ais (Corr\u00e8ze), \u00e9l\u00e8ve d\u2019Auguste Hiolle et de JL G\u00e9r\u00f4me. membre de la Soci\u00e9t\u00e9 des Artistes Fran\u00e7ais, il exposa r\u00e9guli\u00e8rement au salon de 1888 \u00e0 1896. R\u00e9f 49.47<\/p>\n","protected":false},"featured_media":12510,"comment_status":"open","ping_status":"closed","template":"","meta":{"neve_meta_sidebar":"","neve_meta_container":"","neve_meta_enable_content_width":"off","neve_meta_content_width":100,"neve_meta_title_alignment":"","neve_meta_author_avatar":"","neve_post_elements_order":"","neve_meta_disable_header":"","neve_meta_disable_footer":"","neve_meta_disable_title":""},"product_brand":[],"product_cat":[167],"product_tag":[],"class_list":{"0":"post-12519","1":"product","2":"type-product","3":"status-publish","4":"has-post-thumbnail","6":"product_cat-peintures-et-sculptures","8":"first","9":"instock","10":"shipping-taxable","11":"purchasable","12":"product-type-simple"},"_links":{"self":[{"href":"https:\/\/legrenierdelatour.be\/brocante\/wp-json\/wp\/v2\/product\/12519","targetHints":{"allow":["GET"]}}],"collection":[{"href":"https:\/\/legrenierdelatour.be\/brocante\/wp-json\/wp\/v2\/product"}],"about":[{"href":"https:\/\/legrenierdelatour.be\/brocante\/wp-json\/wp\/v2\/types\/product"}],"replies":[{"embeddable":true,"href":"https:\/\/legrenierdelatour.be\/brocante\/wp-json\/wp\/v2\/comments?post=12519"}],"wp:featuredmedia":[{"embeddable":true,"href":"https:\/\/legrenierdelatour.be\/brocante\/wp-json\/wp\/v2\/media\/12510"}],"wp:attachment":[{"href":"https:\/\/legrenierdelatour.be\/brocante\/wp-json\/wp\/v2\/media?parent=12519"}],"wp:term":[{"taxonomy":"product_brand","embeddable":true,"href":"https:\/\/legrenierdelatour.be\/brocante\/wp-json\/wp\/v2\/product_brand?post=12519"},{"taxonomy":"product_cat","embeddable":true,"href":"https:\/\/legrenierdelatour.be\/brocante\/wp-json\/wp\/v2\/product_cat?post=12519"},{"taxonomy":"product_tag","embeddable":true,"href":"https:\/\/legrenierdelatour.be\/brocante\/wp-json\/wp\/v2\/product_tag?post=12519"}],"curies":[{"name":"wp","href":"https:\/\/api.w.org\/{rel}","templated":true}]}}