{"id":12506,"date":"2026-03-20T14:00:33","date_gmt":"2026-03-20T13:00:33","guid":{"rendered":"https:\/\/legrenierdelatour.be\/brocante\/?post_type=product&#038;p=12506"},"modified":"2026-03-20T14:12:06","modified_gmt":"2026-03-20T13:12:06","slug":"peinture-sur-panneau-paysage-ardennais-ph-sch","status":"publish","type":"product","link":"https:\/\/legrenierdelatour.be\/brocante\/produit\/peinture-sur-panneau-paysage-ardennais-ph-sch\/","title":{"rendered":"Peinture sur panneau, Paysage ardennais, Ph. Sch&#8230;?"},"content":{"rendered":"<p>Peinture \u00e0 l\u2019huile sur panneau (37&#215;29 cm cadre compris) repr\u00e9sentant un paysage bois\u00e9 avec \u00e9glise. L\u2019endroit n\u2019a pas pu \u00eatre identifi\u00e9. Il est sign\u00e9 en bas \u00e0 droite, signature non identifi\u00e9e \u00ab\u00a0PH.Schaskollier?\u00a0\u00bb . Le style et le sujet s\u2019apparante aux artistes des Ardennes (au sens large du terme) de la premi\u00e8re moiti\u00e9 du XX\u00e8 si\u00e8cle.<\/p>\n<div>R\u00e9f 49.46<\/div>\n","protected":false},"excerpt":{"rendered":"<p>Peinture \u00e0 l\u2019huile sur panneau (37&#215;29 cm cadre compris) repr\u00e9sentant un paysage bois\u00e9 avec \u00e9glise. L\u2019endroit n\u2019a pas pu \u00eatre identifi\u00e9. Il est sign\u00e9 en bas \u00e0 droite, signature non identifi\u00e9e \u00ab\u00a0PH.Schaskollier?\u00a0\u00bb . Le style et le sujet s\u2019apparante aux artistes des Ardennes (au sens large du terme) de la premi\u00e8re moiti\u00e9 du XX\u00e8 si\u00e8cle.&hellip;&nbsp;<a href=\"https:\/\/legrenierdelatour.be\/brocante\/produit\/peinture-sur-panneau-paysage-ardennais-ph-sch\/\" class=\"\" rel=\"bookmark\">Lire la suite &raquo;<span class=\"screen-reader-text\">Peinture sur panneau, Paysage ardennais, Ph. Sch&#8230;?<\/span><\/a><\/p>\n","protected":false},"featured_media":12513,"comment_status":"open","ping_status":"closed","template":"","meta":{"neve_meta_sidebar":"","neve_meta_container":"","neve_meta_enable_content_width":"off","neve_meta_content_width":100,"neve_meta_title_alignment":"","neve_meta_author_avatar":"","neve_post_elements_order":"","neve_meta_disable_header":"","neve_meta_disable_footer":"","neve_meta_disable_title":""},"product_brand":[],"product_cat":[167],"product_tag":[],"class_list":{"0":"post-12506","1":"product","2":"type-product","3":"status-publish","4":"has-post-thumbnail","6":"product_cat-peintures-et-sculptures","8":"first","9":"instock","10":"shipping-taxable","11":"purchasable","12":"product-type-simple"},"_links":{"self":[{"href":"https:\/\/legrenierdelatour.be\/brocante\/wp-json\/wp\/v2\/product\/12506","targetHints":{"allow":["GET"]}}],"collection":[{"href":"https:\/\/legrenierdelatour.be\/brocante\/wp-json\/wp\/v2\/product"}],"about":[{"href":"https:\/\/legrenierdelatour.be\/brocante\/wp-json\/wp\/v2\/types\/product"}],"replies":[{"embeddable":true,"href":"https:\/\/legrenierdelatour.be\/brocante\/wp-json\/wp\/v2\/comments?post=12506"}],"wp:featuredmedia":[{"embeddable":true,"href":"https:\/\/legrenierdelatour.be\/brocante\/wp-json\/wp\/v2\/media\/12513"}],"wp:attachment":[{"href":"https:\/\/legrenierdelatour.be\/brocante\/wp-json\/wp\/v2\/media?parent=12506"}],"wp:term":[{"taxonomy":"product_brand","embeddable":true,"href":"https:\/\/legrenierdelatour.be\/brocante\/wp-json\/wp\/v2\/product_brand?post=12506"},{"taxonomy":"product_cat","embeddable":true,"href":"https:\/\/legrenierdelatour.be\/brocante\/wp-json\/wp\/v2\/product_cat?post=12506"},{"taxonomy":"product_tag","embeddable":true,"href":"https:\/\/legrenierdelatour.be\/brocante\/wp-json\/wp\/v2\/product_tag?post=12506"}],"curies":[{"name":"wp","href":"https:\/\/api.w.org\/{rel}","templated":true}]}}