{"id":12504,"date":"2026-03-19T14:16:15","date_gmt":"2026-03-19T13:16:15","guid":{"rendered":"https:\/\/legrenierdelatour.be\/brocante\/?post_type=product&#038;p=12504"},"modified":"2026-03-19T14:16:16","modified_gmt":"2026-03-19T13:16:16","slug":"medaillon-tete-de-femme-ernest-bernardy","status":"publish","type":"product","link":"https:\/\/legrenierdelatour.be\/brocante\/produit\/medaillon-tete-de-femme-ernest-bernardy\/","title":{"rendered":"M\u00e9daillon \u00ab\u00a0T\u00eate de femme\u00a0\u00bb, Ernest Bernardy"},"content":{"rendered":"<p>M\u00e9daillon en c\u00e9ramique (5 cm de diam\u00e8tre plus ou moins) repr\u00e9sentant un visage f\u00e9minin. Elle est sign\u00e9e dessous E. Bernardy, avec la mention \u00ab\u00a0pi\u00e8ce unique\u00a0\u00bb . Ernest Bernardy (Athus 1923-2000), un artiste athusien, attach\u00e9 \u00e0 la Gaume. Ernest Bernardy, apr\u00e8s avoir fait l\u2019Acad\u00e9mie des Beaux Arts notamment \u00e0 Arlon, travaillera d\u00e8s 1947 comme professeur de dessin puis de c\u00e9ramique \u00e0 l\u2019Ath\u00e9n\u00e9e Royal de Virton. Install\u00e9 \u00e0 Saint Mard, il enseignera jusqu\u2019en 1986.<\/p>\n<div>R\u00e9f 49.44<\/div>\n","protected":false},"excerpt":{"rendered":"<p>M\u00e9daillon en c\u00e9ramique (5 cm de diam\u00e8tre plus ou moins) repr\u00e9sentant un visage f\u00e9minin. Elle est sign\u00e9e dessous E. Bernardy, avec la mention \u00ab\u00a0pi\u00e8ce unique\u00a0\u00bb . Ernest Bernardy (Athus 1923-2000), un artiste athusien, attach\u00e9 \u00e0 la Gaume. Ernest Bernardy, apr\u00e8s avoir fait l\u2019Acad\u00e9mie des Beaux Arts notamment \u00e0 Arlon, travaillera d\u00e8s 1947 comme professeur de&hellip;&nbsp;<a href=\"https:\/\/legrenierdelatour.be\/brocante\/produit\/medaillon-tete-de-femme-ernest-bernardy\/\" class=\"\" rel=\"bookmark\">Lire la suite &raquo;<span class=\"screen-reader-text\">M\u00e9daillon \u00ab\u00a0T\u00eate de femme\u00a0\u00bb, Ernest Bernardy<\/span><\/a><\/p>\n","protected":false},"featured_media":12500,"comment_status":"open","ping_status":"closed","template":"","meta":{"neve_meta_sidebar":"","neve_meta_container":"","neve_meta_enable_content_width":"off","neve_meta_content_width":100,"neve_meta_title_alignment":"","neve_meta_author_avatar":"","neve_post_elements_order":"","neve_meta_disable_header":"","neve_meta_disable_footer":"","neve_meta_disable_title":""},"product_brand":[],"product_cat":[16,31,167],"product_tag":[],"class_list":{"0":"post-12504","1":"product","2":"type-product","3":"status-publish","4":"has-post-thumbnail","6":"product_cat-ceramique","7":"product_cat-pays-darlon","8":"product_cat-peintures-et-sculptures","10":"first","11":"instock","12":"shipping-taxable","13":"purchasable","14":"product-type-simple"},"_links":{"self":[{"href":"https:\/\/legrenierdelatour.be\/brocante\/wp-json\/wp\/v2\/product\/12504","targetHints":{"allow":["GET"]}}],"collection":[{"href":"https:\/\/legrenierdelatour.be\/brocante\/wp-json\/wp\/v2\/product"}],"about":[{"href":"https:\/\/legrenierdelatour.be\/brocante\/wp-json\/wp\/v2\/types\/product"}],"replies":[{"embeddable":true,"href":"https:\/\/legrenierdelatour.be\/brocante\/wp-json\/wp\/v2\/comments?post=12504"}],"wp:featuredmedia":[{"embeddable":true,"href":"https:\/\/legrenierdelatour.be\/brocante\/wp-json\/wp\/v2\/media\/12500"}],"wp:attachment":[{"href":"https:\/\/legrenierdelatour.be\/brocante\/wp-json\/wp\/v2\/media?parent=12504"}],"wp:term":[{"taxonomy":"product_brand","embeddable":true,"href":"https:\/\/legrenierdelatour.be\/brocante\/wp-json\/wp\/v2\/product_brand?post=12504"},{"taxonomy":"product_cat","embeddable":true,"href":"https:\/\/legrenierdelatour.be\/brocante\/wp-json\/wp\/v2\/product_cat?post=12504"},{"taxonomy":"product_tag","embeddable":true,"href":"https:\/\/legrenierdelatour.be\/brocante\/wp-json\/wp\/v2\/product_tag?post=12504"}],"curies":[{"name":"wp","href":"https:\/\/api.w.org\/{rel}","templated":true}]}}