{"id":12489,"date":"2026-03-19T13:37:15","date_gmt":"2026-03-19T12:37:15","guid":{"rendered":"https:\/\/legrenierdelatour.be\/brocante\/?post_type=product&#038;p=12489"},"modified":"2026-03-19T13:37:16","modified_gmt":"2026-03-19T12:37:16","slug":"moule-en-platre-pour-plaque-ceramique-saint-hubert","status":"publish","type":"product","link":"https:\/\/legrenierdelatour.be\/brocante\/produit\/moule-en-platre-pour-plaque-ceramique-saint-hubert\/","title":{"rendered":"Moule en pl\u00e2tre pour plaque c\u00e9ramique Saint Hubert"},"content":{"rendered":"<p>Moule en pl\u00e2tre (44&#215;27) pour mouler une plaque de c\u00e9ramique (33&#215;17 cm de surface utile) portant une repr\u00e9sentation stylis\u00e9e de Saint Hubert.<\/p>\n<div>R\u00e9f 49.41<\/div>\n","protected":false},"excerpt":{"rendered":"<p>Moule en pl\u00e2tre (44&#215;27) pour mouler une plaque de c\u00e9ramique (33&#215;17 cm de surface utile) portant une repr\u00e9sentation stylis\u00e9e de Saint Hubert. R\u00e9f 49.41<\/p>\n","protected":false},"featured_media":12491,"comment_status":"open","ping_status":"closed","template":"","meta":{"neve_meta_sidebar":"","neve_meta_container":"","neve_meta_enable_content_width":"off","neve_meta_content_width":100,"neve_meta_title_alignment":"","neve_meta_author_avatar":"","neve_post_elements_order":"","neve_meta_disable_header":"","neve_meta_disable_footer":"","neve_meta_disable_title":""},"product_brand":[],"product_cat":[16,31,167],"product_tag":[],"class_list":{"0":"post-12489","1":"product","2":"type-product","3":"status-publish","4":"has-post-thumbnail","6":"product_cat-ceramique","7":"product_cat-pays-darlon","8":"product_cat-peintures-et-sculptures","10":"first","11":"instock","12":"shipping-taxable","13":"purchasable","14":"product-type-simple"},"_links":{"self":[{"href":"https:\/\/legrenierdelatour.be\/brocante\/wp-json\/wp\/v2\/product\/12489","targetHints":{"allow":["GET"]}}],"collection":[{"href":"https:\/\/legrenierdelatour.be\/brocante\/wp-json\/wp\/v2\/product"}],"about":[{"href":"https:\/\/legrenierdelatour.be\/brocante\/wp-json\/wp\/v2\/types\/product"}],"replies":[{"embeddable":true,"href":"https:\/\/legrenierdelatour.be\/brocante\/wp-json\/wp\/v2\/comments?post=12489"}],"wp:featuredmedia":[{"embeddable":true,"href":"https:\/\/legrenierdelatour.be\/brocante\/wp-json\/wp\/v2\/media\/12491"}],"wp:attachment":[{"href":"https:\/\/legrenierdelatour.be\/brocante\/wp-json\/wp\/v2\/media?parent=12489"}],"wp:term":[{"taxonomy":"product_brand","embeddable":true,"href":"https:\/\/legrenierdelatour.be\/brocante\/wp-json\/wp\/v2\/product_brand?post=12489"},{"taxonomy":"product_cat","embeddable":true,"href":"https:\/\/legrenierdelatour.be\/brocante\/wp-json\/wp\/v2\/product_cat?post=12489"},{"taxonomy":"product_tag","embeddable":true,"href":"https:\/\/legrenierdelatour.be\/brocante\/wp-json\/wp\/v2\/product_tag?post=12489"}],"curies":[{"name":"wp","href":"https:\/\/api.w.org\/{rel}","templated":true}]}}