{"id":12488,"date":"2026-03-18T16:51:14","date_gmt":"2026-03-18T15:51:14","guid":{"rendered":"https:\/\/legrenierdelatour.be\/brocante\/?post_type=product&#038;p=12488"},"modified":"2026-03-19T13:36:04","modified_gmt":"2026-03-19T12:36:04","slug":"gravure-luxembourg-hein-2","status":"publish","type":"product","link":"https:\/\/legrenierdelatour.be\/brocante\/produit\/gravure-luxembourg-hein-2\/","title":{"rendered":"Gravure Luxembourg, Hein?"},"content":{"rendered":"<p>Gravure (32&#215;25 cm) d\u2019un int\u00e9rieur d&rsquo;\u00e9glise, sign\u00e9e en bas \u00e0 droite Hein? et dat\u00e9 1945.<\/p>\n<div>R\u00e9f 48.72<\/div>\n","protected":false},"excerpt":{"rendered":"<p>Gravure (32&#215;25 cm) d\u2019un int\u00e9rieur d&rsquo;\u00e9glise, sign\u00e9e en bas \u00e0 droite Hein? et dat\u00e9 1945. R\u00e9f 48.72<\/p>\n","protected":false},"featured_media":12462,"comment_status":"open","ping_status":"closed","template":"","meta":{"neve_meta_sidebar":"","neve_meta_container":"","neve_meta_enable_content_width":"off","neve_meta_content_width":100,"neve_meta_title_alignment":"","neve_meta_author_avatar":"","neve_post_elements_order":"","neve_meta_disable_header":"","neve_meta_disable_footer":"","neve_meta_disable_title":""},"product_brand":[],"product_cat":[166,167],"product_tag":[],"class_list":{"0":"post-12488","1":"product","2":"type-product","3":"status-publish","4":"has-post-thumbnail","6":"product_cat-luxemburgensia-luxemburgensia","7":"product_cat-peintures-et-sculptures","9":"first","10":"instock","11":"shipping-taxable","12":"purchasable","13":"product-type-simple"},"_links":{"self":[{"href":"https:\/\/legrenierdelatour.be\/brocante\/wp-json\/wp\/v2\/product\/12488","targetHints":{"allow":["GET"]}}],"collection":[{"href":"https:\/\/legrenierdelatour.be\/brocante\/wp-json\/wp\/v2\/product"}],"about":[{"href":"https:\/\/legrenierdelatour.be\/brocante\/wp-json\/wp\/v2\/types\/product"}],"replies":[{"embeddable":true,"href":"https:\/\/legrenierdelatour.be\/brocante\/wp-json\/wp\/v2\/comments?post=12488"}],"wp:featuredmedia":[{"embeddable":true,"href":"https:\/\/legrenierdelatour.be\/brocante\/wp-json\/wp\/v2\/media\/12462"}],"wp:attachment":[{"href":"https:\/\/legrenierdelatour.be\/brocante\/wp-json\/wp\/v2\/media?parent=12488"}],"wp:term":[{"taxonomy":"product_brand","embeddable":true,"href":"https:\/\/legrenierdelatour.be\/brocante\/wp-json\/wp\/v2\/product_brand?post=12488"},{"taxonomy":"product_cat","embeddable":true,"href":"https:\/\/legrenierdelatour.be\/brocante\/wp-json\/wp\/v2\/product_cat?post=12488"},{"taxonomy":"product_tag","embeddable":true,"href":"https:\/\/legrenierdelatour.be\/brocante\/wp-json\/wp\/v2\/product_tag?post=12488"}],"curies":[{"name":"wp","href":"https:\/\/api.w.org\/{rel}","templated":true}]}}