{"id":12478,"date":"2026-03-18T16:08:00","date_gmt":"2026-03-18T15:08:00","guid":{"rendered":"https:\/\/legrenierdelatour.be\/brocante\/?post_type=product&#038;p=12478"},"modified":"2026-03-18T16:08:00","modified_gmt":"2026-03-18T15:08:00","slug":"painture-paysage-mediterraneen-alexandrine-jacob","status":"publish","type":"product","link":"https:\/\/legrenierdelatour.be\/brocante\/produit\/painture-paysage-mediterraneen-alexandrine-jacob\/","title":{"rendered":"Painture \u00ab\u00a0Paysage m\u00e9diterran\u00e9en\u00a0\u00bb, Alexandrine Jacob"},"content":{"rendered":"<p>Peinture \u00e0 l\u2019huile (64&#215;54 cm cadre compris) repr\u00e9sentant une sc\u00e8ne de moisson, sign\u00e9e en bas \u00e0 gauche A Jacob, et contresign\u00e9e sur le cadre. Alexandrine Jacob est une artiste arlonaise qui tr\u00e8s jeune, elle est attir\u00e9e par la peinture et commence \u00e0 peintre \u00e0 18 ans au Couvent des Chanoinesses. Elle suit des cours de l\u2019Acad\u00e9mie des Beaux-Arts de Bruxelles. Appr\u00e9ci\u00e9e pour ses peintures de fleurs, on la surnomma trop souvent \u00e0 son gr\u00e9 \u00ab \u00a0le peintre des fleurs \u00bb. Elle aimait \u00e9galement les chevaux de labour, la moisson, la terre. Elle adorait travailler au couteau, en pleine p\u00e2te, dans des coloris somptueux. Elle \u00e9tait \u00e9galement une pastelliste de talent, d\u2019une sensibilit\u00e9 d\u00e9licate, et une portraitiste perspicace. D\u00e8s la fin des ann\u00e9es 1940, elle peint \u00e9galement des marines qui, selon un article de 1950, \u00ab\u00a0<i>d\u00e9passent de loin ses tableaux de fleurs, avec des couleurs attrayantes et sures. Les paysages m\u00e9diterran\u00e9ens trouvent en elle une interpr\u00e8te sensible aux lumi\u00e8res et aux teintes \u00e9clatantes. Elle atteint ici la v\u00e9rit\u00e9 picturale avec une pointe de romantisme qui a bien son charme.<\/i>\u00a0\u00bb<\/p>\n<div>R\u00e9f 48.60<\/div>\n","protected":false},"excerpt":{"rendered":"<p>Peinture \u00e0 l\u2019huile (64&#215;54 cm cadre compris) repr\u00e9sentant une sc\u00e8ne de moisson, sign\u00e9e en bas \u00e0 gauche A Jacob, et contresign\u00e9e sur le cadre. Alexandrine Jacob est une artiste arlonaise qui tr\u00e8s jeune, elle est attir\u00e9e par la peinture et commence \u00e0 peintre \u00e0 18 ans au Couvent des Chanoinesses. Elle suit des cours de&hellip;&nbsp;<a href=\"https:\/\/legrenierdelatour.be\/brocante\/produit\/painture-paysage-mediterraneen-alexandrine-jacob\/\" class=\"\" rel=\"bookmark\">Lire la suite &raquo;<span class=\"screen-reader-text\">Painture \u00ab\u00a0Paysage m\u00e9diterran\u00e9en\u00a0\u00bb, Alexandrine Jacob<\/span><\/a><\/p>\n","protected":false},"featured_media":12447,"comment_status":"open","ping_status":"closed","template":"","meta":{"neve_meta_sidebar":"","neve_meta_container":"","neve_meta_enable_content_width":"off","neve_meta_content_width":100,"neve_meta_title_alignment":"","neve_meta_author_avatar":"","neve_post_elements_order":"","neve_meta_disable_header":"","neve_meta_disable_footer":"","neve_meta_disable_title":""},"product_brand":[],"product_cat":[31,167],"product_tag":[],"class_list":{"0":"post-12478","1":"product","2":"type-product","3":"status-publish","4":"has-post-thumbnail","6":"product_cat-pays-darlon","7":"product_cat-peintures-et-sculptures","9":"first","10":"instock","11":"shipping-taxable","12":"purchasable","13":"product-type-simple"},"_links":{"self":[{"href":"https:\/\/legrenierdelatour.be\/brocante\/wp-json\/wp\/v2\/product\/12478","targetHints":{"allow":["GET"]}}],"collection":[{"href":"https:\/\/legrenierdelatour.be\/brocante\/wp-json\/wp\/v2\/product"}],"about":[{"href":"https:\/\/legrenierdelatour.be\/brocante\/wp-json\/wp\/v2\/types\/product"}],"replies":[{"embeddable":true,"href":"https:\/\/legrenierdelatour.be\/brocante\/wp-json\/wp\/v2\/comments?post=12478"}],"wp:featuredmedia":[{"embeddable":true,"href":"https:\/\/legrenierdelatour.be\/brocante\/wp-json\/wp\/v2\/media\/12447"}],"wp:attachment":[{"href":"https:\/\/legrenierdelatour.be\/brocante\/wp-json\/wp\/v2\/media?parent=12478"}],"wp:term":[{"taxonomy":"product_brand","embeddable":true,"href":"https:\/\/legrenierdelatour.be\/brocante\/wp-json\/wp\/v2\/product_brand?post=12478"},{"taxonomy":"product_cat","embeddable":true,"href":"https:\/\/legrenierdelatour.be\/brocante\/wp-json\/wp\/v2\/product_cat?post=12478"},{"taxonomy":"product_tag","embeddable":true,"href":"https:\/\/legrenierdelatour.be\/brocante\/wp-json\/wp\/v2\/product_tag?post=12478"}],"curies":[{"name":"wp","href":"https:\/\/api.w.org\/{rel}","templated":true}]}}