{"id":12477,"date":"2026-03-18T11:40:08","date_gmt":"2026-03-18T10:40:08","guid":{"rendered":"https:\/\/legrenierdelatour.be\/brocante\/?post_type=product&#038;p=12477"},"modified":"2026-03-18T11:40:08","modified_gmt":"2026-03-18T10:40:08","slug":"theiere-jaune-villeroy-boch-2","status":"publish","type":"product","link":"https:\/\/legrenierdelatour.be\/brocante\/produit\/theiere-jaune-villeroy-boch-2\/","title":{"rendered":"Th\u00e9i\u00e8re jaune, Villeroy &#038; Boch"},"content":{"rendered":"<div>Th\u00e9i\u00e8re jaune en terre \u00e0 feu (13 cm de haut), produite par Villeroy et Boch dans les ann\u00e9es 1950, comme vaisselle utilitaire.<\/div>\n<div>R\u00e9f 48.59<\/div>\n","protected":false},"excerpt":{"rendered":"<p>Th\u00e9i\u00e8re jaune en terre \u00e0 feu (13 cm de haut), produite par Villeroy et Boch dans les ann\u00e9es 1950, comme vaisselle utilitaire. R\u00e9f 48.59<\/p>\n","protected":false},"featured_media":12440,"comment_status":"open","ping_status":"closed","template":"","meta":{"neve_meta_sidebar":"","neve_meta_container":"","neve_meta_enable_content_width":"off","neve_meta_content_width":100,"neve_meta_title_alignment":"","neve_meta_author_avatar":"","neve_post_elements_order":"","neve_meta_disable_header":"","neve_meta_disable_footer":"","neve_meta_disable_title":""},"product_brand":[],"product_cat":[172,16,165,29],"product_tag":[],"class_list":{"0":"post-12477","1":"product","2":"type-product","3":"status-publish","4":"has-post-thumbnail","6":"product_cat-en-cuisine","7":"product_cat-ceramique","8":"product_cat-luxembourg","9":"product_cat-villeroy-boch","11":"first","12":"instock","13":"shipping-taxable","14":"purchasable","15":"product-type-simple"},"_links":{"self":[{"href":"https:\/\/legrenierdelatour.be\/brocante\/wp-json\/wp\/v2\/product\/12477","targetHints":{"allow":["GET"]}}],"collection":[{"href":"https:\/\/legrenierdelatour.be\/brocante\/wp-json\/wp\/v2\/product"}],"about":[{"href":"https:\/\/legrenierdelatour.be\/brocante\/wp-json\/wp\/v2\/types\/product"}],"replies":[{"embeddable":true,"href":"https:\/\/legrenierdelatour.be\/brocante\/wp-json\/wp\/v2\/comments?post=12477"}],"wp:featuredmedia":[{"embeddable":true,"href":"https:\/\/legrenierdelatour.be\/brocante\/wp-json\/wp\/v2\/media\/12440"}],"wp:attachment":[{"href":"https:\/\/legrenierdelatour.be\/brocante\/wp-json\/wp\/v2\/media?parent=12477"}],"wp:term":[{"taxonomy":"product_brand","embeddable":true,"href":"https:\/\/legrenierdelatour.be\/brocante\/wp-json\/wp\/v2\/product_brand?post=12477"},{"taxonomy":"product_cat","embeddable":true,"href":"https:\/\/legrenierdelatour.be\/brocante\/wp-json\/wp\/v2\/product_cat?post=12477"},{"taxonomy":"product_tag","embeddable":true,"href":"https:\/\/legrenierdelatour.be\/brocante\/wp-json\/wp\/v2\/product_tag?post=12477"}],"curies":[{"name":"wp","href":"https:\/\/api.w.org\/{rel}","templated":true}]}}