{"id":12476,"date":"2026-03-18T11:37:55","date_gmt":"2026-03-18T10:37:55","guid":{"rendered":"https:\/\/legrenierdelatour.be\/brocante\/?post_type=product&#038;p=12476"},"modified":"2026-03-18T11:39:01","modified_gmt":"2026-03-18T10:39:01","slug":"assiette-en-etain-virton","status":"publish","type":"product","link":"https:\/\/legrenierdelatour.be\/brocante\/produit\/assiette-en-etain-virton\/","title":{"rendered":"Assiette en \u00e9tain, Virton"},"content":{"rendered":"<p>Assiette en \u00e9tain (23 cm de diam\u00e8tre) reprenant l\u2019\u00e9cusson de Virton.<\/p>\n<div>R\u00e9f 48.56<\/div>\n","protected":false},"excerpt":{"rendered":"<p>Assiette en \u00e9tain (23 cm de diam\u00e8tre) reprenant l\u2019\u00e9cusson de Virton. R\u00e9f 48.56<\/p>\n","protected":false},"featured_media":12438,"comment_status":"open","ping_status":"closed","template":"","meta":{"neve_meta_sidebar":"","neve_meta_container":"","neve_meta_enable_content_width":"off","neve_meta_content_width":100,"neve_meta_title_alignment":"","neve_meta_author_avatar":"","neve_post_elements_order":"","neve_meta_disable_header":"","neve_meta_disable_footer":"","neve_meta_disable_title":""},"product_brand":[],"product_cat":[110,109,31],"product_tag":[],"class_list":{"0":"post-12476","1":"product","2":"type-product","3":"status-publish","4":"has-post-thumbnail","6":"product_cat-etain","7":"product_cat-metal","8":"product_cat-pays-darlon","10":"first","11":"instock","12":"shipping-taxable","13":"purchasable","14":"product-type-simple"},"_links":{"self":[{"href":"https:\/\/legrenierdelatour.be\/brocante\/wp-json\/wp\/v2\/product\/12476","targetHints":{"allow":["GET"]}}],"collection":[{"href":"https:\/\/legrenierdelatour.be\/brocante\/wp-json\/wp\/v2\/product"}],"about":[{"href":"https:\/\/legrenierdelatour.be\/brocante\/wp-json\/wp\/v2\/types\/product"}],"replies":[{"embeddable":true,"href":"https:\/\/legrenierdelatour.be\/brocante\/wp-json\/wp\/v2\/comments?post=12476"}],"wp:featuredmedia":[{"embeddable":true,"href":"https:\/\/legrenierdelatour.be\/brocante\/wp-json\/wp\/v2\/media\/12438"}],"wp:attachment":[{"href":"https:\/\/legrenierdelatour.be\/brocante\/wp-json\/wp\/v2\/media?parent=12476"}],"wp:term":[{"taxonomy":"product_brand","embeddable":true,"href":"https:\/\/legrenierdelatour.be\/brocante\/wp-json\/wp\/v2\/product_brand?post=12476"},{"taxonomy":"product_cat","embeddable":true,"href":"https:\/\/legrenierdelatour.be\/brocante\/wp-json\/wp\/v2\/product_cat?post=12476"},{"taxonomy":"product_tag","embeddable":true,"href":"https:\/\/legrenierdelatour.be\/brocante\/wp-json\/wp\/v2\/product_tag?post=12476"}],"curies":[{"name":"wp","href":"https:\/\/api.w.org\/{rel}","templated":true}]}}