{"id":12475,"date":"2026-03-18T11:36:38","date_gmt":"2026-03-18T10:36:38","guid":{"rendered":"https:\/\/legrenierdelatour.be\/brocante\/?post_type=product&#038;p=12475"},"modified":"2026-03-18T11:36:38","modified_gmt":"2026-03-18T10:36:38","slug":"cendrier-jaune-maryland-villeroy-boch","status":"publish","type":"product","link":"https:\/\/legrenierdelatour.be\/brocante\/produit\/cendrier-jaune-maryland-villeroy-boch\/","title":{"rendered":"Cendrier jaune Maryland, Villeroy &#038; Boch"},"content":{"rendered":"<div>Cendrier ovo\u00efde jaune p\u00e2le (19 cm de long) pour les cigarettes luxembourgeoises Maryland \u00ab\u00a0Ons Cigarette\u00a0\u00bb , de la manufacture Van Landewyck. Il a \u00e9t\u00e9 produit dans les ann\u00e9es 1970 par Villeroy &amp; Boch Luxembourg.<\/div>\n<div>R\u00e9f 48.55<\/div>\n","protected":false},"excerpt":{"rendered":"<p>Cendrier ovo\u00efde jaune p\u00e2le (19 cm de long) pour les cigarettes luxembourgeoises Maryland \u00ab\u00a0Ons Cigarette\u00a0\u00bb , de la manufacture Van Landewyck. Il a \u00e9t\u00e9 produit dans les ann\u00e9es 1970 par Villeroy &amp; Boch Luxembourg. R\u00e9f 48.55<\/p>\n","protected":false},"featured_media":12434,"comment_status":"open","ping_status":"closed","template":"","meta":{"neve_meta_sidebar":"","neve_meta_container":"","neve_meta_enable_content_width":"off","neve_meta_content_width":100,"neve_meta_title_alignment":"","neve_meta_author_avatar":"","neve_post_elements_order":"","neve_meta_disable_header":"","neve_meta_disable_footer":"","neve_meta_disable_title":""},"product_brand":[],"product_cat":[16,165,173,29],"product_tag":[],"class_list":{"0":"post-12475","1":"product","2":"type-product","3":"status-publish","4":"has-post-thumbnail","6":"product_cat-ceramique","7":"product_cat-luxembourg","8":"product_cat-objets-de-publicite","9":"product_cat-villeroy-boch","11":"first","12":"instock","13":"shipping-taxable","14":"purchasable","15":"product-type-simple"},"_links":{"self":[{"href":"https:\/\/legrenierdelatour.be\/brocante\/wp-json\/wp\/v2\/product\/12475","targetHints":{"allow":["GET"]}}],"collection":[{"href":"https:\/\/legrenierdelatour.be\/brocante\/wp-json\/wp\/v2\/product"}],"about":[{"href":"https:\/\/legrenierdelatour.be\/brocante\/wp-json\/wp\/v2\/types\/product"}],"replies":[{"embeddable":true,"href":"https:\/\/legrenierdelatour.be\/brocante\/wp-json\/wp\/v2\/comments?post=12475"}],"wp:featuredmedia":[{"embeddable":true,"href":"https:\/\/legrenierdelatour.be\/brocante\/wp-json\/wp\/v2\/media\/12434"}],"wp:attachment":[{"href":"https:\/\/legrenierdelatour.be\/brocante\/wp-json\/wp\/v2\/media?parent=12475"}],"wp:term":[{"taxonomy":"product_brand","embeddable":true,"href":"https:\/\/legrenierdelatour.be\/brocante\/wp-json\/wp\/v2\/product_brand?post=12475"},{"taxonomy":"product_cat","embeddable":true,"href":"https:\/\/legrenierdelatour.be\/brocante\/wp-json\/wp\/v2\/product_cat?post=12475"},{"taxonomy":"product_tag","embeddable":true,"href":"https:\/\/legrenierdelatour.be\/brocante\/wp-json\/wp\/v2\/product_tag?post=12475"}],"curies":[{"name":"wp","href":"https:\/\/api.w.org\/{rel}","templated":true}]}}